{"id":5693,"date":"2024-01-26T16:31:56","date_gmt":"2024-01-26T15:31:56","guid":{"rendered":"https:\/\/schupp.ch\/p\/coulisseau-dextremite-de-rainure\/"},"modified":"2025-11-28T13:14:23","modified_gmt":"2025-11-28T12:14:23","slug":"coulisseau-dextremite-de-rainure","status":"publish","type":"product","link":"https:\/\/schupp.ch\/fr\/p\/coulisseau-dextremite-de-rainure\/","title":{"rendered":"Fermetures d\u2018encoche"},"content":{"rendered":"<p>&nbsp;<\/p>\n<p><strong>Classe thermique:<\/strong><br \/>\nF (155\u00b0C)<\/p>\n<p><strong>Mat\u00e9riaux:<br \/>\n<\/strong>Nomex\u00ae 80\u00b5m \/ Mylar\u00ae \/ Nomex\u00ae 80 \u00b5m, \u00c9paisseur 0,36 mm, longueur 1000 mm<br \/>\nTr\u00e8s bonne stabilit\u00e9 des formes, surface lisse<\/p>\n<p><strong>Conditionnement:<br \/>\n<\/strong>Toutes les sortes de fermetures d\u2018encoche ont une longueur de 1000 mm, emball\u00e9es dans des sacs en plastique d\u2018une contenance de 100 m\u00e8tres.<\/p>\n<p>&nbsp;<\/p>\n<p><strong>Dimensions :<\/strong><\/p>\n<table>\n<tbody>\n<tr>\n<td colspan=\"2\" width=\"114\"><strong>N\u00b0 d&rsquo;art.<\/strong><\/td>\n<td width=\"154\">Largeur d\u00e9pli\u00e9e x pli ext\u00e9rieur [mm]<\/td>\n<td width=\"89\"><\/td>\n<td colspan=\"2\" width=\"116\"><strong>N\u00b0 d&rsquo;art.<\/strong><\/td>\n<td width=\"168\">Largeur d\u00e9pli\u00e9e x pli ext\u00e9rieur [mm]<\/td>\n<\/tr>\n<tr>\n<td width=\"89\"><strong>DSF1025<\/strong><\/td>\n<td width=\"25\"><span style=\"color: #00ff00;\">\u2666<\/span><\/td>\n<td width=\"154\">10 x 2,5<\/td>\n<td width=\"89\"><\/td>\n<td width=\"92\"><strong>DSF1755<\/strong><\/td>\n<td width=\"25\"><span style=\"color: #00ff00;\">\u2666<\/span><\/td>\n<td width=\"168\">17 x 5,5<\/td>\n<\/tr>\n<tr>\n<td width=\"89\"><strong>DSF1125<\/strong><\/td>\n<td width=\"25\"><span style=\"color: #00ff00;\">\u2666<\/span><\/td>\n<td width=\"154\">11 x 2,5<\/td>\n<td width=\"89\"><\/td>\n<td width=\"92\"><strong>DSF1860<\/strong><\/td>\n<td width=\"25\"><span style=\"color: #00ff00;\">\u2666<\/span><\/td>\n<td width=\"168\">18 x 6,0<\/td>\n<\/tr>\n<tr>\n<td width=\"89\"><strong>DSF1230<\/strong><\/td>\n<td width=\"25\"><span style=\"color: #00ff00;\">\u2666<\/span><\/td>\n<td width=\"154\">12 x 3,0<\/td>\n<td width=\"89\"><\/td>\n<td width=\"92\"><strong>DSF1965<\/strong><\/td>\n<td width=\"25\"><span style=\"color: #00ff00;\">\u2666<\/span><\/td>\n<td width=\"168\">19 x 6,5<\/td>\n<\/tr>\n<tr>\n<td width=\"89\"><strong>DSF1335<\/strong><\/td>\n<td width=\"25\"><span style=\"color: #00ff00;\">\u2666<\/span><\/td>\n<td width=\"154\">13 x 3,5<\/td>\n<td width=\"89\"><\/td>\n<td width=\"92\"><strong>DSF2070<\/strong><\/td>\n<td width=\"25\"><span style=\"color: #00ff00;\">\u2666<\/span><\/td>\n<td width=\"168\">20 x 7,0<\/td>\n<\/tr>\n<tr>\n<td width=\"89\"><strong>DSF1440<\/strong><\/td>\n<td width=\"25\"><span style=\"color: #00ff00;\">\u2666<\/span><\/td>\n<td width=\"154\">14 x 4,0<\/td>\n<td width=\"89\"><\/td>\n<td width=\"92\"><strong>DSF2280<\/strong><\/td>\n<td width=\"25\"><span style=\"color: #00ff00;\">\u2666<\/span><\/td>\n<td width=\"168\">22 x 8,0<\/td>\n<\/tr>\n<tr>\n<td width=\"89\"><strong>DSF1545<\/strong><\/td>\n<td width=\"25\"><span style=\"color: #00ff00;\">\u2666<\/span><\/td>\n<td width=\"154\">15 x 4,5<\/td>\n<td width=\"89\"><\/td>\n<td width=\"92\"><strong>DSF2490<\/strong><\/td>\n<td width=\"25\"><span style=\"color: #00ff00;\">\u2666<\/span><\/td>\n<td width=\"168\">24 x 9,0<\/td>\n<\/tr>\n<tr>\n<td width=\"89\"><strong>DSF1650<\/strong><\/td>\n<td width=\"25\"><span style=\"color: #00ff00;\">\u2666<\/span><\/td>\n<td width=\"154\">16 x 5,0<\/td>\n<td width=\"89\"><\/td>\n<td width=\"92\"><strong>DSF2610<\/strong><\/td>\n<td width=\"25\"><span style=\"color: #00ff00;\">\u2666<\/span><\/td>\n<td width=\"168\">26 x 10<\/td>\n<\/tr>\n<\/tbody>\n<\/table>\n<p><span style=\"color: #00ff00;\">\u2666<\/span> en stock<\/p>\n<p>&nbsp;<\/p>\n<p><a href=\"https:\/\/schupp.ch\/fr\/p\/dessins-cotes-des-pieces-moulees-isolantes-pour-moteurs-electriques\/\">Lien vers le formulaire pour les informations relatives aux pi\u00e8ces moul\u00e9es isolantes avec des dimensions individuelles.<\/a><\/p>\n<p>&nbsp;<\/p>\n","protected":false},"excerpt":{"rendered":"<p>&nbsp;<\/p>\n<h5>Nous vous proposons des fermetures d&rsquo;encoche standardis\u00e9s au m\u00e8tre dans les classes thermiques F et H. Nous proposons \u00e9galement des fermetures d&rsquo;encoche sur mesure selon les desins fournis par le client.<\/h5>\n<p>&nbsp;<\/p>\n","protected":false},"featured_media":2093,"template":"","meta":{"_acf_changed":false},"product_brand":[],"product_cat":[142,223],"product_tag":[],"class_list":{"0":"post-5693","1":"product","2":"type-product","3":"status-publish","4":"has-post-thumbnail","6":"product_cat-technique-de-bobinage","7":"product_cat-cales-d-encoche","9":"first","10":"instock","11":"shipping-taxable","12":"purchasable","13":"product-type-simple"},"acf":[],"_links":{"self":[{"href":"https:\/\/schupp.ch\/fr\/wp-json\/wp\/v2\/product\/5693","targetHints":{"allow":["GET"]}}],"collection":[{"href":"https:\/\/schupp.ch\/fr\/wp-json\/wp\/v2\/product"}],"about":[{"href":"https:\/\/schupp.ch\/fr\/wp-json\/wp\/v2\/types\/product"}],"wp:featuredmedia":[{"embeddable":true,"href":"https:\/\/schupp.ch\/fr\/wp-json\/wp\/v2\/media\/2093"}],"wp:attachment":[{"href":"https:\/\/schupp.ch\/fr\/wp-json\/wp\/v2\/media?parent=5693"}],"wp:term":[{"taxonomy":"product_brand","embeddable":true,"href":"https:\/\/schupp.ch\/fr\/wp-json\/wp\/v2\/product_brand?post=5693"},{"taxonomy":"product_cat","embeddable":true,"href":"https:\/\/schupp.ch\/fr\/wp-json\/wp\/v2\/product_cat?post=5693"},{"taxonomy":"product_tag","embeddable":true,"href":"https:\/\/schupp.ch\/fr\/wp-json\/wp\/v2\/product_tag?post=5693"}],"curies":[{"name":"wp","href":"https:\/\/api.w.org\/{rel}","templated":true}]}}