{"id":5694,"date":"2024-01-26T16:26:00","date_gmt":"2024-01-26T15:26:00","guid":{"rendered":"https:\/\/schupp.ch\/p\/rubans-de-coton\/"},"modified":"2025-11-16T19:54:25","modified_gmt":"2025-11-16T18:54:25","slug":"rubans-de-coton","status":"publish","type":"product","link":"https:\/\/schupp.ch\/fr\/p\/rubans-de-coton\/","title":{"rendered":"Rubans de coton"},"content":{"rendered":"<p>&nbsp;<\/p>\n<h5>Donn\u00e9es technique<\/h5>\n<p>&nbsp;<\/p>\n<p><strong>Mat\u00e9riau:<br \/>\n<\/strong>100 % coton<\/p>\n<p><strong>Classe thermique :<br \/>\n<\/strong>E (120\u00b0C) avec fil d&rsquo;identification<\/p>\n<p><strong>Traitement :<br \/>\n<\/strong>Calandr\u00e9<\/p>\n<p><strong>Armure :<br \/>\n<\/strong>L 1\/1<\/p>\n<p><strong>Epaisseur :<br \/>\n<\/strong>0,22 \u00e0 0,25 mm<\/p>\n<p><strong>Cha\u00eene :<br \/>\n<\/strong>Environ 25 fils par cm largeur de bande<\/p>\n<p><strong>Trame :<br \/>\n<\/strong>10 trames par cm<\/p>\n<p><strong>Conditionnement :<br \/>\n<\/strong>Rouleaux de 100 m, Diam\u00e8tre int\u00e9rieur du noyau du rouleau 20 mm<\/p>\n<p>&nbsp;<\/p>\n<table>\n<tbody>\n<tr>\n<td colspan=\"2\" width=\"101\"><strong>Art. No.<\/strong><\/td>\n<td width=\"69\">N\u00b0 de type<\/td>\n<td width=\"112\">Largeur [mm]<\/td>\n<td width=\"106\">Rouleaux de [m]<\/td>\n<\/tr>\n<tr>\n<td width=\"85\"><strong>WBBW25\/15<\/strong><\/td>\n<td width=\"16\"><span style=\"color: #ff6600;\">\u2666<\/span><\/td>\n<td width=\"69\">3327<\/td>\n<td width=\"112\">15<\/td>\n<td width=\"106\">100<\/td>\n<\/tr>\n<tr>\n<td width=\"85\"><strong>WBBW25\/20<\/strong><\/td>\n<td width=\"16\"><span style=\"color: #ff6600;\">\u2666<\/span><\/td>\n<td width=\"69\">3327<\/td>\n<td width=\"112\">20<\/td>\n<td width=\"106\">100<\/td>\n<\/tr>\n<tr>\n<td width=\"85\"><strong>WBBW25\/25<\/strong><\/td>\n<td width=\"16\"><span style=\"color: #ff6600;\">\u2666<\/span><\/td>\n<td width=\"69\">3327<\/td>\n<td width=\"112\">25<\/td>\n<td width=\"106\">100<\/td>\n<\/tr>\n<tr>\n<td width=\"85\"><strong>WBBW25\/30<\/strong><\/td>\n<td width=\"16\"><span style=\"color: #ff6600;\">\u2666<\/span><\/td>\n<td width=\"69\">3327<\/td>\n<td width=\"112\">30<\/td>\n<td width=\"106\">100<\/td>\n<\/tr>\n<tr>\n<td width=\"85\"><strong>WBBW25\/40<\/strong><\/td>\n<td width=\"16\"><span style=\"color: #ff6600;\">\u2666<\/span><\/td>\n<td width=\"69\">3327<\/td>\n<td width=\"112\">40<\/td>\n<td width=\"106\">100<\/td>\n<\/tr>\n<\/tbody>\n<\/table>\n<p>\u2666 <span style=\"color: #ff6600;\">su<\/span>r demande<\/p>\n<p>&nbsp;<\/p>\n","protected":false},"excerpt":{"rendered":"<p>&nbsp;<\/p>\n<h5>Cette bande en coton a une grande r\u00e9sistance \u00e0 la d\u00e9chirure et convient donc parfaitement aux t\u00eates d&rsquo;enroulement des moteurs de grande taille.<\/h5>\n<p>&nbsp;<\/p>\n<p>&nbsp;<\/p>\n<p>&nbsp;<\/p>\n","protected":false},"featured_media":2082,"template":"","meta":{"_acf_changed":false},"product_brand":[],"product_cat":[165,221],"product_tag":[],"class_list":{"0":"post-5694","1":"product","2":"type-product","3":"status-publish","4":"has-post-thumbnail","6":"product_cat-bandes-techniques","7":"product_cat-rubans-demballage","9":"first","10":"instock","11":"shipping-taxable","12":"purchasable","13":"product-type-simple"},"acf":[],"_links":{"self":[{"href":"https:\/\/schupp.ch\/fr\/wp-json\/wp\/v2\/product\/5694","targetHints":{"allow":["GET"]}}],"collection":[{"href":"https:\/\/schupp.ch\/fr\/wp-json\/wp\/v2\/product"}],"about":[{"href":"https:\/\/schupp.ch\/fr\/wp-json\/wp\/v2\/types\/product"}],"wp:featuredmedia":[{"embeddable":true,"href":"https:\/\/schupp.ch\/fr\/wp-json\/wp\/v2\/media\/2082"}],"wp:attachment":[{"href":"https:\/\/schupp.ch\/fr\/wp-json\/wp\/v2\/media?parent=5694"}],"wp:term":[{"taxonomy":"product_brand","embeddable":true,"href":"https:\/\/schupp.ch\/fr\/wp-json\/wp\/v2\/product_brand?post=5694"},{"taxonomy":"product_cat","embeddable":true,"href":"https:\/\/schupp.ch\/fr\/wp-json\/wp\/v2\/product_cat?post=5694"},{"taxonomy":"product_tag","embeddable":true,"href":"https:\/\/schupp.ch\/fr\/wp-json\/wp\/v2\/product_tag?post=5694"}],"curies":[{"name":"wp","href":"https:\/\/api.w.org\/{rel}","templated":true}]}}