{"id":5695,"date":"2024-01-26T16:38:29","date_gmt":"2024-01-26T15:38:29","guid":{"rendered":"https:\/\/schupp.ch\/p\/cales-a-rainures-semi-circulaires-en-bois\/"},"modified":"2025-11-28T13:22:51","modified_gmt":"2025-11-28T12:22:51","slug":"cales-a-rainures-semi-circulaires-en-bois","status":"publish","type":"product","link":"https:\/\/schupp.ch\/fr\/p\/cales-a-rainures-semi-circulaires-en-bois\/","title":{"rendered":"Cales d\u2019encoche en bois"},"content":{"rendered":"<p>&nbsp;<\/p>\n<p><strong>Mat\u00e9riau:<br \/>\n<\/strong>Bois d\u2018h\u00eatre<\/p>\n<p><strong>Conditionnement:<br \/>\n<\/strong>Faisceaux de 100 m\u00e8tres<\/p>\n<p>&nbsp;<\/p>\n<table>\n<tbody>\n<tr>\n<td colspan=\"2\" width=\"121\"><strong>N\u00b0 d&rsquo;Art.<\/strong><\/td>\n<td width=\"55\">Largeur x hauteur [mm]<\/td>\n<td colspan=\"2\" width=\"124\"><strong>N\u00b0 d&rsquo;Art.<\/strong><\/td>\n<td width=\"55\">Largeur x hauteur [mm]<\/td>\n<td colspan=\"2\" width=\"133\"><strong>N\u00b0 d&rsquo;Art.<\/strong><\/td>\n<td width=\"55\">Largeur x hauteur [mm]<\/td>\n<\/tr>\n<tr>\n<td width=\"82\"><strong>NKH2015<\/strong><\/td>\n<td width=\"40\"><strong>*<\/strong><\/td>\n<td width=\"55\">2,0 x 1,5<\/td>\n<td width=\"82\"><strong>NKH5025<\/strong><\/td>\n<td width=\"42\">\u2666<\/td>\n<td width=\"55\">5,0 x 2,5<\/td>\n<td width=\"90\"><strong>NKH7030<\/strong><\/td>\n<td width=\"42\">\u2666<\/td>\n<td width=\"55\">7,0 x 3,0<\/td>\n<\/tr>\n<tr>\n<td width=\"82\"><strong>NKH2525<\/strong><\/td>\n<td width=\"40\">\u2666<\/td>\n<td width=\"55\">2,5 x 2,5<\/td>\n<td width=\"82\"><strong>NKH5030<\/strong><\/td>\n<td width=\"42\">\u2666<\/td>\n<td width=\"55\">5,0 x 3,0<\/td>\n<td width=\"90\"><strong>NKH7035<\/strong><\/td>\n<td width=\"42\"><strong>*<\/strong><\/td>\n<td width=\"55\">7,0 x 3,5<\/td>\n<\/tr>\n<tr>\n<td width=\"82\"><strong>NKH3015<\/strong><\/td>\n<td width=\"40\"><strong>*<\/strong><\/td>\n<td width=\"55\">3,0 x 1,5<\/td>\n<td width=\"82\"><strong>NKH5050<\/strong><\/td>\n<td width=\"42\">\u2666<\/td>\n<td width=\"55\">5,0 x 5,0<\/td>\n<td width=\"90\"><strong>NKH7040<\/strong><\/td>\n<td width=\"42\">\u2666<\/td>\n<td width=\"55\">7,0 x 4,0<\/td>\n<\/tr>\n<tr>\n<td width=\"82\"><strong>NKH3020<\/strong><\/td>\n<td width=\"40\">\u2666<\/td>\n<td width=\"55\">3,0 x 2,0<\/td>\n<td width=\"82\"><strong>NKH5530<\/strong><\/td>\n<td width=\"42\"><strong>*<\/strong><\/td>\n<td width=\"55\">5,5 x 3,0<\/td>\n<td width=\"90\"><strong>NKH7050<\/strong><\/td>\n<td width=\"42\">\u2666<\/td>\n<td width=\"55\">7,0 x 5,0<\/td>\n<\/tr>\n<tr>\n<td width=\"82\"><strong>NKH3025<\/strong><\/td>\n<td width=\"40\">\u2666<\/td>\n<td width=\"55\">3,0 x 2,5<\/td>\n<td width=\"82\"><strong>NKH5550<\/strong><\/td>\n<td width=\"42\"><strong>*<\/strong><\/td>\n<td width=\"55\">5,5 x 5,0<\/td>\n<td width=\"90\"><strong>NKH8020<\/strong><\/td>\n<td width=\"42\"><strong>*<\/strong><\/td>\n<td width=\"55\">8,0 x 2,0<\/td>\n<\/tr>\n<tr>\n<td width=\"82\"><strong>NKH3030<\/strong><\/td>\n<td width=\"40\">\u2666<\/td>\n<td width=\"55\">3,0 x 3,0<\/td>\n<td width=\"82\"><strong>NKH6020<\/strong><\/td>\n<td width=\"42\">\u2666<\/td>\n<td width=\"55\">6,0 x 2,0<\/td>\n<td width=\"90\"><strong>NKH8025<\/strong><\/td>\n<td width=\"42\"><strong>*<\/strong><\/td>\n<td width=\"55\">8,0 x 2,5<\/td>\n<\/tr>\n<tr>\n<td width=\"82\"><strong>NKH3520<\/strong><\/td>\n<td width=\"40\"><strong>*<\/strong><\/td>\n<td width=\"55\">3,5 x 2,0<\/td>\n<td width=\"82\"><strong>NKH6025<\/strong><\/td>\n<td width=\"42\"><strong>*<\/strong><\/td>\n<td width=\"55\">6,0 x 2,5<\/td>\n<td width=\"90\"><strong>NKH8030<\/strong><\/td>\n<td width=\"42\">\u2666<\/td>\n<td width=\"55\">8,0 x 3,0<\/td>\n<\/tr>\n<tr>\n<td width=\"82\"><strong>NKH4020<\/strong><\/td>\n<td width=\"40\">\u2666<\/td>\n<td width=\"55\">4,0 x 2,0<\/td>\n<td width=\"82\"><strong>NKH6030<\/strong><\/td>\n<td width=\"42\">\u2666<\/td>\n<td width=\"55\">6,0 x 3,0<\/td>\n<td width=\"90\"><strong>NKH8040<\/strong><\/td>\n<td width=\"42\">\u2666<\/td>\n<td width=\"55\">8,0 x 4,0<\/td>\n<\/tr>\n<tr>\n<td width=\"82\"><strong>NKH4025<\/strong><\/td>\n<td width=\"40\">\u2666<\/td>\n<td width=\"55\">4,0 x 2,5<\/td>\n<td width=\"82\"><strong>NKH6040<\/strong><\/td>\n<td width=\"42\">\u2666<\/td>\n<td width=\"55\">6,0 x 4,0<\/td>\n<td width=\"90\"><strong>NKH8050<\/strong><\/td>\n<td width=\"42\"><strong>*<\/strong><\/td>\n<td width=\"55\">8,0 x 5,0<\/td>\n<\/tr>\n<tr>\n<td width=\"82\"><strong>NKH4030<\/strong><\/td>\n<td width=\"40\">\u2666<\/td>\n<td width=\"55\">4,0 x 3,0<\/td>\n<td width=\"82\"><strong>NKH6045<\/strong><\/td>\n<td width=\"42\"><strong>*<\/strong><\/td>\n<td width=\"55\">6,0 x 4,5<\/td>\n<td width=\"90\"><strong>NKH9025<\/strong><\/td>\n<td width=\"42\"><strong>*<\/strong><\/td>\n<td width=\"55\">9,0 x 2,5<\/td>\n<\/tr>\n<tr>\n<td width=\"82\"><strong>NKH4035<\/strong><\/td>\n<td width=\"40\"><strong>*<\/strong><\/td>\n<td width=\"55\">4,0 x 3,5<\/td>\n<td width=\"82\"><strong>NKH6050<\/strong><\/td>\n<td width=\"42\">\u2666 l<\/td>\n<td width=\"55\">6,0 x 5,0<\/td>\n<td width=\"90\"><strong>NKH9050<\/strong><\/td>\n<td width=\"42\">\u2666<\/td>\n<td width=\"55\">9,0 x 5,0<\/td>\n<\/tr>\n<tr>\n<td width=\"82\"><strong>NKH4040<\/strong><\/td>\n<td width=\"40\">\u2666<\/td>\n<td width=\"55\">4,0 x 4,0<\/td>\n<td width=\"82\"><strong>NKH6060<\/strong><\/td>\n<td width=\"42\">\u2666<\/td>\n<td width=\"55\">6,0 x 6,0<\/td>\n<td width=\"90\"><strong>NKH10050<\/strong><\/td>\n<td width=\"42\">\u2666<\/td>\n<td width=\"55\">10,0 x 5,0<\/td>\n<\/tr>\n<tr>\n<td width=\"82\"><strong>NKH4520<\/strong><\/td>\n<td width=\"40\"><strong>*<\/strong><\/td>\n<td width=\"55\">4,5 X 2,0<\/td>\n<td width=\"82\"><strong>NKH7020<\/strong><\/td>\n<td width=\"42\">\u2666<\/td>\n<td width=\"55\">7,0 x 2,0<\/td>\n<td width=\"90\"><strong>NKH11055<\/strong><\/td>\n<td width=\"42\"><strong>*<\/strong><\/td>\n<td width=\"55\">11,0 x 5,5<\/td>\n<\/tr>\n<tr>\n<td width=\"82\"><strong>NKH4540<\/strong><\/td>\n<td width=\"40\"><strong>*<\/strong><\/td>\n<td width=\"55\">4,5 x 4,0<\/td>\n<td width=\"82\"><strong>NKH7025<\/strong><\/td>\n<td width=\"42\"><strong>*<\/strong><\/td>\n<td width=\"55\">7,0 x 2,5<\/td>\n<td width=\"90\"><strong>NKH12060<\/strong><\/td>\n<td width=\"42\"><strong>*<\/strong><\/td>\n<td width=\"55\">12,0 x 6,0<\/td>\n<\/tr>\n<\/tbody>\n<\/table>\n<p>&nbsp;<\/p>\n<p>\u2666 en stock<\/p>\n<p><strong>* <\/strong>pas d&rsquo;article en stock, quantit\u00e9 minimale de commande = 1000 m<\/p>\n<p>&nbsp;<\/p>\n","protected":false},"excerpt":{"rendered":"<p>&nbsp;<\/p>\n<h5>Les cales d\u2019encoche sont utilis\u00e9es dans la construction de moteurs \u00e9lectriques et de g\u00e9n\u00e9rateurs pour fermer les rainures. Pour la fabrication des cales d\u2019encoche on utilise g\u00e9n\u00e9ralement des mat\u00e9riaux renforc\u00e9s de fibres de verre (classe H) ou, si n\u00e9cessaire, des cales d\u2019encoche en bois de h\u00eatre dans les classes de temp\u00e9rature inf\u00e9rieures.<\/h5>\n<p>&nbsp;<\/p>\n<p>&nbsp;<\/p>\n","protected":false},"featured_media":2097,"template":"","meta":{"_acf_changed":false},"product_brand":[],"product_cat":[142,225],"product_tag":[],"class_list":{"0":"post-5695","1":"product","2":"type-product","3":"status-publish","4":"has-post-thumbnail","6":"product_cat-technique-de-bobinage","7":"product_cat-fermetures-d-encoche","9":"first","10":"instock","11":"shipping-taxable","12":"purchasable","13":"product-type-simple"},"acf":[],"_links":{"self":[{"href":"https:\/\/schupp.ch\/fr\/wp-json\/wp\/v2\/product\/5695","targetHints":{"allow":["GET"]}}],"collection":[{"href":"https:\/\/schupp.ch\/fr\/wp-json\/wp\/v2\/product"}],"about":[{"href":"https:\/\/schupp.ch\/fr\/wp-json\/wp\/v2\/types\/product"}],"wp:featuredmedia":[{"embeddable":true,"href":"https:\/\/schupp.ch\/fr\/wp-json\/wp\/v2\/media\/2097"}],"wp:attachment":[{"href":"https:\/\/schupp.ch\/fr\/wp-json\/wp\/v2\/media?parent=5695"}],"wp:term":[{"taxonomy":"product_brand","embeddable":true,"href":"https:\/\/schupp.ch\/fr\/wp-json\/wp\/v2\/product_brand?post=5695"},{"taxonomy":"product_cat","embeddable":true,"href":"https:\/\/schupp.ch\/fr\/wp-json\/wp\/v2\/product_cat?post=5695"},{"taxonomy":"product_tag","embeddable":true,"href":"https:\/\/schupp.ch\/fr\/wp-json\/wp\/v2\/product_tag?post=5695"}],"curies":[{"name":"wp","href":"https:\/\/api.w.org\/{rel}","templated":true}]}}