{"id":5696,"date":"2024-01-26T16:27:44","date_gmt":"2024-01-26T15:27:44","guid":{"rendered":"https:\/\/schupp.ch\/p\/rubans-de-ligature-de-la-tete-denroulement\/"},"modified":"2025-11-16T20:54:24","modified_gmt":"2025-11-16T19:54:24","slug":"rubans-de-ligature-de-la-tete-denroulement","status":"publish","type":"product","link":"https:\/\/schupp.ch\/fr\/p\/rubans-de-ligature-de-la-tete-denroulement\/","title":{"rendered":"Rubans RT-A de t\u00eate de bobine"},"content":{"rendered":"<p>&nbsp;<\/p>\n<h5>Donn\u00e9s techniques<\/h5>\n<p>&nbsp;<\/p>\n<p><strong>Mat\u00e9riau:<\/strong><br \/>\nFils parall\u00e8les en cordon de soie artificielle<\/p>\n<p><strong>Classe de temp\u00e9rature:<\/strong><br \/>\nF (155\u00b0C)<\/p>\n<p>&nbsp;<\/p>\n<table width=\"640\">\n<tbody>\n<tr>\n<td colspan=\"2\" width=\"104\"><strong>Num\u00e9ro principal<\/strong><\/td>\n<td width=\"70\">Type<\/td>\n<td width=\"89\">\u00c9paisseur [mm]<\/td>\n<td width=\"80\">Largeur [mm]<\/td>\n<td width=\"87\">Bobine \u00e0 [m]<\/td>\n<\/tr>\n<tr>\n<td width=\"79\"><strong>WBWA05<\/strong><\/td>\n<td width=\"23\">\u2666<\/td>\n<td width=\"70\">RT-A 11<\/td>\n<td width=\"89\">0,25<\/td>\n<td width=\"80\">5<\/td>\n<td width=\"87\">500<\/td>\n<\/tr>\n<tr>\n<td width=\"79\"><strong>WBWA08<\/strong><\/td>\n<td width=\"23\">\u2666<\/td>\n<td width=\"70\">RT-A 16<\/td>\n<td width=\"89\">0,25<\/td>\n<td width=\"80\">8<\/td>\n<td width=\"87\">350<\/td>\n<\/tr>\n<tr>\n<td width=\"79\"><strong>WBWA10<\/strong><\/td>\n<td width=\"23\">\u2666<\/td>\n<td width=\"70\">RT-A 18<\/td>\n<td width=\"89\">0,25<\/td>\n<td width=\"80\">10<\/td>\n<td width=\"87\">300<\/td>\n<\/tr>\n<\/tbody>\n<\/table>\n<p><span style=\"color: #00ff00;\">\u2666<\/span> en stock<\/p>\n<p>autres largeurs sur demande<\/p>\n<p>&nbsp;<\/p>\n","protected":false},"excerpt":{"rendered":"<p>&nbsp;<\/p>\n<h5>Le ruban de t\u00eate de bobine RT-A convient parfaitement au bandage et \u00e0 la fermeture dans la construction de moteurs \u00e9lectriques et de transformateurs. Gr\u00e2ce \u00e0 la soie artificielle, le ruban atteint une tr\u00e8s grande r\u00e9sistance \u00e0 la d\u00e9chirure. Les rubans sont largement insensibles aux influences de l&rsquo;oxydation, des acides et des bact\u00e9ries et ont une r\u00e9sistance \u00e9lev\u00e9e et durable \u00e0 la temp\u00e9rature.<\/h5>\n<p>&nbsp;<\/p>\n","protected":false},"featured_media":2086,"template":"","meta":{"_acf_changed":false},"product_brand":[],"product_cat":[221,165],"product_tag":[],"class_list":{"0":"post-5696","1":"product","2":"type-product","3":"status-publish","4":"has-post-thumbnail","6":"product_cat-rubans-demballage","7":"product_cat-bandes-techniques","9":"first","10":"instock","11":"shipping-taxable","12":"purchasable","13":"product-type-simple"},"acf":[],"_links":{"self":[{"href":"https:\/\/schupp.ch\/fr\/wp-json\/wp\/v2\/product\/5696","targetHints":{"allow":["GET"]}}],"collection":[{"href":"https:\/\/schupp.ch\/fr\/wp-json\/wp\/v2\/product"}],"about":[{"href":"https:\/\/schupp.ch\/fr\/wp-json\/wp\/v2\/types\/product"}],"wp:featuredmedia":[{"embeddable":true,"href":"https:\/\/schupp.ch\/fr\/wp-json\/wp\/v2\/media\/2086"}],"wp:attachment":[{"href":"https:\/\/schupp.ch\/fr\/wp-json\/wp\/v2\/media?parent=5696"}],"wp:term":[{"taxonomy":"product_brand","embeddable":true,"href":"https:\/\/schupp.ch\/fr\/wp-json\/wp\/v2\/product_brand?post=5696"},{"taxonomy":"product_cat","embeddable":true,"href":"https:\/\/schupp.ch\/fr\/wp-json\/wp\/v2\/product_cat?post=5696"},{"taxonomy":"product_tag","embeddable":true,"href":"https:\/\/schupp.ch\/fr\/wp-json\/wp\/v2\/product_tag?post=5696"}],"curies":[{"name":"wp","href":"https:\/\/api.w.org\/{rel}","templated":true}]}}