{"id":5697,"date":"2024-01-26T16:40:51","date_gmt":"2024-01-26T15:40:51","guid":{"rendered":"https:\/\/schupp.ch\/p\/cales-a-rainures-en-polyester-classe-de-temperature-h-180-c\/"},"modified":"2025-06-22T12:32:57","modified_gmt":"2025-06-22T10:32:57","slug":"cales-a-rainures-en-polyester-classe-de-temperature-h-180-c","status":"publish","type":"product","link":"https:\/\/schupp.ch\/fr\/p\/cales-a-rainures-en-polyester-classe-de-temperature-h-180-c\/","title":{"rendered":"Cales d\u2018encoche en polyester, classe de temp\u00e9rature H (180\u00b0 C)"},"content":{"rendered":"<p>&nbsp;<\/p>\n<p><strong>Dimensions :<\/strong><\/p>\n<p>&nbsp;<\/p>\n<table>\n<tbody>\n<tr>\n<td colspan=\"2\" width=\"94\"><strong>N\u00b0 d&rsquo;art.<\/strong><\/td>\n<td width=\"45\">Largeur x hauteur [mm]<\/td>\n<td colspan=\"2\" width=\"94\"><strong>N\u00b0 d&rsquo;art.<\/strong><\/td>\n<td width=\"44\">Largeur x hauteur [mm]<\/td>\n<td colspan=\"2\" width=\"95\"><strong>N\u00b0 d&rsquo;art.<\/strong><\/td>\n<td width=\"45\">Largeur x hauteur [mm]<\/td>\n<td colspan=\"2\" width=\"103\"><strong>N\u00b0 d&rsquo;art.<\/strong><\/td>\n<td width=\"44\">Largeur x hauteur [mm]<\/td>\n<\/tr>\n<tr>\n<td width=\"79\"><strong>NKPH3020<\/strong><\/td>\n<td width=\"13\">\u2666<\/td>\n<td width=\"45\">3,0 x 2,0<\/td>\n<td width=\"79\"><strong>NKPH5025<\/strong><\/td>\n<td width=\"13\">\u2666<\/td>\n<td width=\"44\">5,0 x 2,5<\/td>\n<td width=\"79\"><strong>NKPH7035<\/strong><\/td>\n<td width=\"14\">\u2666<\/td>\n<td width=\"45\">7,0 x 3,5<\/td>\n<td width=\"88\"><strong>NKPH9045<\/strong><\/td>\n<td width=\"13\">\u2666<\/td>\n<td width=\"44\">9,0 x 4,5<\/td>\n<\/tr>\n<tr>\n<td width=\"79\"><strong>NKPH3030<\/strong><\/td>\n<td width=\"13\">\u2666<\/td>\n<td width=\"45\">3,0 x 3,0<\/td>\n<td width=\"79\"><strong>NKPH5030<\/strong><\/td>\n<td width=\"13\">\u2666<\/td>\n<td width=\"44\">5,0 x 3,0<\/td>\n<td width=\"79\"><strong>NKPH7040<\/strong><\/td>\n<td width=\"14\">\u2666<\/td>\n<td width=\"45\">7,0 x 4,0<\/td>\n<td width=\"88\"><strong>NKPH10050<\/strong><\/td>\n<td width=\"13\">\u2666<\/td>\n<td width=\"44\">10,0 x 5,0<\/td>\n<\/tr>\n<tr>\n<td width=\"79\"><strong>NKPH4020<\/strong><\/td>\n<td width=\"13\">\u2666<\/td>\n<td width=\"45\">4,0 x 2,0<\/td>\n<td width=\"79\"><strong>NKPH6020<\/strong><\/td>\n<td width=\"13\">\u2666<\/td>\n<td width=\"44\">6,0 x 2,0<\/td>\n<td width=\"79\"><strong>NKPH8020<\/strong><\/td>\n<td width=\"14\">\u2666<\/td>\n<td width=\"45\">8,0 x 2,0<\/td>\n<td width=\"88\"><strong>NKPH12060<\/strong><\/td>\n<td width=\"13\">\u2666<\/td>\n<td width=\"44\">12,0 x 6,0<\/td>\n<\/tr>\n<tr>\n<td width=\"79\"><strong>NKPH4030<\/strong><\/td>\n<td width=\"13\">\u2666<\/td>\n<td width=\"45\">4,0 x 3,0<\/td>\n<td width=\"79\"><strong>NKPH6030<\/strong><\/td>\n<td width=\"13\">\u2666<\/td>\n<td width=\"44\">6,0 x 3,0<\/td>\n<td width=\"79\"><strong>NKPH8030<\/strong><\/td>\n<td width=\"14\">\u2666<\/td>\n<td width=\"45\">8,0 x 3,0<\/td>\n<td width=\"88\"><\/td>\n<td width=\"13\"><\/td>\n<td width=\"44\"><\/td>\n<\/tr>\n<tr>\n<td width=\"79\"><strong>NKPH5020<\/strong><\/td>\n<td width=\"13\">\u2666<\/td>\n<td width=\"45\">5,0 x 2,0<\/td>\n<td width=\"79\"><strong>NKPH7020<\/strong><\/td>\n<td width=\"13\">\u2666<\/td>\n<td width=\"44\">7,0 x 2,0<\/td>\n<td width=\"79\"><strong>NKPH8040<\/strong><\/td>\n<td width=\"14\">\u2666<\/td>\n<td width=\"45\">8,0 x 4,0<\/td>\n<td width=\"88\"><\/td>\n<td width=\"13\"><\/td>\n<td width=\"44\"><\/td>\n<\/tr>\n<\/tbody>\n<\/table>\n<p>&nbsp;<\/p>\n<p><strong>Mat\u00e9riau:<br \/>\n<\/strong>Polyester renforc\u00e9 de fibres de verre, cl. H (180 \u02daC)<\/p>\n<p>&nbsp;<\/p>\n<p><strong>Conditionnement:<br \/>\n<\/strong>Cales d\u2018une longueur de 1000 mm, Faisceaux de 100 m\u00e8tres<\/p>\n<p>&nbsp;<\/p>\n<p><strong>C\u00e2les d\u00e9coup\u00e9s:<\/strong><br \/>\nTous les profil\u00e9s peuvent \u00eatre livr\u00e9s aux longueurs d\u00e9sir\u00e9es.<\/p>\n<p>&nbsp;<\/p>\n<p>\u2666 en stock ou en magasin d&rsquo;usine, autres dimensions sur demande<\/p>\n<p>&nbsp;<\/p>\n","protected":false},"excerpt":{"rendered":"<p>&nbsp;<\/p>\n<p>Les cales d\u2019encoche sont utilis\u00e9es dans la construction de moteurs \u00e9lectriques et de g\u00e9n\u00e9rateurs pour fermer les rainures. Pour la fabrication des cales d\u2019encoche on utilise g\u00e9n\u00e9ralement des mat\u00e9riaux renforc\u00e9s de fibres de verre (classe H) ou, si n\u00e9cessaire, des cales d\u2019encoche en bois de h\u00eatre dans les classes de temp\u00e9rature inf\u00e9rieures.<\/p>\n<p>&nbsp;<\/p>\n","protected":false},"featured_media":2104,"template":"","meta":{"_acf_changed":false},"product_brand":[],"product_cat":[142,225],"product_tag":[],"class_list":{"0":"post-5697","1":"product","2":"type-product","3":"status-publish","4":"has-post-thumbnail","6":"product_cat-technique-de-bobinage","7":"product_cat-fermetures-d-encoche","9":"first","10":"instock","11":"shipping-taxable","12":"purchasable","13":"product-type-simple"},"acf":[],"_links":{"self":[{"href":"https:\/\/schupp.ch\/fr\/wp-json\/wp\/v2\/product\/5697","targetHints":{"allow":["GET"]}}],"collection":[{"href":"https:\/\/schupp.ch\/fr\/wp-json\/wp\/v2\/product"}],"about":[{"href":"https:\/\/schupp.ch\/fr\/wp-json\/wp\/v2\/types\/product"}],"wp:featuredmedia":[{"embeddable":true,"href":"https:\/\/schupp.ch\/fr\/wp-json\/wp\/v2\/media\/2104"}],"wp:attachment":[{"href":"https:\/\/schupp.ch\/fr\/wp-json\/wp\/v2\/media?parent=5697"}],"wp:term":[{"taxonomy":"product_brand","embeddable":true,"href":"https:\/\/schupp.ch\/fr\/wp-json\/wp\/v2\/product_brand?post=5697"},{"taxonomy":"product_cat","embeddable":true,"href":"https:\/\/schupp.ch\/fr\/wp-json\/wp\/v2\/product_cat?post=5697"},{"taxonomy":"product_tag","embeddable":true,"href":"https:\/\/schupp.ch\/fr\/wp-json\/wp\/v2\/product_tag?post=5697"}],"curies":[{"name":"wp","href":"https:\/\/api.w.org\/{rel}","templated":true}]}}