{"id":5700,"date":"2024-01-29T09:18:25","date_gmt":"2024-01-29T08:18:25","guid":{"rendered":"https:\/\/schupp.ch\/p\/gaines-thermoretractables-pour-les-exigences-standard\/"},"modified":"2024-10-15T09:43:52","modified_gmt":"2024-10-15T07:43:52","slug":"gaines-thermoretractables-pour-les-exigences-standard","status":"publish","type":"product","link":"https:\/\/schupp.ch\/fr\/p\/gaines-thermoretractables-pour-les-exigences-standard\/","title":{"rendered":"Gaines thermor\u00e9tractables pour les exigences standard"},"content":{"rendered":"<table>\n<tbody>\n<tr>\n<td width=\"71\"><strong>Type<\/strong><\/td>\n<td width=\"54\">Taux de r\u00e9traction<\/td>\n<td width=\"71\">Temp\u00e9rature de fonctionnement<\/td>\n<td width=\"57\">Temp\u00e9rature de r\u00e9traction<\/td>\n<td width=\"52\">ignifuge<\/td>\n<td width=\"45\">halog\u00e8ne libre<\/td>\n<td width=\"45\">adh\u00e9sif<\/td>\n<td width=\"88\">Homologations<\/td>\n<td width=\"139\">Caract\u00e9ristiques<\/td>\n<\/tr>\n<tr>\n<td width=\"71\"><strong>SSPO<\/strong><\/td>\n<td width=\"54\">2 : 1<\/td>\n<td width=\"71\">&#8211; 55\u00b0 &#8211; +135\u00b0C<\/td>\n<td width=\"57\">&gt;  100\u00b0C<\/td>\n<td width=\"52\">\u2713<\/td>\n<td width=\"45\">x<\/td>\n<td width=\"45\">x<\/td>\n<td width=\"88\">&#8211;<\/td>\n<td width=\"139\">pas d&rsquo;homologation UL<\/td>\n<\/tr>\n<tr>\n<td width=\"71\"><strong>SSPOUL<\/strong><\/td>\n<td width=\"54\">2 : 1<\/td>\n<td width=\"71\">&#8211; 55\u00b0 &#8211; +135\u00b0C<\/td>\n<td width=\"57\">&gt;  100\u00b0C<\/td>\n<td width=\"52\">\u2713<\/td>\n<td width=\"45\">x<\/td>\n<td width=\"45\">x<\/td>\n<td width=\"88\">UL<\/td>\n<td width=\"139\">avec certification UL<\/td>\n<\/tr>\n<tr>\n<td width=\"71\"><strong>SSPONT<\/strong><\/td>\n<td width=\"54\">2 : 1<\/td>\n<td width=\"71\">&#8211; 55\u00b0 &#8211; +125\u00b0C<\/td>\n<td width=\"57\">&gt;  80 \u00b0C<\/td>\n<td width=\"52\">\u2713<\/td>\n<td width=\"45\">x<\/td>\n<td width=\"45\">x<\/td>\n<td width=\"88\"><\/td>\n<td width=\"139\">pour les basses temp\u00e9ratures<\/td>\n<\/tr>\n<tr>\n<td width=\"71\"><strong>SSPOSB<\/strong><\/td>\n<td width=\"54\">2 : 1<\/td>\n<td width=\"71\">&#8211; 35\u00b0 &#8211; +125\u00b0C<\/td>\n<td width=\"57\">&gt;  100\u00b0C<\/td>\n<td width=\"52\">\u2713<\/td>\n<td width=\"45\">\u2713<\/td>\n<td width=\"45\">x<\/td>\n<td width=\"88\">DEF STAN 59-97, B.S.<\/td>\n<td width=\"139\">difficilement inflammable,<\/p>\n<p>faible \u00e9mission de fum\u00e9e<\/td>\n<\/tr>\n<tr>\n<td width=\"71\"><strong>SSPOTW<\/strong><\/td>\n<td width=\"54\">2 : 1<\/td>\n<td width=\"71\">&#8211; 55\u00b0 &#8211; +125\u00b0C<\/td>\n<td width=\"57\">&gt;  100\u00b0C<\/td>\n<td width=\"52\">x<\/td>\n<td width=\"45\">x<\/td>\n<td width=\"45\">x<\/td>\n<td width=\"88\">UL, CSA<\/td>\n<td width=\"139\">paroi extr\u00eamement fine<\/td>\n<\/tr>\n<tr>\n<td width=\"71\"><strong>SSPOMW<\/strong><\/td>\n<td width=\"54\">3 . 1<\/td>\n<td width=\"71\">&#8211; 55\u00b0 &#8211; +120\u00b0C<\/td>\n<td width=\"57\">&gt;  120 \u00b0C<\/td>\n<td width=\"52\">\u2713<\/td>\n<td width=\"45\">x<\/td>\n<td width=\"45\">\u2713<\/td>\n<td width=\"88\"><\/td>\n<td width=\"139\">semi-rigide, renforc\u00e9<\/td>\n<\/tr>\n<tr>\n<td width=\"71\"><strong>SSPO3S<\/strong><\/td>\n<td width=\"54\">3 . 1<\/td>\n<td width=\"71\">&#8211; 55\u00b0 &#8211; +135\u00b0C<\/td>\n<td width=\"57\">&gt;  100\u00b0C<\/td>\n<td width=\"52\">\u2713<\/td>\n<td width=\"45\">x<\/td>\n<td width=\"45\">x<\/td>\n<td width=\"88\"><\/td>\n<td width=\"139\">pour l&rsquo;enrobage de formes irr\u00e9guli\u00e8res<\/td>\n<\/tr>\n<tr>\n<td width=\"71\"><strong>SSPODW3S<\/strong><\/td>\n<td width=\"54\">3 : 1<\/td>\n<td width=\"71\">&#8211; 55\u00b0 &#8211; +110\u00b0C<\/td>\n<td width=\"57\">&gt;  100\u00b0C<\/td>\n<td width=\"52\">x<\/td>\n<td width=\"45\">x<\/td>\n<td width=\"45\">\u2713<\/td>\n<td rowspan=\"2\" width=\"88\">MIL-DTL 23053\/4, UL, CSA<\/td>\n<td rowspan=\"2\" width=\"139\">avec double paroi<\/td>\n<\/tr>\n<tr>\n<td width=\"71\"><strong>SSPODW4S<\/strong><\/td>\n<td width=\"54\">4 :1<\/td>\n<td width=\"71\">&#8211; 55\u00b0 &#8211; +110\u00b0C<\/td>\n<td width=\"57\">&gt;  100\u00b0C<\/td>\n<td width=\"52\">x<\/td>\n<td width=\"45\">x<\/td>\n<td width=\"45\">\u2713<\/td>\n<\/tr>\n<tr>\n<td width=\"71\"><strong>SSPOFR<\/strong><\/td>\n<td width=\"54\">2 :1<\/td>\n<td width=\"71\">&#8211; 55\u00b0 &#8211; +125\u00b0C<\/td>\n<td width=\"57\">&gt;  95 \u00b0C<\/td>\n<td width=\"52\">\u2713<\/td>\n<td width=\"45\">\u2713<\/td>\n<td width=\"45\">x<\/td>\n<td width=\"88\"><\/td>\n<td width=\"139\">pour la production en grande s\u00e9rie dans l&rsquo;industrie<\/td>\n<\/tr>\n<tr>\n<td width=\"71\"><strong>SSPO3ZHFR<\/strong><\/td>\n<td width=\"54\">3 : 1<\/td>\n<td width=\"71\">&#8211; 55\u00b0 &#8211; +125\u00b0C<\/td>\n<td width=\"57\">&gt;  100\u00b0C<\/td>\n<td width=\"52\">\u2713<\/td>\n<td width=\"45\">\u2713<\/td>\n<td width=\"45\">x<\/td>\n<td width=\"88\"><\/td>\n<td width=\"139\">Gaine thermor\u00e9tractable plate<\/td>\n<\/tr>\n<tr>\n<td width=\"71\"><strong>SSPOZHFR<\/strong><\/td>\n<td width=\"54\">2 : 1<\/td>\n<td width=\"71\">&#8211; 55\u00b0 &#8211; +125\u00b0C<\/td>\n<td width=\"57\">&gt;  100 \u00b0C<\/td>\n<td width=\"52\">\u2713<\/td>\n<td width=\"45\">\u2713<\/td>\n<td width=\"45\">x<\/td>\n<td width=\"88\"><\/td>\n<td width=\"139\">faible \u00e9mission de fum\u00e9e<\/td>\n<\/tr>\n<tr>\n<td width=\"71\"><strong>SSP0HW<\/strong><\/td>\n<td width=\"54\">2 : 1<\/td>\n<td width=\"71\">&#8211; 55\u00b0 &#8211; +120\u00b0C<\/td>\n<td width=\"57\">&gt;  100\u00b0C<\/td>\n<td width=\"52\">x<\/td>\n<td width=\"45\">x<\/td>\n<td width=\"45\">\u2713<\/td>\n<td width=\"88\"><\/td>\n<td width=\"139\">paroi \u00e9paisse, adh\u00e9sif, faible \u00e9mission de fum\u00e9e<\/td>\n<\/tr>\n<tr>\n<td width=\"71\"><strong>SSHFF<\/strong><\/td>\n<td width=\"54\">2 : 1<\/td>\n<td width=\"71\">&#8211; 40\u00b0 &#8211; +125C<\/td>\n<td width=\"57\">&gt;  100\u00b0C<\/td>\n<td width=\"52\">x<\/td>\n<td width=\"45\">\u2713<\/td>\n<td width=\"45\">\u2713<\/td>\n<td width=\"88\"><\/td>\n<td width=\"139\">avec tissu<\/td>\n<\/tr>\n<\/tbody>\n<\/table>\n","protected":false},"excerpt":{"rendered":"<p>Type Taux de r\u00e9traction Temp\u00e9rature de fonctionnement Temp\u00e9rature de r\u00e9traction ignifuge halog\u00e8ne libre adh\u00e9sif Homologations Caract\u00e9ristiques SSPO 2 : 1 &#8211; 55\u00b0 &#8211; +135\u00b0C &gt; 100\u00b0C \u2713 x x &#8211; pas d&rsquo;homologation UL SSPOUL 2 : 1 &#8211; 55\u00b0 &#8211; +135\u00b0C &gt; 100\u00b0C \u2713 x x UL avec certification UL SSPONT 2 : 1 &#8211; [&hellip;]<\/p>\n","protected":false},"featured_media":2112,"template":"","meta":{"_acf_changed":false},"product_brand":[],"product_cat":[217],"product_tag":[],"class_list":{"0":"post-5700","1":"product","2":"type-product","3":"status-publish","4":"has-post-thumbnail","6":"product_cat-tuyaux-techniques","8":"first","9":"instock","10":"shipping-taxable","11":"purchasable","12":"product-type-simple"},"acf":[],"_links":{"self":[{"href":"https:\/\/schupp.ch\/fr\/wp-json\/wp\/v2\/product\/5700","targetHints":{"allow":["GET"]}}],"collection":[{"href":"https:\/\/schupp.ch\/fr\/wp-json\/wp\/v2\/product"}],"about":[{"href":"https:\/\/schupp.ch\/fr\/wp-json\/wp\/v2\/types\/product"}],"wp:featuredmedia":[{"embeddable":true,"href":"https:\/\/schupp.ch\/fr\/wp-json\/wp\/v2\/media\/2112"}],"wp:attachment":[{"href":"https:\/\/schupp.ch\/fr\/wp-json\/wp\/v2\/media?parent=5700"}],"wp:term":[{"taxonomy":"product_brand","embeddable":true,"href":"https:\/\/schupp.ch\/fr\/wp-json\/wp\/v2\/product_brand?post=5700"},{"taxonomy":"product_cat","embeddable":true,"href":"https:\/\/schupp.ch\/fr\/wp-json\/wp\/v2\/product_cat?post=5700"},{"taxonomy":"product_tag","embeddable":true,"href":"https:\/\/schupp.ch\/fr\/wp-json\/wp\/v2\/product_tag?post=5700"}],"curies":[{"name":"wp","href":"https:\/\/api.w.org\/{rel}","templated":true}]}}