{"id":5701,"date":"2024-01-29T09:33:34","date_gmt":"2024-01-29T08:33:34","guid":{"rendered":"https:\/\/schupp.ch\/p\/gaines-thermoretractables-en-polyolefine-pour-basses-temperatures-sspont\/"},"modified":"2026-01-06T22:06:01","modified_gmt":"2026-01-06T21:06:01","slug":"gaines-thermoretractables-en-polyolefine-pour-basses-temperatures-sspont","status":"publish","type":"product","link":"https:\/\/schupp.ch\/fr\/p\/gaines-thermoretractables-en-polyolefine-pour-basses-temperatures-sspont\/","title":{"rendered":"Gaines thermor\u00e9tractables en polyol\u00e9fine pour basses temp\u00e9ratures SSPONT"},"content":{"rendered":"<p>&nbsp;<\/p>\n<h5><strong>Donn\u00e9es techniques :<\/strong><\/h5>\n<p>&nbsp;<\/p>\n<p><strong>Taux de r\u00e9traction: <\/strong>2 : 1<br \/>\n<strong>Temp\u00e9rature de fonctionnement : <\/strong>-40 \u00b0C \u00e0 125 \u00b0C<br \/>\n<strong>Temp\u00e9rature de r\u00e9traction : <\/strong>&gt; 80 \u00b0C<br \/>\n<strong>Comportement \u00e0 la flamme : <\/strong>ignifug\u00e9<br \/>\n<strong>Application : <\/strong>pour les composants sensibles \u00e0 la chaleur<\/p>\n<p>&nbsp;<\/p>\n<table width=\"643\">\n<tbody>\n<tr>\n<td width=\"252\"><\/td>\n<td width=\"167\"><strong>D\u00e9scription<\/strong><\/td>\n<td width=\"223\"><strong>Donn\u00e9es<\/strong><\/td>\n<\/tr>\n<tr>\n<td width=\"252\">R\u00e9sistance \u00e0 la traction<\/td>\n<td width=\"167\">ISO 37<\/td>\n<td width=\"223\">&gt;10 MPa<\/td>\n<\/tr>\n<tr>\n<td width=\"252\">Allongement \u00e0 la rupture<\/td>\n<td width=\"167\">ISO 37<\/td>\n<td width=\"223\">&gt; 200%<\/td>\n<\/tr>\n<tr>\n<td width=\"252\">Choc thermique<\/td>\n<td width=\"167\">ASTM D2671 (4 h \u00e0 200\u00b0C)<\/td>\n<td width=\"223\">pas de gouttes, de rupture ou de fluage<\/td>\n<\/tr>\n<tr>\n<td width=\"252\">Vieillissement thermique Allongement \u00e0 la rupture<\/td>\n<td width=\"167\">ISO 188 (168 h \u00e0 200 \u02daC) \/ ISO 37<\/td>\n<td width=\"223\">&gt; 150%<\/td>\n<\/tr>\n<tr>\n<td width=\"252\">Taux de r\u00e9traction \u00e0 80\u00b0C<\/td>\n<td width=\"167\"><\/td>\n<td width=\"223\">&gt; 50%<\/td>\n<\/tr>\n<tr>\n<td width=\"252\">Flexibilit\u00e9 \u00e0 froid<\/td>\n<td width=\"167\">ASTM D2671 (4 h \u00e0 -45\u00b0C)<\/td>\n<td width=\"223\">pas de rupture<\/td>\n<\/tr>\n<tr>\n<td width=\"252\">Inflammabilit\u00e9 (exception transparente)<\/td>\n<td width=\"167\">MVSS 302<\/td>\n<td width=\"223\">r\u00e9ussi<\/td>\n<\/tr>\n<tr>\n<td width=\"252\">R\u00e9sistance au claquage \u00e9lectrique<\/td>\n<td width=\"167\">IEC 243-1<\/td>\n<td width=\"223\">&gt; 15kV\/mm<\/td>\n<\/tr>\n<tr>\n<td width=\"252\">Corrosion (Cuivre)<\/td>\n<td width=\"167\">ASTM D2671<\/td>\n<td width=\"223\">pas de corrosion<\/td>\n<\/tr>\n<tr>\n<td width=\"252\">R\u00e9sistance aux liquides agressofs<\/p>\n<blockquote><p>&gt; Essence, diesel<br \/>\n&gt; Huile hydraulique<br \/>\n<span style=\"font-family: inherit; font-size: inherit;\">&gt; Huile de lubrification<br \/>\n<\/span><span style=\"font-family: inherit; font-size: inherit;\">&gt; R\u00e9sistance \u00e0 la traction<br \/>\n<\/span><span style=\"font-family: inherit; font-size: inherit;\">&gt; Allongement \u00e0 la rupture<\/span><\/p><\/blockquote>\n<\/td>\n<td width=\"167\">ISO 1817<br \/>\nISO37<\/td>\n<td width=\"223\">\n<blockquote><p>5 MPa<br \/>\n&gt; 175%<\/p><\/blockquote>\n<\/td>\n<\/tr>\n<\/tbody>\n<\/table>\n<p>&nbsp;<\/p>\n<p><strong>Dimensions :<\/strong><\/p>\n<table width=\"643\">\n<tbody>\n<tr>\n<td rowspan=\"2\" width=\"113\"><strong>Num\u00e9ro pricipal<\/strong><\/td>\n<td colspan=\"2\" width=\"133\"><strong>min. Diam\u00e8tre<\/strong><\/td>\n<td colspan=\"2\" width=\"137\"><strong>max. Diam\u00e8tre r\u00e9tr\u00e9ci<\/strong><\/td>\n<td colspan=\"2\" width=\"137\"><strong>\u00c9paisseur de paroi apr\u00e8s r\u00e9traction<\/strong><\/td>\n<td rowspan=\"2\" width=\"123\"><strong>Conditionnement [m]<\/strong><\/td>\n<\/tr>\n<tr>\n<td width=\"64\"><strong>[mm]<\/strong><\/td>\n<td width=\"68\"><strong>[inches]<\/strong><\/td>\n<td width=\"68\"><strong>[mm]<\/strong><\/td>\n<td width=\"68\"><strong>[inches]<\/strong><\/td>\n<td width=\"68\"><strong>[mm]<\/strong><\/td>\n<td width=\"68\"><strong>[inches]<\/strong><\/td>\n<\/tr>\n<tr>\n<td width=\"113\"><strong>SSPONT3\/64&Prime;<\/strong><\/td>\n<td width=\"64\">1,2<\/td>\n<td width=\"68\">0.046<\/td>\n<td width=\"68\">0,6<\/td>\n<td width=\"68\">0.023<\/td>\n<td width=\"68\">0,33<\/td>\n<td width=\"68\">0.018<\/td>\n<td width=\"123\">150<\/td>\n<\/tr>\n<tr>\n<td width=\"113\"><strong>SSPONT1\/16&Prime;<\/strong><\/td>\n<td width=\"64\">1,6<\/td>\n<td width=\"68\">0.063<\/td>\n<td width=\"68\">0,8<\/td>\n<td width=\"68\">0.031<\/td>\n<td width=\"68\">0,36<\/td>\n<td width=\"68\">0.018<\/td>\n<td width=\"123\">150<\/td>\n<\/tr>\n<tr>\n<td width=\"113\"><strong>SSPONT3\/32&Prime;<\/strong><\/td>\n<td width=\"64\">2,4<\/td>\n<td width=\"68\">0.093<\/td>\n<td width=\"68\">1,2<\/td>\n<td width=\"68\">0.046<\/td>\n<td width=\"68\">0,44<\/td>\n<td width=\"68\">0.019<\/td>\n<td width=\"123\">150<\/td>\n<\/tr>\n<tr>\n<td width=\"113\"><strong>SSPONT1\/8&Prime;<\/strong><\/td>\n<td width=\"64\">3,2<\/td>\n<td width=\"68\">0.125<\/td>\n<td width=\"68\">1,6<\/td>\n<td width=\"68\">0.062<\/td>\n<td width=\"68\">0,44<\/td>\n<td width=\"68\">0.019<\/td>\n<td width=\"123\">150<\/td>\n<\/tr>\n<tr>\n<td width=\"113\"><strong>SSPONT3\/16&Prime;<\/strong><\/td>\n<td width=\"64\">4,8<\/td>\n<td width=\"68\">0.187<\/td>\n<td width=\"68\">2,4<\/td>\n<td width=\"68\">0.093<\/td>\n<td width=\"68\">0,44<\/td>\n<td width=\"68\">0.026<\/td>\n<td width=\"123\">150<\/td>\n<\/tr>\n<tr>\n<td width=\"113\"><strong>SSPONT1\/4&Prime;<\/strong><\/td>\n<td width=\"64\">6,4<\/td>\n<td width=\"68\">0.250<\/td>\n<td width=\"68\">3,2<\/td>\n<td width=\"68\">0.125<\/td>\n<td width=\"68\">0,56<\/td>\n<td width=\"68\">0.026<\/td>\n<td width=\"123\">75<\/td>\n<\/tr>\n<tr>\n<td width=\"113\"><strong>SSPONT3\/8&Prime;<\/strong><\/td>\n<td width=\"64\">9,5<\/td>\n<td width=\"68\">0.375<\/td>\n<td width=\"68\">4,8<\/td>\n<td width=\"68\">0.187<\/td>\n<td width=\"68\">0,56<\/td>\n<td width=\"68\">0.026<\/td>\n<td width=\"123\">75<\/td>\n<\/tr>\n<tr>\n<td width=\"113\"><strong>SSPONT1\/2&Prime;<br \/>\n<\/strong><\/td>\n<td width=\"64\">12,7<\/td>\n<td width=\"68\">0.500<\/td>\n<td width=\"68\">6,4<\/td>\n<td width=\"68\">0.250<\/td>\n<td width=\"68\">0,56<\/td>\n<td width=\"68\">0.029<\/td>\n<td width=\"123\">75<\/td>\n<\/tr>\n<tr>\n<td width=\"113\"><strong>SSPONT3\/4&Prime;<\/strong><\/td>\n<td width=\"64\">19,0<\/td>\n<td width=\"68\">0.750<\/td>\n<td width=\"68\">9,5<\/td>\n<td width=\"68\">0.375<\/td>\n<td width=\"68\">0,69<\/td>\n<td width=\"68\">0.035<\/td>\n<td width=\"123\">60<\/td>\n<\/tr>\n<tr>\n<td width=\"113\"><strong>SSPONT1&Prime;<\/strong><\/td>\n<td width=\"64\">25,4<\/td>\n<td width=\"68\">1.000<\/td>\n<td width=\"68\">12,7<\/td>\n<td width=\"68\">0.500<\/td>\n<td width=\"68\">0,77<\/td>\n<td width=\"68\">0.039<\/td>\n<td width=\"123\">60<\/td>\n<\/tr>\n<tr>\n<td width=\"113\"><strong>SSPONT1-1\/2&Prime;<br \/>\n<\/strong><\/td>\n<td width=\"64\">38,1<\/td>\n<td width=\"68\">1.500<\/td>\n<td width=\"68\">19,0<\/td>\n<td width=\"68\">0.750<\/td>\n<td width=\"68\">1,00<\/td>\n<td width=\"68\">0.039<\/td>\n<td width=\"123\">30<\/td>\n<\/tr>\n<tr>\n<td width=\"113\"><strong>SSPONT2<\/strong><\/td>\n<td width=\"64\">50,8<\/td>\n<td width=\"68\">2.000<\/td>\n<td width=\"68\">25,4<\/td>\n<td width=\"68\">1.000<\/td>\n<td width=\"68\">1,15<\/td>\n<td width=\"68\">0.045<\/td>\n<td width=\"123\">30<\/td>\n<\/tr>\n<\/tbody>\n<\/table>\n<p>&nbsp;<\/p>\n<p><strong>Couleurs :<br \/>\n<\/strong>noir (sw), transparent (tr), rouge (rt), jaune (ge), bleu (bl), blanc (ws), autres couleurs sur demande<\/p>\n<p><strong>Num\u00e9ro d&rsquo;article :<\/strong><br \/>\nExemple : SSPONT3\/64 \u00ab SW<br \/>\nSSPONT3\/64 \u00bb = num\u00e9ro principal<br \/>\nSW = couleur noire<\/p>\n<p>&nbsp;<\/p>\n","protected":false},"excerpt":{"rendered":"<p>&nbsp;<\/p>\n<h5>Cette gaine thermor\u00e9tractable en polyol\u00e9fine ignifuge convient aux applications impliquant des composants sensibles \u00e0 la temp\u00e9rature. La temp\u00e9rature de r\u00e9traction est donc faible, \u00e0 80 \u00b0C.<\/h5>\n<p>&nbsp;<\/p>\n","protected":false},"featured_media":2121,"template":"","meta":{"_acf_changed":false},"product_brand":[],"product_cat":[217,228],"product_tag":[],"class_list":{"0":"post-5701","1":"product","2":"type-product","3":"status-publish","4":"has-post-thumbnail","6":"product_cat-tuyaux-techniques","7":"product_cat-gaines-thermoretractables","9":"first","10":"instock","11":"shipping-taxable","12":"purchasable","13":"product-type-simple"},"acf":[],"_links":{"self":[{"href":"https:\/\/schupp.ch\/fr\/wp-json\/wp\/v2\/product\/5701","targetHints":{"allow":["GET"]}}],"collection":[{"href":"https:\/\/schupp.ch\/fr\/wp-json\/wp\/v2\/product"}],"about":[{"href":"https:\/\/schupp.ch\/fr\/wp-json\/wp\/v2\/types\/product"}],"wp:featuredmedia":[{"embeddable":true,"href":"https:\/\/schupp.ch\/fr\/wp-json\/wp\/v2\/media\/2121"}],"wp:attachment":[{"href":"https:\/\/schupp.ch\/fr\/wp-json\/wp\/v2\/media?parent=5701"}],"wp:term":[{"taxonomy":"product_brand","embeddable":true,"href":"https:\/\/schupp.ch\/fr\/wp-json\/wp\/v2\/product_brand?post=5701"},{"taxonomy":"product_cat","embeddable":true,"href":"https:\/\/schupp.ch\/fr\/wp-json\/wp\/v2\/product_cat?post=5701"},{"taxonomy":"product_tag","embeddable":true,"href":"https:\/\/schupp.ch\/fr\/wp-json\/wp\/v2\/product_tag?post=5701"}],"curies":[{"name":"wp","href":"https:\/\/api.w.org\/{rel}","templated":true}]}}