{"id":5702,"date":"2024-01-29T09:22:03","date_gmt":"2024-01-29T08:22:03","guid":{"rendered":"https:\/\/schupp.ch\/p\/type-sspo-et-sspoul\/"},"modified":"2026-01-06T20:04:17","modified_gmt":"2026-01-06T19:04:17","slug":"type-sspo-et-sspoul","status":"publish","type":"product","link":"https:\/\/schupp.ch\/fr\/p\/type-sspo-et-sspoul\/","title":{"rendered":"Gaine thermor\u00e9tractable en polyol\u00e9fine, SSPO et SSPOUL"},"content":{"rendered":"<h3><\/h3>\n<h5><strong>Donn\u00e9es techniques :<\/strong><\/h5>\n<p>&nbsp;<\/p>\n<p><strong>Mati\u00e8re : <\/strong>Polyol\u00e9fine<br \/>\n<strong>Rapport de r\u00e9train : <\/strong>2 : 1<br \/>\n<strong>Temp\u00e9rature de service : <\/strong>&#8211; 55\u00b0C \u00e0 135\u00b0C<br \/>\n<strong>Temp\u00e9rature de r\u00e9traction : <\/strong>&gt;100\u00b0C<br \/>\n<strong>Inflammabilit\u00e9 : <\/strong>ignifug\u00e9<\/p>\n<p>&nbsp;<\/p>\n<table width=\"643\">\n<tbody>\n<tr>\n<td width=\"225\"><\/td>\n<td width=\"167\"><strong>D\u00e9scription<\/strong><\/td>\n<td width=\"251\"><strong>Donn\u00e9es<\/strong><\/td>\n<\/tr>\n<tr>\n<td width=\"225\">R\u00e9sistance \u00e0 la traction<\/td>\n<td width=\"167\">ISO 37<\/td>\n<td width=\"251\">&gt; 10 MPa<\/td>\n<\/tr>\n<tr>\n<td width=\"225\">Allongement \u00e0 la rupture<\/td>\n<td width=\"167\">ISO 37<\/td>\n<td width=\"251\">&gt; 250%<\/td>\n<\/tr>\n<tr>\n<td width=\"225\">Poids sp\u00e9cifique<\/td>\n<td width=\"167\">ISO 1183<\/td>\n<td width=\"251\">&lt; 1,4<\/td>\n<\/tr>\n<tr>\n<td width=\"225\">Choc thermique<\/td>\n<td width=\"167\">ASTM D2671 (4 h \u00e0 250\u00b0C)<\/td>\n<td width=\"251\">pas de gouttes, pas de rupture ni de fluage<\/td>\n<\/tr>\n<tr>\n<td width=\"225\">Vieillissement \u00e0 la chaleur<\/td>\n<td width=\"167\">ISO 188 (168 h \u00e0 170\u00b0C)<\/td>\n<td width=\"251\"><\/td>\n<\/tr>\n<tr>\n<td width=\"225\">Allongement \u00e0 la rupture<\/td>\n<td width=\"167\">ISO 37<\/td>\n<td width=\"251\">&gt;150%<\/td>\n<\/tr>\n<tr>\n<td width=\"225\">Flexibilit\u00e9 \u00e0 froid<\/td>\n<td width=\"167\">ASTM D2671 (4 h \u00e0 -55 \u00b0C)<\/td>\n<td width=\"251\">pas de rupture<\/td>\n<\/tr>\n<tr>\n<td width=\"225\">Inflammabilit\u00e9 (sauf transparent)<\/td>\n<td width=\"167\">ASTM D2671<\/td>\n<td width=\"251\">pass\u00e9<\/td>\n<\/tr>\n<tr>\n<td width=\"225\">R\u00e9sistance au claquage \u00e9lectrique<\/td>\n<td width=\"167\">IEC 243-1<\/td>\n<td width=\"251\">&gt; 20kV\/mm<\/td>\n<\/tr>\n<tr>\n<td width=\"225\">Corrosion (contact avec le cuivre)<\/td>\n<td width=\"167\">ASTM D2671<\/td>\n<td width=\"251\">pas de corrosion<\/td>\n<\/tr>\n<tr>\n<td width=\"225\">Absorption d&rsquo;eau<\/td>\n<td width=\"167\">ISO 62<\/td>\n<td width=\"251\">&lt; 0.5%<\/td>\n<\/tr>\n<\/tbody>\n<\/table>\n<p>&nbsp;<\/p>\n<p><strong>Dimensions :<\/strong><\/p>\n<table width=\"643\">\n<tbody>\n<tr>\n<td colspan=\"2\" width=\"107\"><strong>Type SSPO<\/strong><\/td>\n<td width=\"103\"><strong>Type SSPOUL<\/strong><\/td>\n<td colspan=\"2\" width=\"99\"><strong>min. Diam\u00e8tre<\/strong><\/td>\n<td colspan=\"2\" width=\"99\"><strong>max. Diam\u00e8tre r\u00e9tr\u00e9ci<\/strong><\/td>\n<td colspan=\"2\" width=\"99\"><strong>\u00c9paisseur de paroi apr\u00e8s r\u00e9traction<\/strong><\/td>\n<td width=\"121\"><strong>Conditionnement<\/strong><\/td>\n<\/tr>\n<tr>\n<td colspan=\"2\" width=\"107\"><strong>avec reconnaissance UL<\/strong><\/td>\n<td width=\"103\"><strong>avec impression UL\/CSA<\/strong><\/td>\n<td width=\"42\"><strong>[mm]<\/strong><\/td>\n<td width=\"56\"><strong>[inches]<\/strong><\/td>\n<td width=\"42\"><strong>[mm]<\/strong><\/td>\n<td width=\"56\"><strong>[inches]<\/strong><\/td>\n<td width=\"42\"><strong>[mm]<\/strong><\/td>\n<td width=\"55\"><strong>[inches]<\/strong><\/td>\n<td width=\"121\"><strong>[m]<\/strong><\/td>\n<\/tr>\n<tr>\n<td colspan=\"2\" width=\"107\"><strong>Num\u00e9ro principal<\/strong><\/td>\n<td width=\"103\"><strong>Num\u00e9ro principal<\/strong><\/td>\n<td width=\"42\"><\/td>\n<td width=\"56\"><\/td>\n<td width=\"42\"><\/td>\n<td width=\"56\"><\/td>\n<td width=\"42\"><\/td>\n<td width=\"55\"><\/td>\n<td width=\"121\"><\/td>\n<\/tr>\n<tr>\n<td width=\"92\"><strong>SSPO3\/64&Prime;<\/strong><\/td>\n<td width=\"12\">\u2666<\/td>\n<td width=\"103\"><strong>SSPOUL3\/64&Prime;<\/strong><\/td>\n<td width=\"42\">1,2<\/td>\n<td width=\"56\">0.046<\/td>\n<td width=\"42\">0,6<\/td>\n<td width=\"56\">0.023<\/td>\n<td width=\"42\">0,45<\/td>\n<td width=\"55\">0.018<\/td>\n<td width=\"121\">150<\/td>\n<\/tr>\n<tr>\n<td width=\"92\"><strong>SSPO1\/16&Prime;<\/strong><\/td>\n<td width=\"12\">\u2666<\/td>\n<td width=\"103\"><strong>SSPOUL1\/16&Prime;<\/strong><\/td>\n<td width=\"42\">1,6<\/td>\n<td width=\"56\">0.063<\/td>\n<td width=\"42\">0,8<\/td>\n<td width=\"56\">0.031<\/td>\n<td width=\"42\">0,45<\/td>\n<td width=\"55\">0.018<\/td>\n<td width=\"121\">150<\/td>\n<\/tr>\n<tr>\n<td width=\"92\"><strong>SSPO3\/32&Prime;<\/strong><\/td>\n<td width=\"12\">\u2666<\/td>\n<td width=\"103\"><strong>SSPOUL3\/32&Prime;<\/strong><\/td>\n<td width=\"42\">2,4<\/td>\n<td width=\"56\">0.093<\/td>\n<td width=\"42\">1,2<\/td>\n<td width=\"56\">0.046<\/td>\n<td width=\"42\">0,50<\/td>\n<td width=\"55\">0.019<\/td>\n<td width=\"121\">150<\/td>\n<\/tr>\n<tr>\n<td width=\"92\"><strong>SSPO1\/8&Prime;<\/strong><\/td>\n<td width=\"12\">\u2666<\/td>\n<td width=\"103\"><strong>SSPOUL1\/8&Prime;<\/strong><\/td>\n<td width=\"42\">3,2<\/td>\n<td width=\"56\">0.125<\/td>\n<td width=\"42\">1,6<\/td>\n<td width=\"56\">0.062<\/td>\n<td width=\"42\">0,50<\/td>\n<td width=\"55\">0.019<\/td>\n<td width=\"121\">150<\/td>\n<\/tr>\n<tr>\n<td width=\"92\"><strong>SSPO3\/16&Prime;<\/strong><\/td>\n<td width=\"12\"><strong>\u2666<\/strong><\/td>\n<td width=\"103\"><strong>SSPOUL3\/16&Prime;<\/strong><\/td>\n<td width=\"42\">4,8<\/td>\n<td width=\"56\">0.187<\/td>\n<td width=\"42\">2,4<\/td>\n<td width=\"56\">0.093<\/td>\n<td width=\"42\">0,50<\/td>\n<td width=\"55\">0.026<\/td>\n<td width=\"121\">150<\/td>\n<\/tr>\n<tr>\n<td width=\"92\"><strong>SSPO1\/4&Prime;<\/strong><\/td>\n<td width=\"12\">\u2666<\/td>\n<td width=\"103\"><strong>SSPOUL1\/4&Prime;<\/strong><\/td>\n<td width=\"42\">6,4<\/td>\n<td width=\"56\">0.250<\/td>\n<td width=\"42\">3,2<\/td>\n<td width=\"56\">0.125<\/td>\n<td width=\"42\">0,65<\/td>\n<td width=\"55\">0.026<\/td>\n<td width=\"121\">75<\/td>\n<\/tr>\n<tr>\n<td width=\"92\"><strong>SSPO3\/8&Prime;<\/strong><\/td>\n<td width=\"12\">\u2666<\/td>\n<td width=\"103\"><strong>SSPOUL3\/8&Prime; (EN ANGLAIS)<\/strong><\/td>\n<td width=\"42\">9,5<\/td>\n<td width=\"56\">0.375<\/td>\n<td width=\"42\">4,8<\/td>\n<td width=\"56\">0.187<\/td>\n<td width=\"42\">0,65<\/td>\n<td width=\"55\">0.026<\/td>\n<td width=\"121\">75<\/td>\n<\/tr>\n<tr>\n<td width=\"92\"><strong>SSPO1\/2&Prime;<\/strong><\/td>\n<td width=\"12\">\u2666<\/td>\n<td width=\"103\"><strong>SSPOUL1\/2&Prime; (EN ANGLAIS)<\/strong><\/td>\n<td width=\"42\">12,7<\/td>\n<td width=\"56\">0.500<\/td>\n<td width=\"42\">6,4<\/td>\n<td width=\"56\">0.250<\/td>\n<td width=\"42\">0,65<\/td>\n<td width=\"55\">0.029<\/td>\n<td width=\"121\">75<\/td>\n<\/tr>\n<tr>\n<td width=\"92\"><strong>SSPO3\/4&Prime;<\/strong><\/td>\n<td width=\"12\">\u2666<\/td>\n<td width=\"103\"><strong>SSPOUL3\/4&Prime;<\/strong><\/td>\n<td width=\"42\">19.1<\/td>\n<td width=\"56\">0.750<\/td>\n<td width=\"42\">9,5<\/td>\n<td width=\"56\">0.375<\/td>\n<td width=\"42\">0,75<\/td>\n<td width=\"55\">0.035<\/td>\n<td width=\"121\">60<\/td>\n<\/tr>\n<tr>\n<td width=\"92\"><strong>SSPO1&Prime;<\/strong><\/td>\n<td width=\"12\">\u2666<\/td>\n<td width=\"103\"><strong>SSPOUL1&Prime;<\/strong><\/td>\n<td width=\"42\">25,4<\/td>\n<td width=\"56\">1.000<\/td>\n<td width=\"42\">12,7<\/td>\n<td width=\"56\">0.500<\/td>\n<td width=\"42\">0,90<\/td>\n<td width=\"55\">0.039<\/td>\n<td width=\"121\">60<\/td>\n<\/tr>\n<tr>\n<td width=\"92\"><strong>SSPO1-1\/2&Prime;<\/strong><\/td>\n<td width=\"12\"><\/td>\n<td width=\"103\"><strong>SSPOUL1-1\/2&Prime; (EN ANGLAIS)<\/strong><\/td>\n<td width=\"42\">38,1<\/td>\n<td width=\"56\">1.500<\/td>\n<td width=\"42\">19,1<\/td>\n<td width=\"56\">0.750<\/td>\n<td width=\"42\">0,95<\/td>\n<td width=\"55\">0.039<\/td>\n<td width=\"121\">30<\/td>\n<\/tr>\n<tr>\n<td width=\"92\"><strong>SSPO2&Prime;<\/strong><\/td>\n<td width=\"12\"><\/td>\n<td width=\"103\"><strong>SSPOUL2&Prime;<\/strong><\/td>\n<td width=\"42\">50,8<\/td>\n<td width=\"56\">2.000<\/td>\n<td width=\"42\">25,4<\/td>\n<td width=\"56\">2.000<\/td>\n<td width=\"42\">1,00<\/td>\n<td width=\"55\">0.045<\/td>\n<td width=\"121\">30<\/td>\n<\/tr>\n<tr>\n<td width=\"92\"><strong>SSPO3&Prime;<\/strong><\/td>\n<td width=\"12\"><\/td>\n<td width=\"103\"><strong>SSPOUL3&Prime;<\/strong><\/td>\n<td width=\"42\">76,2<\/td>\n<td width=\"56\">3.000<\/td>\n<td width=\"42\">38,1<\/td>\n<td width=\"56\">3.000<\/td>\n<td width=\"42\">1,25<\/td>\n<td width=\"55\">0.049<\/td>\n<td width=\"121\">30<\/td>\n<\/tr>\n<tr>\n<td width=\"92\"><strong>SSPO4&Prime;<\/strong><\/td>\n<td width=\"12\"><\/td>\n<td width=\"103\"><strong>SSPOUL4&Prime;<\/strong><\/td>\n<td width=\"42\">101,6<\/td>\n<td width=\"56\">4.000<\/td>\n<td width=\"42\">50,8<\/td>\n<td width=\"56\">4.000<\/td>\n<td width=\"42\">1,40<\/td>\n<td width=\"55\">0.055<\/td>\n<td width=\"121\">30<\/td>\n<\/tr>\n<\/tbody>\n<\/table>\n<p>&nbsp;<\/p>\n<p><strong>Couleurs :<br \/>\n<\/strong>noir (sw), bleu (bl), jaune (ge), rouge (rt), blanc (ws), vert (gn), violet (vi), marron (bn), vert-jaune (gnge), transparent (tr)<\/p>\n<p>&nbsp;<\/p>\n","protected":false},"excerpt":{"rendered":"<p>&nbsp;<\/p>\n<h5>Cette gaine thermor\u00e9tractable flexible en polyol\u00e9fine est un produit standard pr\u00e9sentant de bonnes propri\u00e9t\u00e9s chimiques et physiques. Elle est principalement utilis\u00e9e dans la confection de c\u00e2bles comme protection, codage couleur ou, une fois imprim\u00e9e, comme manchon d&rsquo;identification de c\u00e2bles.<\/h5>\n<p>&nbsp;<\/p>\n","protected":false},"featured_media":2116,"template":"","meta":{"_acf_changed":false},"product_brand":[],"product_cat":[217,228],"product_tag":[],"class_list":{"0":"post-5702","1":"product","2":"type-product","3":"status-publish","4":"has-post-thumbnail","6":"product_cat-tuyaux-techniques","7":"product_cat-gaines-thermoretractables","9":"first","10":"instock","11":"shipping-taxable","12":"purchasable","13":"product-type-simple"},"acf":[],"_links":{"self":[{"href":"https:\/\/schupp.ch\/fr\/wp-json\/wp\/v2\/product\/5702","targetHints":{"allow":["GET"]}}],"collection":[{"href":"https:\/\/schupp.ch\/fr\/wp-json\/wp\/v2\/product"}],"about":[{"href":"https:\/\/schupp.ch\/fr\/wp-json\/wp\/v2\/types\/product"}],"wp:featuredmedia":[{"embeddable":true,"href":"https:\/\/schupp.ch\/fr\/wp-json\/wp\/v2\/media\/2116"}],"wp:attachment":[{"href":"https:\/\/schupp.ch\/fr\/wp-json\/wp\/v2\/media?parent=5702"}],"wp:term":[{"taxonomy":"product_brand","embeddable":true,"href":"https:\/\/schupp.ch\/fr\/wp-json\/wp\/v2\/product_brand?post=5702"},{"taxonomy":"product_cat","embeddable":true,"href":"https:\/\/schupp.ch\/fr\/wp-json\/wp\/v2\/product_cat?post=5702"},{"taxonomy":"product_tag","embeddable":true,"href":"https:\/\/schupp.ch\/fr\/wp-json\/wp\/v2\/product_tag?post=5702"}],"curies":[{"name":"wp","href":"https:\/\/api.w.org\/{rel}","templated":true}]}}