{"id":5703,"date":"2024-01-25T16:29:30","date_gmt":"2024-01-25T15:29:30","guid":{"rendered":"https:\/\/schupp.ch\/p\/pierre-flexible-de-poncage-de-nettoyage-et-de-polissage-caoutchouc-abrasif-sans-poussiere\/"},"modified":"2025-11-30T13:21:36","modified_gmt":"2025-11-30T12:21:36","slug":"pierre-flexible-de-poncage-de-nettoyage-et-de-polissage-caoutchouc-abrasif-sans-poussiere","status":"publish","type":"product","link":"https:\/\/schupp.ch\/fr\/p\/pierre-flexible-de-poncage-de-nettoyage-et-de-polissage-caoutchouc-abrasif-sans-poussiere\/","title":{"rendered":"Pierres \u00e0 rectifier, \u00e0 nettoyer et \u00e0 polir, balais caoutchouc sans poussi\u00e8re"},"content":{"rendered":"<p>&nbsp;<\/p>\n<p><strong>Caract\u00e9ristiques<\/strong><\/p>\n<p>Excellent pour enlever des r\u00e9sidus d\u2019huile ou de graisse br\u00fbl\u00e9s, le nettoyage de lames et pointes.\u00a0Donne une surface extr\u00eamement polie. Commande minimale : 1 emballage<\/p>\n<p>&nbsp;<\/p>\n<table>\n<tbody>\n<tr>\n<td colspan=\"2\" width=\"118\"><strong>Art. No.<\/strong><\/td>\n<td width=\"196\">Taille [mm]<\/td>\n<td width=\"139\">Pi\u00e8ces\/emballage<\/td>\n<\/tr>\n<tr>\n<td width=\"90\"><strong>SPX6251<\/strong><\/td>\n<td width=\"28\">*<\/td>\n<td width=\"196\">9,5 x 12,7 x 127,0<\/td>\n<td width=\"139\">24<\/td>\n<\/tr>\n<tr>\n<td width=\"90\"><strong>SPX6253<\/strong><\/td>\n<td width=\"28\">*<\/td>\n<td width=\"196\">9,5 x 19,1 x 127,0<\/td>\n<td width=\"139\">24<\/td>\n<\/tr>\n<tr>\n<td width=\"90\"><strong>SPX6259<\/strong><\/td>\n<td width=\"28\">*<\/td>\n<td width=\"196\">15,9 x 25,4 x 127,0<\/td>\n<td width=\"139\">12<\/td>\n<\/tr>\n<tr>\n<td width=\"90\"><strong>SPX6264<\/strong><\/td>\n<td width=\"28\">*<\/td>\n<td width=\"196\">25,4 x 50,8 x 127,0<\/td>\n<td width=\"139\">6<\/td>\n<\/tr>\n<tr>\n<td width=\"90\"><strong>SPX6268<\/strong><\/td>\n<td width=\"28\">*<\/td>\n<td width=\"196\">25,4 x 101,6 x 127,0<\/td>\n<td width=\"139\">3<\/td>\n<\/tr>\n<tr>\n<td width=\"90\"><strong>SPX6271<\/strong><\/td>\n<td width=\"28\">*<\/td>\n<td width=\"196\">3,2 x 25,4 x 127,0<\/td>\n<td width=\"139\">6<\/td>\n<\/tr>\n<\/tbody>\n<\/table>\n<p>* pas d&rsquo;article en stock<\/p>\n<p>&nbsp;<\/p>\n<p>&nbsp;<\/p>\n<p><strong>Indications pour le choix de la dimension des pierres \u00e0 rectifier<\/strong><\/p>\n<p>Les dimensions des pierres \u00e0 rectifier sont toujours indiqu\u00e9es en longueur x largeur x hauteur ( l x b x h ). Pour chaque machine il faudrait toujours utiliser la plus grande surface de frottement possible ( longueur x largeur) La hauteur (h) de la pierre \u00e0 rectifier est d\u00e9termin\u00e9e par le rapport des diam\u00e8tres du collecteur et du bo\u00eetier.<\/p>\n<p>Pierre \u00e0 rectifier pour collecteur (n\u00b0 d\u2019article SP23-XXX) : La pierre \u00e0 rectifier doit avoir une largeur (l) qui recouvre au moins \u00be de la longueur des lamelles, tant qu\u2019elle passe bien entre les culasses des brosses.<\/p>\n<p>Trois ou quatre diff\u00e9rentes grandeurs devraient suffir pour chacun des modes d\u2019exploitation normaux. Apr\u00e8s avoir d\u00e9termin\u00e9 les dimensions approximatives, on peut choisir le prochain n\u00b0 d\u2019article qui convient le mieux.<\/p>\n<p>&nbsp;<\/p>\n","protected":false},"excerpt":{"rendered":"<h5><\/h5>\n<h5>Cette pierre \u00e0 rectifier et \u00e0 nettoyer est un d\u00e9veloppement sp\u00e9cial pour de multiples utilisations, o\u00f9 il faut nettoyer et polir avec pr\u00e9caution. Un produit abrasif fin et ne produisant pas de poussi\u00e8re est incorpor\u00e9 dans une masse de base. La pierre est flexible et non conductrice d\u2018\u00e9lectricit\u00e9.<\/h5>\n<p>&nbsp;<\/p>\n","protected":false},"featured_media":1858,"template":"","meta":{"_acf_changed":false},"product_brand":[],"product_cat":[142,177],"product_tag":[],"class_list":{"0":"post-5703","1":"product","2":"type-product","3":"status-publish","4":"has-post-thumbnail","6":"product_cat-technique-de-bobinage","7":"product_cat-pierres-a-meuler-et-a-polir","9":"first","10":"instock","11":"shipping-taxable","12":"purchasable","13":"product-type-simple"},"acf":[],"_links":{"self":[{"href":"https:\/\/schupp.ch\/fr\/wp-json\/wp\/v2\/product\/5703","targetHints":{"allow":["GET"]}}],"collection":[{"href":"https:\/\/schupp.ch\/fr\/wp-json\/wp\/v2\/product"}],"about":[{"href":"https:\/\/schupp.ch\/fr\/wp-json\/wp\/v2\/types\/product"}],"wp:featuredmedia":[{"embeddable":true,"href":"https:\/\/schupp.ch\/fr\/wp-json\/wp\/v2\/media\/1858"}],"wp:attachment":[{"href":"https:\/\/schupp.ch\/fr\/wp-json\/wp\/v2\/media?parent=5703"}],"wp:term":[{"taxonomy":"product_brand","embeddable":true,"href":"https:\/\/schupp.ch\/fr\/wp-json\/wp\/v2\/product_brand?post=5703"},{"taxonomy":"product_cat","embeddable":true,"href":"https:\/\/schupp.ch\/fr\/wp-json\/wp\/v2\/product_cat?post=5703"},{"taxonomy":"product_tag","embeddable":true,"href":"https:\/\/schupp.ch\/fr\/wp-json\/wp\/v2\/product_tag?post=5703"}],"curies":[{"name":"wp","href":"https:\/\/api.w.org\/{rel}","templated":true}]}}