{"id":5710,"date":"2024-01-25T16:33:56","date_gmt":"2024-01-25T15:33:56","guid":{"rendered":"https:\/\/schupp.ch\/p\/pierres-a-aiguiser-pour-petits-moteurs\/"},"modified":"2025-11-30T15:42:46","modified_gmt":"2025-11-30T14:42:46","slug":"pierres-a-aiguiser-pour-petits-moteurs","status":"publish","type":"product","link":"https:\/\/schupp.ch\/fr\/p\/pierres-a-aiguiser-pour-petits-moteurs\/","title":{"rendered":"Pierre \u00e0 rectifier pour petits moteurs"},"content":{"rendered":"<p>&nbsp;<\/p>\n<p><strong>Dimensions<\/strong><\/p>\n<table width=\"662\">\n<tbody>\n<tr>\n<td colspan=\"2\" width=\"113\"><strong>Art. No.<\/strong><\/td>\n<td width=\"113\">Dimensions [mm]<\/td>\n<td width=\"85\">Granulom\u00e9trie<\/td>\n<\/tr>\n<tr>\n<td width=\"95\"><strong>SPXLS825 <\/strong><strong>1)<\/strong><\/td>\n<td width=\"19\">*<\/td>\n<td width=\"113\">15,9&#215;9,5&#215;152,4<\/td>\n<td width=\"85\">C, M, F, P<\/td>\n<\/tr>\n<tr>\n<td colspan=\"4\" width=\"312\">&nbsp;<\/p>\n<p><img loading=\"lazy\" decoding=\"async\" class=\"alignnone size-full wp-image-4474\" src=\"https:\/\/schupp.ch\/wp-content\/uploads\/2024\/01\/Kleinmotoren_01.jpg\" alt=\"\" width=\"217\" height=\"190\" \/><\/p>\n<p>&nbsp;<\/p>\n<p>* pas d&rsquo;article en stock<\/p>\n<p>1) Pour les commandes, la granulom\u00e9trie doit \u00eatre indiqu\u00e9e apr\u00e8s le num\u00e9ro d&rsquo;article.<\/p>\n<p>&nbsp;<\/td>\n<\/tr>\n<tr>\n<td colspan=\"4\" width=\"312\">&nbsp;<\/p>\n<p><strong>C &#8211; <\/strong>Granulom\u00e9trie large<strong><br \/>\n<\/strong>Pour coupe rapide<\/p>\n<p><strong>M &#8211; <\/strong>Granulom\u00e9trie moyenne<strong><br \/>\n<\/strong>Normal, utilis\u00e9 pour dos en mica, rainures et endroits br\u00fbl\u00e9s<\/p>\n<p><strong>F &#8211; <\/strong>Granulom\u00e9trie fine<strong><br \/>\n<\/strong>Utilis\u00e9 pour apr\u00e8s des pierres plus grossi\u00e8res ou p\u00e9riodiquement pour enlever des petites in\u00e9galit\u00e9s et br\u00fblures, lorsqu\u2019elles apparaissent<\/p>\n<p><strong>P &#8211; <\/strong>Polir<strong><br \/>\n<\/strong>Granulom\u00e9trie tr\u00e8s fine pour polissage<\/p>\n<p>&nbsp;<\/td>\n<\/tr>\n<\/tbody>\n<\/table>\n<p>&nbsp;<\/p>\n<p>&nbsp;<\/p>\n<p>Cette pierre \u00e0 rectifier convient sp\u00e9cialement pour petits moteurs, poign\u00e9e longueur 254 mm<\/p>\n<p>&nbsp;<\/p>\n<p><strong>Dimensions<\/strong><\/p>\n<table width=\"662\">\n<tbody>\n<tr>\n<td colspan=\"2\" width=\"113\"><strong>Art. No.<\/strong><\/td>\n<td width=\"94\">Dimensions [mm]<\/td>\n<td width=\"85\">Granulom\u00e9trie<\/td>\n<\/tr>\n<tr>\n<td width=\"80\"><strong>SPX950 <\/strong><strong>1)<\/strong><\/td>\n<td width=\"33\">*<\/td>\n<td width=\"94\">19,1&#215;12,7&#215;9,5<\/td>\n<td width=\"85\">A, D,<\/td>\n<\/tr>\n<tr>\n<td colspan=\"4\" width=\"293\">&nbsp;<\/p>\n<p><img loading=\"lazy\" decoding=\"async\" class=\"alignnone size-full wp-image-4477\" src=\"https:\/\/schupp.ch\/wp-content\/uploads\/2024\/01\/Kleinmotoren_02.jpg\" alt=\"\" width=\"210\" height=\"184\" \/><\/p>\n<p>&nbsp;<\/p>\n<p>* pas d&rsquo;article en stock<\/p>\n<p>1) Lors d\u2019une commandes, veuillez ajouter le code du type apr\u00e8s le num\u00e9ro d\u2018article.<\/p>\n<p>&nbsp;<\/td>\n<\/tr>\n<tr>\n<td colspan=\"4\" width=\"293\">&nbsp;<\/p>\n<p><strong>A<\/strong> = moyen<\/p>\n<p><strong>D<\/strong> = fin -&gt; pour polir<\/p>\n<p>&nbsp;<\/td>\n<\/tr>\n<\/tbody>\n<\/table>\n<p>&nbsp;<\/p>\n<p>&nbsp;<\/p>\n<p><strong>Indications pour le choix de la dimension des pierres \u00e0 rectifier<\/strong><\/p>\n<p>Les dimensions des pierres \u00e0 rectifier sont toujours indiqu\u00e9es en longueur x largeur x hauteur ( l x b x h ). Pour chaque machine il faudrait toujours utiliser la plus grande surface de frottement possible ( longueur x largeur) La hauteur (h) de la pierre \u00e0 rectifier est d\u00e9termin\u00e9e par le rapport des diam\u00e8tres du collecteur et du bo\u00eetier.<\/p>\n<p>Pierre \u00e0 rectifier pour collecteur (n\u00b0 d\u2019article SP23-XXX) : Ces pierres \u00e0 rectifier doivent avoir une largeur (l) qui recouvre au moins \u00be de la longueur des lamelles, tant qu\u2019elles passe bien entre les culasses des brosses.<\/p>\n<p>Trois ou quatre diff\u00e9rentes grandeurs devraient suffir pour chacun des modes d\u2019exploitation normaux. Apr\u00e8s avoir d\u00e9termin\u00e9 les dimensions approximatives, on peut choisir le prochain n\u00b0 d\u2019article qui convient le mieux.<\/p>\n<p>&nbsp;<\/p>\n","protected":false},"excerpt":{"rendered":"<p>&nbsp;<\/p>\n<h5>Pierre \u00e0 rectifier avec diff\u00e9rentes combinaisons de granulom\u00e9trissus)<\/h5>\n<p>&nbsp;<\/p>\n","protected":false},"featured_media":1872,"template":"","meta":{"_acf_changed":false},"product_brand":[],"product_cat":[142,177],"product_tag":[],"class_list":{"0":"post-5710","1":"product","2":"type-product","3":"status-publish","4":"has-post-thumbnail","6":"product_cat-technique-de-bobinage","7":"product_cat-pierres-a-meuler-et-a-polir","9":"first","10":"instock","11":"shipping-taxable","12":"purchasable","13":"product-type-simple"},"acf":[],"_links":{"self":[{"href":"https:\/\/schupp.ch\/fr\/wp-json\/wp\/v2\/product\/5710","targetHints":{"allow":["GET"]}}],"collection":[{"href":"https:\/\/schupp.ch\/fr\/wp-json\/wp\/v2\/product"}],"about":[{"href":"https:\/\/schupp.ch\/fr\/wp-json\/wp\/v2\/types\/product"}],"wp:featuredmedia":[{"embeddable":true,"href":"https:\/\/schupp.ch\/fr\/wp-json\/wp\/v2\/media\/1872"}],"wp:attachment":[{"href":"https:\/\/schupp.ch\/fr\/wp-json\/wp\/v2\/media?parent=5710"}],"wp:term":[{"taxonomy":"product_brand","embeddable":true,"href":"https:\/\/schupp.ch\/fr\/wp-json\/wp\/v2\/product_brand?post=5710"},{"taxonomy":"product_cat","embeddable":true,"href":"https:\/\/schupp.ch\/fr\/wp-json\/wp\/v2\/product_cat?post=5710"},{"taxonomy":"product_tag","embeddable":true,"href":"https:\/\/schupp.ch\/fr\/wp-json\/wp\/v2\/product_tag?post=5710"}],"curies":[{"name":"wp","href":"https:\/\/api.w.org\/{rel}","templated":true}]}}