{"id":5711,"date":"2024-01-25T16:32:28","date_gmt":"2024-01-25T15:32:28","guid":{"rendered":"https:\/\/schupp.ch\/p\/pierres-a-affuter-de-precision-pour-inserts-doutils\/"},"modified":"2025-11-30T14:42:57","modified_gmt":"2025-11-30T13:42:57","slug":"pierres-a-affuter-de-precision-pour-inserts-doutils","status":"publish","type":"product","link":"https:\/\/schupp.ch\/fr\/p\/pierres-a-affuter-de-precision-pour-inserts-doutils\/","title":{"rendered":"Pierres \u00e0 rectifier de pr\u00e9cision pour porte-outils"},"content":{"rendered":"<p>&nbsp;<\/p>\n<p><strong>Dimensions<\/strong><\/p>\n<table>\n<tbody>\n<tr>\n<td colspan=\"2\" width=\"96\"><strong>Art. No.<\/strong><\/td>\n<td width=\"168\">Taille [mm]<\/td>\n<td width=\"111\">Pi\u00e8ces\/emballage<\/td>\n<\/tr>\n<tr>\n<td width=\"76\"><strong>SPXLS804<\/strong><\/td>\n<td width=\"20\">*<\/td>\n<td width=\"168\">19,1 x 19,1 x 76,2<\/td>\n<td width=\"111\">2<\/td>\n<\/tr>\n<\/tbody>\n<\/table>\n<p>* pas d&rsquo;article en stock, quantit\u00e9 minimale de commande : 1 paquet<\/p>\n<p>&nbsp;<\/p>\n<p>&nbsp;<\/p>\n<p><strong>Indications pour le choix de la dimension des pierres \u00e0 rectifier<\/strong><\/p>\n<p>Les dimensions des pierres \u00e0 rectifier sont toujours indiqu\u00e9es en longueur x largeur x hauteur ( l x b x h ). Pour chaque machine il faudrait toujours utiliser la plus grande surface de frottement possible ( longueur x largeur) La hauteur (h) de la pierre \u00e0 rectifier est d\u00e9termin\u00e9e par le rapport des diam\u00e8tres du collecteur et du bo\u00eetier.<\/p>\n<p>Pierre \u00e0 rectifier pour collecteur (n\u00b0 d\u2019article SP23-XXX) : Ces pierres \u00e0 rectifier doivent avoir une largeur (l) qui recouvre au moins \u00be de la longueur des lamelles, tant qu\u2019elles passe bien entre les culasses des brosses.<\/p>\n<p>Trois ou quatre diff\u00e9rentes grandeurs devraient suffir pour chacun des modes d\u2019exploitation normaux. Apr\u00e8s avoir d\u00e9termin\u00e9 les dimensions approximatives, on peut choisir le prochain n\u00b0 d\u2019article qui convient le mieux.<\/p>\n<p>&nbsp;<\/p>\n","protected":false},"excerpt":{"rendered":"<p>&nbsp;<\/p>\n<h5>Pierre \u00e0 rectifier \u00e0 ins\u00e9rer dans les outils de rectification de pr\u00e9cision mobiles ou autres outils de maintien\/tours. Les pierres abrasives pour collecteurs et bagues abrasives en alliage de cuivre sont fabriqu\u00e9es en six types de pierres. Grosse granulom\u00e9trie &#8211; coupe rapide-<\/h5>\n<p>&nbsp;<\/p>\n","protected":false},"featured_media":1868,"template":"","meta":{"_acf_changed":false},"product_brand":[],"product_cat":[142,177],"product_tag":[],"class_list":{"0":"post-5711","1":"product","2":"type-product","3":"status-publish","4":"has-post-thumbnail","6":"product_cat-technique-de-bobinage","7":"product_cat-pierres-a-meuler-et-a-polir","9":"first","10":"instock","11":"shipping-taxable","12":"purchasable","13":"product-type-simple"},"acf":[],"_links":{"self":[{"href":"https:\/\/schupp.ch\/fr\/wp-json\/wp\/v2\/product\/5711","targetHints":{"allow":["GET"]}}],"collection":[{"href":"https:\/\/schupp.ch\/fr\/wp-json\/wp\/v2\/product"}],"about":[{"href":"https:\/\/schupp.ch\/fr\/wp-json\/wp\/v2\/types\/product"}],"wp:featuredmedia":[{"embeddable":true,"href":"https:\/\/schupp.ch\/fr\/wp-json\/wp\/v2\/media\/1868"}],"wp:attachment":[{"href":"https:\/\/schupp.ch\/fr\/wp-json\/wp\/v2\/media?parent=5711"}],"wp:term":[{"taxonomy":"product_brand","embeddable":true,"href":"https:\/\/schupp.ch\/fr\/wp-json\/wp\/v2\/product_brand?post=5711"},{"taxonomy":"product_cat","embeddable":true,"href":"https:\/\/schupp.ch\/fr\/wp-json\/wp\/v2\/product_cat?post=5711"},{"taxonomy":"product_tag","embeddable":true,"href":"https:\/\/schupp.ch\/fr\/wp-json\/wp\/v2\/product_tag?post=5711"}],"curies":[{"name":"wp","href":"https:\/\/api.w.org\/{rel}","templated":true}]}}