{"id":5713,"date":"2024-01-25T12:05:29","date_gmt":"2024-01-25T11:05:29","guid":{"rendered":"https:\/\/schupp.ch\/p\/ruban-adhesif-en-ptfe\/"},"modified":"2025-11-16T14:30:54","modified_gmt":"2025-11-16T13:30:54","slug":"ruban-adhesif-en-ptfe","status":"publish","type":"product","link":"https:\/\/schupp.ch\/fr\/p\/ruban-adhesif-en-ptfe\/","title":{"rendered":"Ruban adh\u00e9sif en PTFE"},"content":{"rendered":"<p>&nbsp;<\/p>\n<table width=\"643\">\n<tbody>\n<tr>\n<td rowspan=\"2\" width=\"158\"><strong>Num\u00e9ro principal<\/strong><\/td>\n<td rowspan=\"2\" width=\"119\">Mat\u00e9riel de base<\/td>\n<td rowspan=\"2\" width=\"86\">Couleur<\/td>\n<td colspan=\"2\" width=\"147\">\u00c9paisseur [mm]<\/td>\n<td rowspan=\"2\" width=\"132\">Adh\u00e9sif<\/td>\n<\/tr>\n<tr>\n<td width=\"72\">sans adh\u00e9sif<\/td>\n<td width=\"75\">avec adh\u00e9sif<\/td>\n<\/tr>\n<tr>\n<td width=\"158\"><a href=\"https:\/\/nx5412.your-storageshare.de\/s\/oKigQ8e7Fk5djwJ\" target=\"_blank\" rel=\"noopener\">EK75100<\/a><\/td>\n<td width=\"119\">PTFE<\/td>\n<td width=\"86\">gris<\/td>\n<td width=\"72\">0,100\u00b110%<\/td>\n<td width=\"75\">0,130\u00b110%<\/td>\n<td width=\"132\">Acrylate<\/td>\n<\/tr>\n<\/tbody>\n<\/table>\n<p>&nbsp;<\/p>\n","protected":false},"excerpt":{"rendered":"<p>&nbsp;<\/p>\n<h5>Ruban adh\u00e9sif avec un film r\u00e9sistant aux produits chimiques pour l&rsquo;\u00e9tanch\u00e9it\u00e9 et comme surface anti-adh\u00e9rente, tr\u00e8s bonne r\u00e9sistance \u00e0 la corona (isolation) pour cr\u00e9er des surfaces lisses sur lesquelles les objets peuvent \u00eatre gliss\u00e9s sans les rayer ; tr\u00e8s r\u00e9sistant aux produits chimiques, \u00e9vite l&rsquo;adh\u00e9rence des salissures.<\/h5>\n<p>&nbsp;<\/p>\n","protected":false},"featured_media":1575,"template":"","meta":{"_acf_changed":false},"product_brand":[],"product_cat":[165,230,232,229],"product_tag":[],"class_list":{"0":"post-5713","1":"product","2":"type-product","3":"status-publish","4":"has-post-thumbnail","6":"product_cat-bandes-techniques","7":"product_cat-rubans-adhesifs-electriques-pour-classe-thermique-h-180-c","8":"product_cat-rubans-et-films-adhesifs-de-protection-de-surface","9":"product_cat-bandes-et-applications-speciales","11":"first","12":"instock","13":"shipping-taxable","14":"purchasable","15":"product-type-simple"},"acf":[],"_links":{"self":[{"href":"https:\/\/schupp.ch\/fr\/wp-json\/wp\/v2\/product\/5713","targetHints":{"allow":["GET"]}}],"collection":[{"href":"https:\/\/schupp.ch\/fr\/wp-json\/wp\/v2\/product"}],"about":[{"href":"https:\/\/schupp.ch\/fr\/wp-json\/wp\/v2\/types\/product"}],"wp:featuredmedia":[{"embeddable":true,"href":"https:\/\/schupp.ch\/fr\/wp-json\/wp\/v2\/media\/1575"}],"wp:attachment":[{"href":"https:\/\/schupp.ch\/fr\/wp-json\/wp\/v2\/media?parent=5713"}],"wp:term":[{"taxonomy":"product_brand","embeddable":true,"href":"https:\/\/schupp.ch\/fr\/wp-json\/wp\/v2\/product_brand?post=5713"},{"taxonomy":"product_cat","embeddable":true,"href":"https:\/\/schupp.ch\/fr\/wp-json\/wp\/v2\/product_cat?post=5713"},{"taxonomy":"product_tag","embeddable":true,"href":"https:\/\/schupp.ch\/fr\/wp-json\/wp\/v2\/product_tag?post=5713"}],"curies":[{"name":"wp","href":"https:\/\/api.w.org\/{rel}","templated":true}]}}