{"id":5717,"date":"2024-01-25T12:07:56","date_gmt":"2024-01-25T11:07:56","guid":{"rendered":"https:\/\/schupp.ch\/p\/ruban-adhesif-en-tissu-de-verre-ptfe\/"},"modified":"2025-11-14T18:24:10","modified_gmt":"2025-11-14T17:24:10","slug":"ruban-adhesif-en-tissu-de-verre-ptfe","status":"publish","type":"product","link":"https:\/\/schupp.ch\/fr\/p\/ruban-adhesif-en-tissu-de-verre-ptfe\/","title":{"rendered":"Ruban adh\u00e9sif en tissu de verre PTFE"},"content":{"rendered":"<p>&nbsp;<\/p>\n<p><strong>Caract\u00e9ristiques :<br \/>\n<\/strong>Film de r\u00e9paration pour toitures en film. R\u00e9sistance maximale aux UV, tr\u00e8s bonne r\u00e9sistance aux intemp\u00e9ries, transparence \u00e9lev\u00e9e, surface r\u00e9pulsive, adh\u00e9sif extr\u00eamement durable, comme ci-dessus, mais renforc\u00e9 m\u00e9caniquement et plus durablement par la couche de tissu de verre.<\/p>\n<p>&nbsp;<\/p>\n<table width=\"635\">\n<tbody>\n<tr>\n<td rowspan=\"2\" width=\"150\"><strong>Num\u00e9ro principal<\/strong><\/td>\n<td rowspan=\"2\" width=\"119\">Mat\u00e9riel de base<\/td>\n<td rowspan=\"2\" width=\"82\">Couleur<\/td>\n<td colspan=\"2\" width=\"151\">\u00c9paisseur [mm]<\/td>\n<td rowspan=\"2\" width=\"132\">Adh\u00e9sif<\/td>\n<\/tr>\n<tr>\n<td width=\"76\">sans adh\u00e9sif<\/td>\n<td width=\"76\">avec adh\u00e9sif<\/td>\n<\/tr>\n<tr>\n<td width=\"150\"><a href=\"https:\/\/nx5412.your-storageshare.de\/s\/ocJqCS87bREqbTz\" target=\"_blank\" rel=\"noopener\">EK76700<\/a><\/td>\n<td width=\"119\">PTFE\/tissu de verre<\/td>\n<td width=\"82\">gris<\/td>\n<td width=\"76\">0,130\u00b110%<\/td>\n<td width=\"76\">0,175\u00b110%<\/td>\n<td width=\"132\">Polysiloxane<\/td>\n<\/tr>\n<\/tbody>\n<\/table>\n<p>&nbsp;<\/p>\n","protected":false},"excerpt":{"rendered":"<p>&nbsp;<\/p>\n<h5>Ruban adh\u00e9sif puissant \u00e0 base d&rsquo;un composite PTFE et tissu de verre, enduit sur une face d&rsquo;un adh\u00e9sif silicone r\u00e9sistant aux temp\u00e9ratures \u00e9lev\u00e9es et aux milieux agressifs. Son support PTFE repoussant est pr\u00e9destin\u00e9 \u00e0 \u00eatre utilis\u00e9 comme surface de s\u00e9paration dans le thermoscellage.<\/h5>\n<p>&nbsp;<\/p>\n<p>&nbsp;<\/p>\n<p>&nbsp;<\/p>\n","protected":false},"featured_media":4833,"template":"","meta":{"_acf_changed":false},"product_brand":[],"product_cat":[165,230,232,229],"product_tag":[],"class_list":{"0":"post-5717","1":"product","2":"type-product","3":"status-publish","4":"has-post-thumbnail","6":"product_cat-bandes-techniques","7":"product_cat-rubans-adhesifs-electriques-pour-classe-thermique-h-180-c","8":"product_cat-rubans-et-films-adhesifs-de-protection-de-surface","9":"product_cat-bandes-et-applications-speciales","11":"first","12":"instock","13":"shipping-taxable","14":"purchasable","15":"product-type-simple"},"acf":[],"_links":{"self":[{"href":"https:\/\/schupp.ch\/fr\/wp-json\/wp\/v2\/product\/5717","targetHints":{"allow":["GET"]}}],"collection":[{"href":"https:\/\/schupp.ch\/fr\/wp-json\/wp\/v2\/product"}],"about":[{"href":"https:\/\/schupp.ch\/fr\/wp-json\/wp\/v2\/types\/product"}],"wp:featuredmedia":[{"embeddable":true,"href":"https:\/\/schupp.ch\/fr\/wp-json\/wp\/v2\/media\/4833"}],"wp:attachment":[{"href":"https:\/\/schupp.ch\/fr\/wp-json\/wp\/v2\/media?parent=5717"}],"wp:term":[{"taxonomy":"product_brand","embeddable":true,"href":"https:\/\/schupp.ch\/fr\/wp-json\/wp\/v2\/product_brand?post=5717"},{"taxonomy":"product_cat","embeddable":true,"href":"https:\/\/schupp.ch\/fr\/wp-json\/wp\/v2\/product_cat?post=5717"},{"taxonomy":"product_tag","embeddable":true,"href":"https:\/\/schupp.ch\/fr\/wp-json\/wp\/v2\/product_tag?post=5717"}],"curies":[{"name":"wp","href":"https:\/\/api.w.org\/{rel}","templated":true}]}}