{"id":5721,"date":"2024-01-25T12:08:46","date_gmt":"2024-01-25T11:08:46","guid":{"rendered":"https:\/\/schupp.ch\/p\/ruban-adhesif-en-aluminium\/"},"modified":"2025-11-15T17:42:51","modified_gmt":"2025-11-15T16:42:51","slug":"ruban-adhesif-en-aluminium","status":"publish","type":"product","link":"https:\/\/schupp.ch\/fr\/p\/ruban-adhesif-en-aluminium\/","title":{"rendered":"Ruban adh\u00e9sif en aluminium"},"content":{"rendered":"<p>&nbsp;<\/p>\n<p><strong>Caract\u00e9ristiques :<br \/>\n<\/strong>Feuille d&rsquo;aluminium r\u00e9sistante aux temp\u00e9ratures \u00e9lev\u00e9es, par exemple comme couverture pour les rev\u00eatements en poudre, se retire sans laisser de r\u00e9sidus, m\u00eame apr\u00e8s l&rsquo;exposition \u00e0 la chaleur.<\/p>\n<table width=\"635\">\n<tbody>\n<tr>\n<td rowspan=\"2\" width=\"150\"><strong>Num\u00e9ro principal<\/strong><\/td>\n<td rowspan=\"2\" width=\"125\">Mat\u00e9riel de base<\/td>\n<td rowspan=\"2\" width=\"58\">Couleur<\/td>\n<td colspan=\"2\" width=\"151\">\u00c9paisseur [mm]<\/td>\n<td rowspan=\"2\" width=\"151\">Adh\u00e9sif<\/td>\n<\/tr>\n<tr>\n<td width=\"72\">sans adh\u00e9sif<\/td>\n<td width=\"79\">avec adh\u00e9sif<\/td>\n<\/tr>\n<tr>\n<td width=\"150\"><a href=\"https:\/\/nx5412.your-storageshare.de\/s\/t5ZCTGrcYq3BdTN\" target=\"_blank\" rel=\"noopener\">EK90150<\/a><\/td>\n<td width=\"125\">Aluminium souple<\/td>\n<td width=\"58\">chamois<\/td>\n<td width=\"72\">0,050\u00b110%<\/td>\n<td width=\"79\">0,110\u00b110%<\/td>\n<td width=\"151\">Caoutchouc<\/td>\n<\/tr>\n<\/tbody>\n<\/table>\n<p>&nbsp;<\/p>\n<p>Les fiches techniques sont disponibles sur demande ou en cliquant sur le num\u00e9ro de fiche.<\/p>\n<p>&nbsp;<\/p>\n<p><strong>Num\u00e9ro d&rsquo;article : <\/strong><\/p>\n<p>Exemple : EK75100\/006.0<br \/>\nEK75100 = num\u00e9ro de base<br \/>\n006.0 = largeur en mm<\/p>\n<p>&nbsp;<\/p>\n","protected":false},"excerpt":{"rendered":"<p>&nbsp;<\/p>\n<h5>Ruban adh\u00e9sif r\u00e9sistant aux temp\u00e9ratures \u00e9lev\u00e9es \u00e0 base d&rsquo;une feuille d&rsquo;aluminium, adapt\u00e9 par exemple comme rev\u00eatement pour les rev\u00eatements en poudre et pouvant \u00eatre retir\u00e9 sans laisser de r\u00e9sidus, m\u00eame apr\u00e8s exposition \u00e0 la chaleur.<\/h5>\n<p>&nbsp;<\/p>\n<p>&nbsp;<\/p>\n","protected":false},"featured_media":4836,"template":"","meta":{"_acf_changed":false},"product_brand":[],"product_cat":[165,167,232],"product_tag":[],"class_list":{"0":"post-5721","1":"product","2":"type-product","3":"status-publish","4":"has-post-thumbnail","6":"product_cat-bandes-techniques","7":"product_cat-rubans-adhesifs-pour-metal","8":"product_cat-rubans-et-films-adhesifs-de-protection-de-surface","10":"first","11":"instock","12":"shipping-taxable","13":"purchasable","14":"product-type-simple"},"acf":[],"_links":{"self":[{"href":"https:\/\/schupp.ch\/fr\/wp-json\/wp\/v2\/product\/5721","targetHints":{"allow":["GET"]}}],"collection":[{"href":"https:\/\/schupp.ch\/fr\/wp-json\/wp\/v2\/product"}],"about":[{"href":"https:\/\/schupp.ch\/fr\/wp-json\/wp\/v2\/types\/product"}],"wp:featuredmedia":[{"embeddable":true,"href":"https:\/\/schupp.ch\/fr\/wp-json\/wp\/v2\/media\/4836"}],"wp:attachment":[{"href":"https:\/\/schupp.ch\/fr\/wp-json\/wp\/v2\/media?parent=5721"}],"wp:term":[{"taxonomy":"product_brand","embeddable":true,"href":"https:\/\/schupp.ch\/fr\/wp-json\/wp\/v2\/product_brand?post=5721"},{"taxonomy":"product_cat","embeddable":true,"href":"https:\/\/schupp.ch\/fr\/wp-json\/wp\/v2\/product_cat?post=5721"},{"taxonomy":"product_tag","embeddable":true,"href":"https:\/\/schupp.ch\/fr\/wp-json\/wp\/v2\/product_tag?post=5721"}],"curies":[{"name":"wp","href":"https:\/\/api.w.org\/{rel}","templated":true}]}}