{"id":5724,"date":"2024-01-25T10:31:35","date_gmt":"2024-01-25T09:31:35","guid":{"rendered":"https:\/\/schupp.ch\/p\/resines-de-silicone-a-deux-composants-bectron-sk76-reticulant-par-condensation\/"},"modified":"2025-11-22T14:49:47","modified_gmt":"2025-11-22T13:49:47","slug":"resines-de-silicone-a-deux-composants-bectron-sk76-reticulant-par-condensation","status":"publish","type":"product","link":"https:\/\/schupp.ch\/fr\/p\/resines-de-silicone-a-deux-composants-bectron-sk76-reticulant-par-condensation\/","title":{"rendered":"R\u00e9sines en silicone \u00e0 deux composants Bectron\u00ae SK76,  r\u00e9ticulant par condensation"},"content":{"rendered":"<p>&nbsp;<\/p>\n<table width=\"676\">\n<tbody>\n<tr>\n<td colspan=\"2\" width=\"203\"><strong>Num\u00e9ro principal<\/strong><\/td>\n<td width=\"58\">Couleur<\/td>\n<td width=\"70\">Viscosit\u00e9 du m\u00e9lange<\/td>\n<td width=\"63\">Temps de traitement<\/td>\n<td width=\"54\">Duret\u00e9<\/td>\n<td width=\"83\">Conductivit\u00e9 thermique<\/td>\n<td width=\"87\">Temps de durcissement @ 25\u00b0C<\/td>\n<td width=\"58\">UL [intern]<\/td>\n<\/tr>\n<tr>\n<td width=\"95\"><strong>R\u00e9sine<\/strong><\/td>\n<td width=\"109\"><strong>Durcisseur<\/strong><\/td>\n<td width=\"58\"><\/td>\n<td width=\"70\">[mPa*s]<\/td>\n<td width=\"63\">[min]<\/td>\n<td width=\"54\">[Shore]<\/td>\n<td width=\"83\">[W\/mK]<\/td>\n<td width=\"87\">[h]<\/td>\n<td width=\"58\"><\/td>\n<\/tr>\n<tr>\n<td width=\"95\"><strong>GHSK76V2<\/strong><strong>-50<\/strong><\/td>\n<td width=\"109\"><strong>GHSG79V5-50<\/strong><\/td>\n<td width=\"58\">bleu\u00e2tre<\/td>\n<td width=\"70\">2600<\/td>\n<td width=\"63\">30<\/td>\n<td width=\"54\">A 50<\/td>\n<td width=\"83\">0,40<\/td>\n<td width=\"87\">24<\/td>\n<td width=\"58\">&#8211;<\/td>\n<\/tr>\n<tr>\n<td width=\"95\"><strong>GHSK76V2<\/strong><strong>-75<\/strong><\/td>\n<td width=\"109\"><strong>GHSG79V5-75<\/strong><\/td>\n<td width=\"58\">bleut\u00e9<\/td>\n<td width=\"70\">7500<\/td>\n<td width=\"63\">20<\/td>\n<td width=\"54\">A 75<\/td>\n<td width=\"83\">0,42<\/td>\n<td width=\"87\">6<\/td>\n<td width=\"58\">V1<\/td>\n<\/tr>\n<\/tbody>\n<\/table>\n<p>&nbsp;<\/p>\n<p>&nbsp;<\/p>\n<p><strong>Unit\u00e9s de vente<\/strong><\/p>\n<table>\n<tbody>\n<tr>\n<td width=\"139\"><strong>Num\u00e9ro d&rsquo;article R\u00e9sine<\/strong><\/td>\n<td width=\"122\">Unit\u00e9 de vente [kg]<\/td>\n<td width=\"169\"><strong>Num\u00e9ro d&rsquo;article Catalyseur<\/strong><\/td>\n<td width=\"133\">Unit\u00e9 de vente [kg]<\/td>\n<\/tr>\n<tr>\n<td width=\"139\"><strong>GHSK76V2-50\/01000 GHSK76V2-50\/30000<\/strong><\/td>\n<td width=\"122\">13<br \/>\n0<\/td>\n<td width=\"169\"><strong>GHSG79V5-50\/01000 GHSG79V5-50\/30000<\/strong><\/td>\n<td width=\"133\">1<br \/>\n30<\/td>\n<\/tr>\n<tr>\n<td width=\"139\"><strong>GHSK76V2-75\/01000 GHSK76V2-75\/05000<\/strong><\/td>\n<td width=\"122\">1<br \/>\n5<\/td>\n<td width=\"169\"><strong>GHSG79V5-75\/01000 GHSG79V5-75\/05000<\/strong><\/td>\n<td width=\"133\">1<br \/>\n5<\/td>\n<\/tr>\n<\/tbody>\n<\/table>\n<p>&nbsp;<\/p>\n<p>&nbsp;<\/p>\n<p><strong>Note<\/strong><\/p>\n<p>Les fiches techniques sont disponibles sur demande ou en cliquant sur le num\u00e9ro de fiche. Les informations techniques sont donn\u00e9es en toute bonne foi. Elles ne dispensent pas l&rsquo;utilisateur de v\u00e9rifier l&rsquo;ad\u00e9quation du produit par ses propres essais.<\/p>\n<p>&nbsp;<\/p>\n","protected":false},"excerpt":{"rendered":"<p>&nbsp;<\/p>\n<h5><strong>La s\u00e9rie Bectron\u00ae SK76\u00a0 \u00a0 \u00a0<\/strong>est un syst\u00e8me \u00e0 deux composants, qui est r\u00e9ticulant par condensation. Les r\u00e9sines durcissent \u00e0 la temp\u00e9rature ambiante. Grace \u00e0 de propri\u00e9t\u00e9s \u00e9lastiques et la r\u00e9sistance \u00e0 la temp\u00e9rature \u00e0 long terme de -40\u00b0C jusqu\u2018 \u00e0 \u00a0+180 \u00b0C les r\u00e9sines sont appliqu\u00e9es avec de succ\u00e8s pour de protection de l\u2018 \u00e9lectronique contre de chocs de temp\u00e9rature.<\/h5>\n<p>&nbsp;<\/p>\n<p>&nbsp;<\/p>\n","protected":false},"featured_media":1413,"template":"","meta":{"_acf_changed":false},"product_brand":[],"product_cat":[241,325],"product_tag":[],"class_list":{"0":"post-5724","1":"product","2":"type-product","3":"status-publish","4":"has-post-thumbnail","6":"product_cat-isolants-et-adhesifs-liquides-pour-la-protection-de-lelectronique","7":"product_cat-resines-de-coulee-masses-de-scellement","9":"first","10":"instock","11":"shipping-taxable","12":"purchasable","13":"product-type-simple"},"acf":[],"_links":{"self":[{"href":"https:\/\/schupp.ch\/fr\/wp-json\/wp\/v2\/product\/5724","targetHints":{"allow":["GET"]}}],"collection":[{"href":"https:\/\/schupp.ch\/fr\/wp-json\/wp\/v2\/product"}],"about":[{"href":"https:\/\/schupp.ch\/fr\/wp-json\/wp\/v2\/types\/product"}],"wp:featuredmedia":[{"embeddable":true,"href":"https:\/\/schupp.ch\/fr\/wp-json\/wp\/v2\/media\/1413"}],"wp:attachment":[{"href":"https:\/\/schupp.ch\/fr\/wp-json\/wp\/v2\/media?parent=5724"}],"wp:term":[{"taxonomy":"product_brand","embeddable":true,"href":"https:\/\/schupp.ch\/fr\/wp-json\/wp\/v2\/product_brand?post=5724"},{"taxonomy":"product_cat","embeddable":true,"href":"https:\/\/schupp.ch\/fr\/wp-json\/wp\/v2\/product_cat?post=5724"},{"taxonomy":"product_tag","embeddable":true,"href":"https:\/\/schupp.ch\/fr\/wp-json\/wp\/v2\/product_tag?post=5724"}],"curies":[{"name":"wp","href":"https:\/\/api.w.org\/{rel}","templated":true}]}}