{"id":5725,"date":"2024-01-25T10:33:47","date_gmt":"2024-01-25T09:33:47","guid":{"rendered":"https:\/\/schupp.ch\/p\/resine-epoxy-a-deux-composants-bectron-ep-durcissant-a-froid-auto-extinguible\/"},"modified":"2025-11-21T18:00:18","modified_gmt":"2025-11-21T17:00:18","slug":"resine-epoxy-a-deux-composants-bectron-ep-durcissant-a-froid-auto-extinguible","status":"publish","type":"product","link":"https:\/\/schupp.ch\/fr\/p\/resine-epoxy-a-deux-composants-bectron-ep-durcissant-a-froid-auto-extinguible\/","title":{"rendered":"R\u00e9sines \u00e9poxydes \u00e0 deux composants Bectron\u00ae EP durcissant \u00e0 froid"},"content":{"rendered":"<p>&nbsp;<\/p>\n<table>\n<tbody>\n<tr>\n<td colspan=\"2\" width=\"168\">\u00a0<strong>Num\u00e9ro principal<\/strong><\/td>\n<td rowspan=\"2\" width=\"93\">Rapport de m\u00e9lange R\u00e9sine\/durcisseur (au poids)<\/td>\n<td width=\"119\">Viscosit\u00e9 du m\u00e9lange \u00e0 25\u00b0C DIN 53019<\/td>\n<td width=\"97\">Temps de durcissement \u00e0 25 \u00b0C ou<\/td>\n<td width=\"74\">Duret\u00e9 DIN 53505<\/td>\n<td rowspan=\"2\" width=\"71\">Indice de temp\u00e9rature TI IEC 216<\/td>\n<\/tr>\n<tr>\n<td width=\"95\"><strong>R\u00e9sine<\/strong><\/td>\n<td width=\"72\"><strong>Durcisseur<\/strong><\/td>\n<td width=\"119\">[mPa*s]<\/td>\n<td width=\"97\">[h] (Temp.)<\/td>\n<td width=\"74\">[Shore}<\/td>\n<\/tr>\n<tr>\n<td width=\"95\"><a href=\"https:\/\/schupp.ch\/wp-content\/uploads\/2024\/09\/Bectron_EP_5504.pdf\"><strong>GHEP5504<\/strong><\/a><strong> (UL 94 V-0)<\/strong><\/td>\n<td width=\"72\"><strong>GHEP5909<\/strong><\/td>\n<td width=\"93\">100 : 9<\/td>\n<td width=\"119\">3000\u00b1750<\/td>\n<td width=\"97\">48 \/ 1-6 (100\u00b0)<\/td>\n<td width=\"74\">D 82<\/td>\n<td width=\"71\">155<\/td>\n<\/tr>\n<\/tbody>\n<\/table>\n<p>&nbsp;<\/p>\n<p>Ouvrir la fiche technique en cliquant sur le num\u00e9ro principal<\/p>\n<p>&nbsp;<\/p>\n<p><strong>Unit\u00e9 de vente<\/strong><\/p>\n<table>\n<tbody>\n<tr>\n<td width=\"137\"><strong>Num\u00e9ro d&rsquo;article R\u00e9sine<\/strong><\/td>\n<td width=\"120\">Unit\u00e9 de vente [kg]<\/td>\n<td width=\"170\"><strong>Num\u00e9ro d&rsquo;article Durcisseur<\/strong><\/td>\n<td width=\"126\">Unit\u00e9 de vente [kg]<\/td>\n<\/tr>\n<tr>\n<td width=\"137\"><strong>GHEP5504\/01000<\/strong><\/td>\n<td width=\"120\">1<\/td>\n<td rowspan=\"3\" width=\"170\"><strong>GHEP5909\/01000<\/strong><\/td>\n<td rowspan=\"3\" width=\"126\">1<\/td>\n<\/tr>\n<tr>\n<td width=\"137\"><strong>GHEP5504\/05000<\/strong><\/td>\n<td width=\"120\">5<\/td>\n<\/tr>\n<tr>\n<td width=\"137\"><strong>GHEP5504\/30000<\/strong><\/td>\n<td width=\"120\">30<\/td>\n<\/tr>\n<\/tbody>\n<\/table>\n<p>&nbsp;<\/p>\n<p>&nbsp;<\/p>\n<p>Les fiches techniques sont disponibles sur demande ou en cliquant sur le num\u00e9ro de fiche. Les informations techniques sont donn\u00e9es en toute bonne foi. Elles ne dispensent pas l&rsquo;utilisateur de v\u00e9rifier l&rsquo;ad\u00e9quation du produit par ses propres essais.<\/p>\n<p>&nbsp;<\/p>\n<p>&nbsp;<\/p>\n","protected":false},"excerpt":{"rendered":"<p>&nbsp;<\/p>\n<h5>Bectron\u00ae EP 5504 associ\u00e9e au durcisseur Bectron\u00ae EH 5909, cette r\u00e9sine permet d&rsquo;obtenir un compos\u00e9 dur pr\u00e9sentant un comportement auto-extinguible (UL 94 V-0), ainsi qu&rsquo;une conductivit\u00e9 thermique et une r\u00e9sistance \u00e9lev\u00e9es (classe F 155 \u00b0C). Elle est donc particuli\u00e8rement adapt\u00e9e \u00e0 l&rsquo;enrobage de composants soumis \u00e0 des charges thermiques \u00e9lev\u00e9es, tels que les bobines pour freins magn\u00e9tiques ou sol\u00e9no\u00efdes lin\u00e9aires, etc.<\/h5>\n<p>&nbsp;<\/p>\n<p>&nbsp;<\/p>\n<p>&nbsp;<\/p>\n","protected":false},"featured_media":1413,"template":"","meta":{"_acf_changed":false},"product_brand":[],"product_cat":[241,325],"product_tag":[],"class_list":{"0":"post-5725","1":"product","2":"type-product","3":"status-publish","4":"has-post-thumbnail","6":"product_cat-isolants-et-adhesifs-liquides-pour-la-protection-de-lelectronique","7":"product_cat-resines-de-coulee-masses-de-scellement","9":"first","10":"instock","11":"shipping-taxable","12":"purchasable","13":"product-type-simple"},"acf":[],"_links":{"self":[{"href":"https:\/\/schupp.ch\/fr\/wp-json\/wp\/v2\/product\/5725","targetHints":{"allow":["GET"]}}],"collection":[{"href":"https:\/\/schupp.ch\/fr\/wp-json\/wp\/v2\/product"}],"about":[{"href":"https:\/\/schupp.ch\/fr\/wp-json\/wp\/v2\/types\/product"}],"wp:featuredmedia":[{"embeddable":true,"href":"https:\/\/schupp.ch\/fr\/wp-json\/wp\/v2\/media\/1413"}],"wp:attachment":[{"href":"https:\/\/schupp.ch\/fr\/wp-json\/wp\/v2\/media?parent=5725"}],"wp:term":[{"taxonomy":"product_brand","embeddable":true,"href":"https:\/\/schupp.ch\/fr\/wp-json\/wp\/v2\/product_brand?post=5725"},{"taxonomy":"product_cat","embeddable":true,"href":"https:\/\/schupp.ch\/fr\/wp-json\/wp\/v2\/product_cat?post=5725"},{"taxonomy":"product_tag","embeddable":true,"href":"https:\/\/schupp.ch\/fr\/wp-json\/wp\/v2\/product_tag?post=5725"}],"curies":[{"name":"wp","href":"https:\/\/api.w.org\/{rel}","templated":true}]}}