{"id":5728,"date":"2024-01-25T10:32:12","date_gmt":"2024-01-25T09:32:12","guid":{"rendered":"https:\/\/schupp.ch\/p\/primaire-agent-adhesif-bectron-ap\/"},"modified":"2025-11-21T17:37:31","modified_gmt":"2025-11-21T16:37:31","slug":"primaire-agent-adhesif-bectron-ap","status":"publish","type":"product","link":"https:\/\/schupp.ch\/fr\/p\/primaire-agent-adhesif-bectron-ap\/","title":{"rendered":"Agent d\u2018 adh\u00e9rence Bectron\u00ae AP"},"content":{"rendered":"<p>&nbsp;<\/p>\n<table>\n<tbody>\n<tr>\n<td rowspan=\"2\" width=\"185\"><strong>Num\u00e9ro principal<\/strong><\/td>\n<td rowspan=\"2\" width=\"106\">Couleur<\/td>\n<td width=\"115\">Viscosit\u00e9<\/td>\n<td width=\"227\">Temps non-adh\u00e9rent<\/td>\n<\/tr>\n<tr>\n<td width=\"115\">[mPa*s]<\/td>\n<td width=\"227\">[min]<\/td>\n<\/tr>\n<tr>\n<td width=\"185\"><strong>GHAP74V8-02<\/strong><\/td>\n<td width=\"106\">transparent\/jaune<\/td>\n<td width=\"115\">&lt; 20<\/td>\n<td width=\"227\">20<\/td>\n<\/tr>\n<tr>\n<td width=\"185\"><strong>GHAP74V8-03<\/strong><\/td>\n<td width=\"106\">transparent\/jaune<\/td>\n<td width=\"115\">&lt; 20<\/td>\n<td width=\"227\">20<\/td>\n<\/tr>\n<\/tbody>\n<\/table>\n<p>&nbsp;<\/p>\n<p><strong>Unit\u00e9 de vente<\/strong><\/p>\n<table>\n<tbody>\n<tr>\n<td width=\"142\"><strong>Num\u00e9ro d&rsquo;article R\u00e9sine<\/strong><\/td>\n<td width=\"124\">Unit\u00e9 de vente [kg]<\/td>\n<\/tr>\n<tr>\n<td width=\"142\"><strong>GHAP74V8-02\/00800<\/strong><\/td>\n<td width=\"124\">0,8<\/td>\n<\/tr>\n<tr>\n<td width=\"142\"><strong>GHAP74V8-03\/00700<\/strong><\/td>\n<td width=\"124\">0,7<\/td>\n<\/tr>\n<\/tbody>\n<\/table>\n<p>&nbsp;<\/p>\n<p>&nbsp;<\/p>\n<p><strong>Note<\/strong><\/p>\n<p>Les fiches techniques sont disponibles sur demande ou en cliquant sur le num\u00e9ro de fiche. Les informations techniques sont donn\u00e9es en toute bonne foi. Elles ne dispensent pas l&rsquo;utilisateur de v\u00e9rifier l&rsquo;ad\u00e9quation du produit par ses propres essais.<\/p>\n<p>&nbsp;<\/p>\n<p>&nbsp;<\/p>\n","protected":false},"excerpt":{"rendered":"<p>&nbsp;<\/p>\n<h5><strong>L\u2018 agent d\u2018 adh\u00e9rence Bectron \u00ae AP\u00a0<\/strong>augmente l\u2018 adh\u00e9rence des r\u00e9sines en silicone aux plupart des m\u00e9taux, au caoutchouc, aux polym\u00e8res et \u00e0 d\u2018 autres mati\u00e8res plastiques.<\/h5>\n<p>&nbsp;<\/p>\n","protected":false},"featured_media":4408,"template":"","meta":{"_acf_changed":false},"product_brand":[],"product_cat":[241,325],"product_tag":[],"class_list":{"0":"post-5728","1":"product","2":"type-product","3":"status-publish","4":"has-post-thumbnail","6":"product_cat-isolants-et-adhesifs-liquides-pour-la-protection-de-lelectronique","7":"product_cat-resines-de-coulee-masses-de-scellement","9":"first","10":"instock","11":"shipping-taxable","12":"purchasable","13":"product-type-simple"},"acf":[],"_links":{"self":[{"href":"https:\/\/schupp.ch\/fr\/wp-json\/wp\/v2\/product\/5728","targetHints":{"allow":["GET"]}}],"collection":[{"href":"https:\/\/schupp.ch\/fr\/wp-json\/wp\/v2\/product"}],"about":[{"href":"https:\/\/schupp.ch\/fr\/wp-json\/wp\/v2\/types\/product"}],"wp:featuredmedia":[{"embeddable":true,"href":"https:\/\/schupp.ch\/fr\/wp-json\/wp\/v2\/media\/4408"}],"wp:attachment":[{"href":"https:\/\/schupp.ch\/fr\/wp-json\/wp\/v2\/media?parent=5728"}],"wp:term":[{"taxonomy":"product_brand","embeddable":true,"href":"https:\/\/schupp.ch\/fr\/wp-json\/wp\/v2\/product_brand?post=5728"},{"taxonomy":"product_cat","embeddable":true,"href":"https:\/\/schupp.ch\/fr\/wp-json\/wp\/v2\/product_cat?post=5728"},{"taxonomy":"product_tag","embeddable":true,"href":"https:\/\/schupp.ch\/fr\/wp-json\/wp\/v2\/product_tag?post=5728"}],"curies":[{"name":"wp","href":"https:\/\/api.w.org\/{rel}","templated":true}]}}