{"id":5729,"date":"2024-01-25T10:34:31","date_gmt":"2024-01-25T09:34:31","guid":{"rendered":"https:\/\/schupp.ch\/p\/resine-epoxy-a-deux-composants-bectron-ep-durcissant-a-froid-non-auto-extinguible\/"},"modified":"2025-11-21T17:47:30","modified_gmt":"2025-11-21T16:47:30","slug":"resine-epoxy-a-deux-composants-bectron-ep-durcissant-a-froid-non-auto-extinguible","status":"publish","type":"product","link":"https:\/\/schupp.ch\/fr\/p\/resine-epoxy-a-deux-composants-bectron-ep-durcissant-a-froid-non-auto-extinguible\/","title":{"rendered":"R\u00e9sine \u00e9poxy \u00e0 deux composants Bectron\u00ae EP durcissant \u00e0 froid, non auto-extinguible"},"content":{"rendered":"<p>&nbsp;<\/p>\n<table class=\" alignleft\">\n<tbody>\n<tr>\n<td colspan=\"2\" width=\"168\">&nbsp;<\/p>\n<p><strong>Num\u00e9ro principal<\/strong><\/td>\n<td rowspan=\"2\" width=\"99\">Rapport de m\u00e9lange r\u00e9sine \/ durcisseur (parties en poids)<\/td>\n<td width=\"108\">Viscosit\u00e9 du m\u00e9lange \u00e0 25\u00b0C<br \/>\nDIN 53019<\/td>\n<td width=\"72\">Durcissement \u00e0 23\u00b0C<\/td>\n<td width=\"91\">Duret\u00e9 DIN 53505<\/td>\n<td rowspan=\"2\" width=\"85\">Indice de temp\u00e9rature TI IEC 216<\/td>\n<\/tr>\n<tr>\n<td width=\"95\"><strong>R\u00e9sine<\/strong><\/td>\n<td width=\"73\"><strong>Durcisseur<\/strong><\/td>\n<td width=\"108\">[mPa*s]<\/td>\n<td width=\"72\">[h]<\/td>\n<td width=\"91\">[Shore]<\/td>\n<\/tr>\n<tr>\n<td width=\"95\"><a href=\"https:\/\/schupp.ch\/wp-content\/uploads\/2024\/09\/Bectron_EP_5503.pdf\"><strong>GHEP5503<\/strong><\/a><\/td>\n<td width=\"73\"><strong>GHEP5908<\/strong><\/td>\n<td width=\"99\">100 : 18-20<\/td>\n<td width=\"108\">6000\u00b11500<\/td>\n<td width=\"72\">18<\/td>\n<td width=\"91\">D 85<\/td>\n<td width=\"85\">&#8212;<\/td>\n<\/tr>\n<\/tbody>\n<\/table>\n<p>&nbsp;<\/p>\n<p>Ouvrir la fiche de donn\u00e9es en cliquant sur le num\u00e9ro principal.<\/p>\n<p>&nbsp;<\/p>\n<p><strong>Unit\u00e9 de vente<\/strong><\/p>\n<table>\n<tbody>\n<tr>\n<td width=\"142\"><strong>Num\u00e9ro d&rsquo;article R\u00e9sine<\/strong><\/td>\n<td width=\"124\">Unit\u00e9 de vente [kg]<\/td>\n<td width=\"165\"><strong>Num\u00e9ro d&rsquo;article Durcisseur<\/strong><\/td>\n<td width=\"119\">Unit\u00e9 de vente [kg]<\/td>\n<\/tr>\n<tr>\n<td rowspan=\"2\" width=\"142\"><strong>GHEP5503\/20000<\/strong><\/td>\n<td rowspan=\"2\" width=\"124\">20<\/td>\n<td width=\"165\"><strong>GHEP5908\/01000<\/strong><\/td>\n<td width=\"119\">1<\/td>\n<\/tr>\n<tr>\n<td width=\"165\"><strong>GHEP5908\/05000<\/strong><\/td>\n<td width=\"119\">5<\/td>\n<\/tr>\n<\/tbody>\n<\/table>\n<p>&nbsp;<\/p>\n<p><strong>Note<\/strong><\/p>\n<p>Les fiches techniques sont disponibles sur demande ou en cliquant sur le num\u00e9ro de fiche. Les informations techniques sont donn\u00e9es en toute bonne foi. Elles ne dispensent pas l&rsquo;utilisateur de v\u00e9rifier l&rsquo;ad\u00e9quation du produit par ses propres essais.<\/p>\n<p>&nbsp;<\/p>\n<p>&nbsp;<\/p>\n","protected":false},"excerpt":{"rendered":"<p>&nbsp;<\/p>\n<h5><strong>Bectron\u00ae EP 5503\u00a0<\/strong>est une r\u00e9sine \u00e0 deux composants durcissant \u00e0 froid et exempte de solvants. Utilis\u00e9e avec le durcisseur <strong>Bectron\u00ae EP 5908 <\/strong>, elle donne une masse tr\u00e8s dure qui convient parfaitement \u00e0 l&rsquo;utilisation dans les stators ou les rotors de machines \u00e9lectriques, les bobines magn\u00e9tiques et les transformateurs. La masse durcie pr\u00e9sente une tr\u00e8s grande stabilit\u00e9 dimensionnelle, m\u00eame \u00e0 haute temp\u00e9rature.<\/h5>\n<p>&nbsp;<\/p>\n<p>&nbsp;<\/p>\n<p>&nbsp;<\/p>\n","protected":false},"featured_media":1413,"template":"","meta":{"_acf_changed":false},"product_brand":[],"product_cat":[241,325],"product_tag":[],"class_list":{"0":"post-5729","1":"product","2":"type-product","3":"status-publish","4":"has-post-thumbnail","6":"product_cat-isolants-et-adhesifs-liquides-pour-la-protection-de-lelectronique","7":"product_cat-resines-de-coulee-masses-de-scellement","9":"first","10":"instock","11":"shipping-taxable","12":"purchasable","13":"product-type-simple"},"acf":[],"_links":{"self":[{"href":"https:\/\/schupp.ch\/fr\/wp-json\/wp\/v2\/product\/5729","targetHints":{"allow":["GET"]}}],"collection":[{"href":"https:\/\/schupp.ch\/fr\/wp-json\/wp\/v2\/product"}],"about":[{"href":"https:\/\/schupp.ch\/fr\/wp-json\/wp\/v2\/types\/product"}],"wp:featuredmedia":[{"embeddable":true,"href":"https:\/\/schupp.ch\/fr\/wp-json\/wp\/v2\/media\/1413"}],"wp:attachment":[{"href":"https:\/\/schupp.ch\/fr\/wp-json\/wp\/v2\/media?parent=5729"}],"wp:term":[{"taxonomy":"product_brand","embeddable":true,"href":"https:\/\/schupp.ch\/fr\/wp-json\/wp\/v2\/product_brand?post=5729"},{"taxonomy":"product_cat","embeddable":true,"href":"https:\/\/schupp.ch\/fr\/wp-json\/wp\/v2\/product_cat?post=5729"},{"taxonomy":"product_tag","embeddable":true,"href":"https:\/\/schupp.ch\/fr\/wp-json\/wp\/v2\/product_tag?post=5729"}],"curies":[{"name":"wp","href":"https:\/\/api.w.org\/{rel}","templated":true}]}}