{"id":5732,"date":"2024-01-25T10:32:53","date_gmt":"2024-01-25T09:32:53","guid":{"rendered":"https:\/\/schupp.ch\/p\/produits-thermoconducteurs-en-silicone-a-un-composant-bectron\/"},"modified":"2025-11-21T17:31:48","modified_gmt":"2025-11-21T16:31:48","slug":"produits-thermoconducteurs-en-silicone-a-un-composant-bectron","status":"publish","type":"product","link":"https:\/\/schupp.ch\/fr\/p\/produits-thermoconducteurs-en-silicone-a-un-composant-bectron\/","title":{"rendered":"Produits en silicone Bectron\u00ae \u00e0 un composant, thermo-conductrice"},"content":{"rendered":"<p>&nbsp;<\/p>\n<table width=\"662\">\n<tbody>\n<tr>\n<td rowspan=\"2\" width=\"113\"><strong>Num\u00e9ro principal<\/strong><\/td>\n<td width=\"64\">Conductivit\u00e9 thermique<\/td>\n<td width=\"82\">Max. Temp.<\/td>\n<td width=\"41\">Couleur<\/td>\n<td width=\"68\">Viscosit\u00e9<\/td>\n<td width=\"86\">Temps de durcissement @ 100 \u00b0C<\/td>\n<td width=\"95\">R\u00e9sistance \u00e0 la traction<\/td>\n<td width=\"47\">Duret\u00e9<\/td>\n<td width=\"66\">\u00c9longation<\/td>\n<\/tr>\n<tr>\n<td width=\"64\">[W\/mK]<\/td>\n<td width=\"82\">[\u00b0C\/20,000h]<\/td>\n<td width=\"41\"><\/td>\n<td width=\"68\">[mPa*s]<\/td>\n<td width=\"86\">[min]<\/td>\n<td width=\"95\">[Mpa]<\/td>\n<td width=\"47\">[Shore]<\/td>\n<td width=\"66\">[%\u00a8]<\/td>\n<\/tr>\n<tr>\n<td colspan=\"9\" width=\"662\"><strong><em>P\u00e2te thermo-coductrice sans durcissement<\/em><\/strong><\/td>\n<\/tr>\n<tr>\n<td width=\"113\">\n<a href=\"https:\/\/www.elantas.com\/fileadmin\/elantas\/companies\/elantas_europe\/press_events\/downloadcenter\/broschuere_bectron-silicone.pdf\" target=\"_blank\" rel=\"noopener\"><strong>GHSTC74P1<\/strong><strong>-S1<\/strong><\/a><br \/>\nActuellement indisponible<\/td>\n<td width=\"64\">0,77<\/td>\n<td width=\"82\">+150<\/td>\n<td width=\"41\">weiss<\/td>\n<td width=\"68\">P\u00e2te<\/td>\n<td width=\"86\">&#8211;<\/td>\n<td width=\"95\">&#8211;<\/td>\n<td width=\"47\">&#8211;<\/td>\n<td width=\"66\">&#8211;<\/td>\n<\/tr>\n<tr>\n<td colspan=\"9\" width=\"662\"><strong><em>Colle thermo-conductrice, r\u00e9ticulant par addition<\/em><\/strong><\/td>\n<\/tr>\n<tr>\n<td width=\"113\"><a href=\"https:\/\/www.elantas.com\/fileadmin\/elantas\/companies\/elantas_europe\/press_events\/downloadcenter\/broschuere_bectron-silicone.pdf\" target=\"_blank\" rel=\"noopener\"><strong>GHSA75L<\/strong><\/a><a href=\"https:\/\/schupp.ch\/datenblaetter_internat\/GB-Bectron%20SA%2075L7-70.htm\"><strong>7<\/strong><\/a><strong>-70<\/strong><\/td>\n<td width=\"64\">1,38<\/td>\n<td width=\"82\">+200<\/td>\n<td width=\"41\">gris<\/td>\n<td width=\"68\">55000<\/td>\n<td width=\"86\">25<\/td>\n<td width=\"95\">310<\/td>\n<td width=\"47\">A 70<\/td>\n<td width=\"66\">70<\/td>\n<\/tr>\n<\/tbody>\n<\/table>\n<p>&nbsp;<\/p>\n<p>Ouvrir la fiche technique en cliquant sur le num\u00e9ro de fiche.<\/p>\n<p>&nbsp;<\/p>\n<p><strong>Unit\u00e9 de vente<\/strong><\/p>\n<table>\n<tbody>\n<tr>\n<td width=\"137\"><strong>Num\u00e9ro d&rsquo;article<\/strong><\/td>\n<td width=\"120\">Unit\u00e9 de vente [kg]<\/td>\n<\/tr>\n<tr>\n<td width=\"137\"><strong>GHSTC74P1-S1\/01000<\/strong><\/td>\n<td width=\"120\">1<\/td>\n<\/tr>\n<tr>\n<td width=\"137\"><strong>GHSA75L7-70\/01000<\/strong><\/td>\n<td width=\"120\">1<\/td>\n<\/tr>\n<\/tbody>\n<\/table>\n<p>&nbsp;<\/p>\n<p>&nbsp;<\/p>\n<p><strong>Note<\/strong><\/p>\n<p>Les fiches techniques sont disponibles sur demande ou en cliquant sur le num\u00e9ro de fiche. Les informations techniques sont donn\u00e9es en toute bonne foi. Elles ne dispensent pas l&rsquo;utilisateur de v\u00e9rifier l&rsquo;ad\u00e9quation du produit par ses propres essais.<\/p>\n<p>&nbsp;<\/p>\n<p>&nbsp;<\/p>\n","protected":false},"excerpt":{"rendered":"<p>&nbsp;<\/p>\n<h5>Ces produits thermo-conducteurs sont bien appropri\u00e9s \u00e0 la connexion des bo\u00eetiers avec des plaques de refroidissement.<\/h5>\n<p>&nbsp;<\/p>\n","protected":false},"featured_media":4411,"template":"","meta":{"_acf_changed":false},"product_brand":[],"product_cat":[241,325],"product_tag":[],"class_list":{"0":"post-5732","1":"product","2":"type-product","3":"status-publish","4":"has-post-thumbnail","6":"product_cat-isolants-et-adhesifs-liquides-pour-la-protection-de-lelectronique","7":"product_cat-resines-de-coulee-masses-de-scellement","9":"first","10":"instock","11":"shipping-taxable","12":"purchasable","13":"product-type-simple"},"acf":[],"_links":{"self":[{"href":"https:\/\/schupp.ch\/fr\/wp-json\/wp\/v2\/product\/5732","targetHints":{"allow":["GET"]}}],"collection":[{"href":"https:\/\/schupp.ch\/fr\/wp-json\/wp\/v2\/product"}],"about":[{"href":"https:\/\/schupp.ch\/fr\/wp-json\/wp\/v2\/types\/product"}],"wp:featuredmedia":[{"embeddable":true,"href":"https:\/\/schupp.ch\/fr\/wp-json\/wp\/v2\/media\/4411"}],"wp:attachment":[{"href":"https:\/\/schupp.ch\/fr\/wp-json\/wp\/v2\/media?parent=5732"}],"wp:term":[{"taxonomy":"product_brand","embeddable":true,"href":"https:\/\/schupp.ch\/fr\/wp-json\/wp\/v2\/product_brand?post=5732"},{"taxonomy":"product_cat","embeddable":true,"href":"https:\/\/schupp.ch\/fr\/wp-json\/wp\/v2\/product_cat?post=5732"},{"taxonomy":"product_tag","embeddable":true,"href":"https:\/\/schupp.ch\/fr\/wp-json\/wp\/v2\/product_tag?post=5732"}],"curies":[{"name":"wp","href":"https:\/\/api.w.org\/{rel}","templated":true}]}}