{"id":5734,"date":"2024-01-25T10:43:38","date_gmt":"2024-01-25T09:43:38","guid":{"rendered":"https:\/\/schupp.ch\/p\/rubans-adhesifs-en-polyester\/"},"modified":"2025-11-09T15:58:52","modified_gmt":"2025-11-09T14:58:52","slug":"rubans-adhesifs-en-polyester","status":"publish","type":"product","link":"https:\/\/schupp.ch\/fr\/p\/rubans-adhesifs-en-polyester\/","title":{"rendered":"Rubans adh\u00e9sifs en polyester"},"content":{"rendered":"<p>&nbsp;<\/p>\n<p><strong>Propri\u00e9t\u00e9s Ruban EK10106 :<br \/>\n<\/strong>Ruban adh\u00e9sif polyester incolore, tr\u00e8s stable, enduit d&rsquo;un adh\u00e9sif acrylique coh\u00e9sif, stable en temp\u00e9rature et r\u00e9sistant aux fluides.<\/p>\n<p><strong>Tension de claquage :<br \/>\n<\/strong>10&rsquo;000 Veff<\/p>\n<p><strong>Applications :<br \/>\n<\/strong>Isolation de bobines de tous types, rubans de finition, isolation de noyaux et d&rsquo;intercalaires.<\/p>\n<table width=\"643\">\n<tbody>\n<tr>\n<td rowspan=\"2\" width=\"132\"><strong>Num\u00e9ro principal<\/strong><\/td>\n<td rowspan=\"2\" width=\"85\">Mat\u00e9riel de base<\/td>\n<td rowspan=\"2\" width=\"180\">Couleur<\/td>\n<td colspan=\"2\" width=\"170\">\u00c9paisseur [mm]<\/td>\n<td rowspan=\"2\" width=\"76\">Colle<\/td>\n<\/tr>\n<tr>\n<td width=\"85\">Porteur<\/td>\n<td width=\"85\">Total<\/td>\n<\/tr>\n<tr>\n<td width=\"132\"><a href=\"https:\/\/nx5412.your-storageshare.de\/s\/dyFLxfPJqP8KmFc\" target=\"_blank\" rel=\"noopener\"><strong>EK10106<\/strong><\/a><\/td>\n<td width=\"85\">Polyester<\/td>\n<td width=\"180\">incolore<\/td>\n<td width=\"85\">0,100\u00b110%<\/td>\n<td width=\"85\">0,130\u00b110%<\/td>\n<td width=\"76\">Acrylate<\/td>\n<\/tr>\n<\/tbody>\n<\/table>\n<p>&nbsp;<\/p>\n<p>&nbsp;<\/p>\n<p><strong>Propri\u00e9t\u00e9s Ruban EK10145 :<br \/>\n<\/strong>adh\u00e9sif relativement dur, r\u00e9sistant au cisaillement, tr\u00e8s bonne compatibilit\u00e9 avec tous les vernis d&rsquo;impr\u00e9gnation disponibles dans le commerce, protection de la couche d&rsquo;enroulement ext\u00e9rieure<\/p>\n<p><strong>Tension de claquage :<br \/>\n<\/strong>env. 8&rsquo;000 Veff<\/p>\n<p><strong>Applications :<br \/>\n<\/strong>Isolation de bobines de tous types, bandages de finition, isolation de noyaux et de couches interm\u00e9diaires<\/p>\n<p><strong>Approbation :<\/strong><br \/>\nEK 10145 List\u00e9 UL 510<\/p>\n<table width=\"643\">\n<tbody>\n<tr>\n<td rowspan=\"2\" width=\"132\"><strong>Num\u00e9ro principal<\/strong><\/td>\n<td rowspan=\"2\" width=\"85\">Mat\u00e9riel de base<\/td>\n<td rowspan=\"2\" width=\"180\">Couleur<\/td>\n<td colspan=\"2\" width=\"170\">\u00c9paisseur [mm]<\/td>\n<td rowspan=\"2\" width=\"76\">Colle<\/td>\n<\/tr>\n<tr>\n<td width=\"85\">sans adh\u00e9sif<\/td>\n<td width=\"85\">avec adh\u00e9sif<\/td>\n<\/tr>\n<tr>\n<td width=\"132\"><a href=\"https:\/\/nx5412.your-storageshare.de\/s\/WombyeHErKdrnPj\" target=\"_blank\" rel=\"noopener\"><strong>EK10145<\/strong><\/a><\/td>\n<td width=\"85\">Polyester<\/td>\n<td width=\"180\">incolore, jaune avec<\/td>\n<td width=\"85\">0,050\u00b110%<\/td>\n<td width=\"85\">0,090\u00b110%<\/td>\n<td width=\"76\">Caoutchouc<\/td>\n<\/tr>\n<\/tbody>\n<\/table>\n<p>&nbsp;<\/p>\n<p>&nbsp;<\/p>\n<p><strong>Propri\u00e9t\u00e9s Ruban EK10160 :<br \/>\n<\/strong>adh\u00e9sif relativement dur, r\u00e9sistant au cisaillement, tr\u00e8s bonne compatibilit\u00e9 avec tous les vernis d&rsquo;impr\u00e9gnation disponibles dans le commerce, protection de la couche d&rsquo;enroulement ext\u00e9rieure<\/p>\n<p><strong>Tension de claquage :<br \/>\n<\/strong>5&rsquo;000 Veff<\/p>\n<p><strong>Applications :<br \/>\n<\/strong>Isolation de bobines de tous types, bandages de finition, isolation du noyau et des couches interm\u00e9diaires<\/p>\n<p><strong>Approbation :<\/strong><br \/>\nEK 10160: List\u00e9 UL 510 (en couleur jaune uniquement)<\/p>\n<table width=\"643\">\n<tbody>\n<tr>\n<td rowspan=\"2\" width=\"132\"><strong>Num\u00e9ro principal<\/strong><\/td>\n<td rowspan=\"2\" width=\"85\">Mat\u00e9riel de base<\/td>\n<td rowspan=\"2\" width=\"180\">Couleur<\/td>\n<td colspan=\"2\" width=\"170\">\u00c9paisseur [mm]<\/td>\n<td rowspan=\"2\" width=\"76\">Colle<\/td>\n<\/tr>\n<tr>\n<td width=\"85\">sans adh\u00e9sif<\/td>\n<td width=\"85\">avec adh\u00e9sif<\/td>\n<\/tr>\n<tr>\n<td width=\"132\"><a href=\"https:\/\/nx5412.your-storageshare.de\/s\/MfjcLTTTJkSbDD9\" target=\"_blank\" rel=\"noopener\"><strong>EK10160<\/strong><\/a><\/td>\n<td width=\"85\">Polyester<\/td>\n<td width=\"180\">incolore, jaune<\/td>\n<td width=\"85\">0,023\u00b110%<\/td>\n<td width=\"85\">0,055\u00b110%<\/td>\n<td width=\"76\">Acrylate<\/td>\n<\/tr>\n<\/tbody>\n<\/table>\n<p>&nbsp;<\/p>\n<p>&nbsp;<\/p>\n<p><strong>Propri\u00e9t\u00e9s Ruban EK10165 : <\/strong><br \/>\nRuban adh\u00e9sif polyester incolore, tr\u00e8s stable, enduit d&rsquo;un adh\u00e9sif acrylique coh\u00e9sif, stable en temp\u00e9rature et r\u00e9sistant aux fluides.<\/p>\n<p><strong>Tension de claquage :<br \/>\n<\/strong>8&rsquo;000 Veff<\/p>\n<p><strong>Applications :<br \/>\n<\/strong>Isolation de bobines de toutes sortes, rubans de finition, isolation du noyau et des couches interm\u00e9diaires<\/p>\n<table width=\"643\">\n<tbody>\n<tr>\n<td rowspan=\"2\" width=\"132\"><strong>Num\u00e9ro principal<\/strong><\/td>\n<td rowspan=\"2\" width=\"85\">Mat\u00e9riel de base<\/td>\n<td rowspan=\"2\" width=\"180\">Couleur<\/td>\n<td colspan=\"2\" width=\"170\">\u00c9paisseur [mm]<\/td>\n<td rowspan=\"2\" width=\"76\">Colle<\/td>\n<\/tr>\n<tr>\n<td width=\"85\">Porteur<\/td>\n<td width=\"85\">total<\/td>\n<\/tr>\n<tr>\n<td width=\"132\"><a href=\"https:\/\/nx5412.your-storageshare.de\/s\/kLtASk8wGqfA8rZ\" target=\"_blank\" rel=\"noopener\"><strong>EK10165<\/strong><\/a><\/td>\n<td width=\"85\">Polyester<\/td>\n<td width=\"180\">incolore, jaune<\/td>\n<td width=\"85\">0,050\u00b110%<\/td>\n<td width=\"85\">0,080\u00b110%<\/td>\n<td width=\"76\">Acrylate<\/td>\n<\/tr>\n<\/tbody>\n<\/table>\n<p>&nbsp;<\/p>\n<p>&nbsp;<\/p>\n<p><strong>Propri\u00e9t\u00e9s Ruban EK10966 :<br \/>\n<\/strong>Adh\u00e9sif souple, relativement molle, tr\u00e8s bonnes propri\u00e9t\u00e9s adh\u00e9sives m\u00eame sur des fils fins, bonne compatibilit\u00e9 avec les produits d&rsquo;impr\u00e9gnation et de trempage. Application automatique possible gr\u00e2ce \u00e0 un retrait r\u00e9gulier du rouleau.<\/p>\n<p><strong>Tension de claquage :<br \/>\n<\/strong>5&rsquo;000 Veff<\/p>\n<p><strong>Applications :<br \/>\n<\/strong>Isolation de bobines de tous types, bandages de finition, isolations de noyaux et d&rsquo;intercalaires<\/p>\n<p><strong>Approbation:<\/strong><\/p>\n<p>UL 510 (uniquement version incolore, jaune, maron et bleu<\/p>\n<table width=\"643\">\n<tbody>\n<tr>\n<td rowspan=\"2\" width=\"132\"><strong>Num\u00e9ro principal<\/strong><\/td>\n<td rowspan=\"2\" width=\"85\">Mat\u00e9riel de base<\/td>\n<td rowspan=\"2\" width=\"180\">Couleur<\/td>\n<td colspan=\"2\" width=\"170\">\u00c9paisseur [mm]<\/td>\n<td rowspan=\"2\" width=\"76\">Adh\u00e9sif<\/td>\n<\/tr>\n<tr>\n<td width=\"85\">Porteur<\/td>\n<td width=\"85\">total<\/td>\n<\/tr>\n<tr>\n<td width=\"132\"><a href=\"https:\/\/nx5412.your-storageshare.de\/s\/8FSxSmB9xTPozKQ\" target=\"_blank\" rel=\"noopener\"><strong>EK10966<\/strong><\/a><\/td>\n<td width=\"85\">Polyester<\/td>\n<td width=\"180\">incolore, jaune, marron, bleu, rouge<\/td>\n<td width=\"85\">0,023\u00b110%<\/td>\n<td width=\"85\">0,060\u00b110%<\/td>\n<td width=\"76\">Acrylate<\/td>\n<\/tr>\n<\/tbody>\n<\/table>\n<p>&nbsp;<\/p>\n<p>&nbsp;<\/p>\n<p><strong>Propri\u00e9t\u00e9s Ruban EK10240 :<br \/>\n<\/strong>Bonne adh\u00e9rence sur le fil \u00e9maill\u00e9, r\u00e9sistant aux vernis d&rsquo;impr\u00e9gnation, meilleure rigidit\u00e9 di\u00e9lectrique gr\u00e2ce \u00e0 un film plus \u00e9pais<\/p>\n<p><strong>Tension de claquage :<br \/>\n<\/strong>7500 Veff<\/p>\n<p><strong>Applications :<br \/>\n<\/strong>Isolation de bobines de toutes sortes, bandages de finition, isolations de noyaux et d&rsquo;intercalaires<\/p>\n<table width=\"643\">\n<tbody>\n<tr>\n<td rowspan=\"2\" width=\"132\"><strong>Num\u00e9ro principal<\/strong><\/td>\n<td rowspan=\"2\" width=\"118\">Mat\u00e9riel de base<\/td>\n<td rowspan=\"2\" width=\"119\">Couleur<\/td>\n<td colspan=\"2\" width=\"189\">\u00c9paisseur [mm]<\/td>\n<td rowspan=\"2\" width=\"85\">Adh\u00e9sif<\/td>\n<\/tr>\n<tr>\n<td width=\"94\">sans adh\u00e9sif<\/td>\n<td width=\"95\">avec adh\u00e9sif<\/td>\n<\/tr>\n<tr>\n<td width=\"132\"><a href=\"https:\/\/nx5412.your-storageshare.de\/s\/PF9gZPcWiXeqHDx\" target=\"_blank\" rel=\"noopener\"><strong>EK10240<\/strong><\/a><\/td>\n<td width=\"118\">Polyester<\/td>\n<td width=\"119\">jaune , incolore<\/td>\n<td width=\"94\">0,036\u00b110%<\/td>\n<td width=\"95\">0,07\u00b110<\/td>\n<td width=\"85\">Acrylate<\/td>\n<\/tr>\n<\/tbody>\n<\/table>\n<p>&nbsp;<\/p>\n<p>&nbsp;<\/p>\n<p><strong>Propri\u00e9t\u00e9s Ruban EK10260 :<br \/>\n<\/strong>Appropation UL510, Adh\u00e9sif souple \u00e0 retrait uniforme pour une application automatique, bonnes propri\u00e9t\u00e9s adh\u00e9sives m\u00eame sur des fils fins, bonne compatibilit\u00e9 avec les impr\u00e9gnations et les agents d&rsquo;impr\u00e9gnation<\/p>\n<p><strong>Propri\u00e9t\u00e9s Ruban EK10265 :<br \/>\n<\/strong>Adh\u00e9sif souple \u00e0 retrait uniforme pour une application automatique, bonnes propri\u00e9t\u00e9s adh\u00e9sives m\u00eame sur des fils fins, bonne compatibilit\u00e9 avec les impr\u00e9gnations et les agents d&rsquo;impr\u00e9gnation<\/p>\n<p><strong>Tension de claquage :<br \/>\n<\/strong>5000 Veff<\/p>\n<p><strong>Applications :<br \/>\n<\/strong>Isolation de bobines de tous types, bandages de finition, isolations de noyaux et d&rsquo;intercalaires<\/p>\n<table width=\"643\">\n<tbody>\n<tr>\n<td rowspan=\"2\" width=\"132\"><strong>Num\u00e9ro principal<\/strong><\/td>\n<td rowspan=\"2\" width=\"115\">Mat\u00e9riel de base<\/td>\n<td rowspan=\"2\" width=\"122\">Couleur<\/td>\n<td colspan=\"2\" width=\"189\">\u00c9paisseur [mm]<\/td>\n<td rowspan=\"2\" width=\"85\">Adh\u00e9sif<\/td>\n<\/tr>\n<tr>\n<td width=\"94\">sans adh\u00e9sif<\/td>\n<td width=\"95\">avec adh\u00e9sif<\/td>\n<\/tr>\n<tr>\n<td width=\"132\"><a href=\"https:\/\/nx5412.your-storageshare.de\/s\/PF9gZPcWiXeqHDx\" target=\"_blank\" rel=\"noopener\"><strong>EK10260<\/strong><\/a><\/td>\n<td width=\"115\">Polyester<\/td>\n<td width=\"122\">blanc<\/td>\n<td width=\"94\">0,023\u00b110<\/td>\n<td width=\"95\">0,065\u00b110<\/td>\n<td width=\"85\">Caoutchouc<\/td>\n<\/tr>\n<tr>\n<td width=\"132\"><a href=\"https:\/\/nx5412.your-storageshare.de\/s\/36e3nTodnn7tgS5\" target=\"_blank\" rel=\"noopener\"><strong>EK10265<\/strong><\/a><\/td>\n<td width=\"115\">Polyester<\/td>\n<td width=\"122\">blanc<\/td>\n<td width=\"94\">0,050\u00b110<\/td>\n<td width=\"95\">0,090\u00b110<\/td>\n<td width=\"85\">Caoutchouc<\/td>\n<\/tr>\n<\/tbody>\n<\/table>\n<p>&nbsp;<\/p>\n<p>Les fiches techniques sont disponibles sur demande ou en cliquant sur le num\u00e9ro de fiche.<\/p>\n<p><strong>Indication de commande:<\/strong><\/p>\n<p><strong>Num\u00e9ro d&rsquo;article :<br \/>\n<\/strong>Exemple : EK10966\/006.0<br \/>\nEK109660 = num\u00e9ro de base<br \/>\n\/006.0 = largeur en mm<\/p>\n<p>&nbsp;<\/p>\n","protected":false},"excerpt":{"rendered":"<p>&nbsp;<\/p>\n<h5><strong>Ces rubans en polyester ont un adh\u00e9sif acrylate \u00e0 haute adh\u00e9rence, une bonne r\u00e9sistance aux coupures, stable aux temp\u00e9ratures et aux intemp\u00e9ries, et pr\u00e9sentant une bonne r\u00e9sistance aux agents d&rsquo;impr\u00e9gnation. Ils sont fr\u00e9quemment utilis\u00e9s pour des applications d&rsquo;isolation g\u00e9n\u00e9rales, notamment pour le bobinage.<\/strong><\/h5>\n","protected":false},"featured_media":1426,"template":"","meta":{"_acf_changed":false},"product_brand":[],"product_cat":[165,248],"product_tag":[],"class_list":{"0":"post-5734","1":"product","2":"type-product","3":"status-publish","4":"has-post-thumbnail","6":"product_cat-bandes-techniques","7":"product_cat-rubans-adhesifs-electriques-pour-classe-thermique-b-130-c","9":"first","10":"instock","11":"shipping-taxable","12":"purchasable","13":"product-type-simple"},"acf":[],"_links":{"self":[{"href":"https:\/\/schupp.ch\/fr\/wp-json\/wp\/v2\/product\/5734","targetHints":{"allow":["GET"]}}],"collection":[{"href":"https:\/\/schupp.ch\/fr\/wp-json\/wp\/v2\/product"}],"about":[{"href":"https:\/\/schupp.ch\/fr\/wp-json\/wp\/v2\/types\/product"}],"wp:featuredmedia":[{"embeddable":true,"href":"https:\/\/schupp.ch\/fr\/wp-json\/wp\/v2\/media\/1426"}],"wp:attachment":[{"href":"https:\/\/schupp.ch\/fr\/wp-json\/wp\/v2\/media?parent=5734"}],"wp:term":[{"taxonomy":"product_brand","embeddable":true,"href":"https:\/\/schupp.ch\/fr\/wp-json\/wp\/v2\/product_brand?post=5734"},{"taxonomy":"product_cat","embeddable":true,"href":"https:\/\/schupp.ch\/fr\/wp-json\/wp\/v2\/product_cat?post=5734"},{"taxonomy":"product_tag","embeddable":true,"href":"https:\/\/schupp.ch\/fr\/wp-json\/wp\/v2\/product_tag?post=5734"}],"curies":[{"name":"wp","href":"https:\/\/api.w.org\/{rel}","templated":true}]}}