{"id":5735,"date":"2024-01-25T10:47:42","date_gmt":"2024-01-25T09:47:42","guid":{"rendered":"https:\/\/schupp.ch\/p\/ruban-adhesif-en-polyester-modele-plumeux\/"},"modified":"2025-11-09T14:38:49","modified_gmt":"2025-11-09T13:38:49","slug":"ruban-adhesif-en-polyester-modele-plumeux","status":"publish","type":"product","link":"https:\/\/schupp.ch\/fr\/p\/ruban-adhesif-en-polyester-modele-plumeux\/","title":{"rendered":"Ruban adh\u00e9sif en polyester (Execution crintag\u00e9e)"},"content":{"rendered":"<p>&nbsp;<\/p>\n<p><strong>Donn\u00e9es techniques<\/strong><\/p>\n<p><strong>Tension de claquage :<br \/>\n<\/strong>5000 Veff<\/p>\n<p><strong>Applications :<br \/>\n<\/strong>Isolation de bobines de tous types, rubans de finition, frettes de fermeture, isolation de noyaux et des intercalaires.<\/p>\n<p>&nbsp;<\/p>\n<table width=\"643\">\n<tbody>\n<tr>\n<td rowspan=\"2\" width=\"132\"><strong>Num\u00e9ro principal<\/strong><\/td>\n<td rowspan=\"2\" width=\"110\">Mat\u00e9riel de base<\/td>\n<td rowspan=\"2\" width=\"135\">Couleur<\/td>\n<td colspan=\"2\" width=\"180\">\u00c9paisseur [mm]<\/td>\n<td rowspan=\"2\" width=\"85\">Adh\u00e9sif<\/td>\n<\/tr>\n<tr>\n<td width=\"95\">sans adh\u00e9sif<\/td>\n<td width=\"85\">avec adh\u00e9sif<\/td>\n<\/tr>\n<tr>\n<td width=\"132\"><strong>EK10262<\/strong><\/td>\n<td width=\"110\">Polyester<\/td>\n<td width=\"135\">weiss<\/td>\n<td width=\"95\">0,023\u00b110<\/td>\n<td width=\"85\">0,05\u00b110<\/td>\n<td width=\"85\">Acrylate<\/td>\n<\/tr>\n<\/tbody>\n<\/table>\n<p>Les fiches techniques sont disponibles sur demande ou en cliquant sur le num\u00e9ro de fiche.<\/p>\n<p>&nbsp;<\/p>\n<p><strong>Note de commande \/ num\u00e9ro d&rsquo;article : <\/strong><\/p>\n<p>Exemple : EK10240\/006.0<br \/>\nEK10240 = num\u00e9ro de base<br \/>\n006.0 = largeur en mm<\/p>\n<p>&nbsp;<\/p>\n","protected":false},"excerpt":{"rendered":"<p>&nbsp;<\/p>\n<h5>Ruban adh\u00e9sif en polyester enduit par bandes avec des bords sans adh\u00e9sif. Isolation interm\u00e9diaire tr\u00e8s faible gr\u00e2ce aux crantages. L&rsquo;enduit par bande permet d&rsquo;ailleurs des crantages tr\u00e8s nettes.<\/h5>\n<p>&nbsp;<\/p>\n","protected":false},"featured_media":4848,"template":"","meta":{"_acf_changed":false},"product_brand":[],"product_cat":[165,248],"product_tag":[],"class_list":{"0":"post-5735","1":"product","2":"type-product","3":"status-publish","4":"has-post-thumbnail","6":"product_cat-bandes-techniques","7":"product_cat-rubans-adhesifs-electriques-pour-classe-thermique-b-130-c","9":"first","10":"instock","11":"shipping-taxable","12":"purchasable","13":"product-type-simple"},"acf":[],"_links":{"self":[{"href":"https:\/\/schupp.ch\/fr\/wp-json\/wp\/v2\/product\/5735","targetHints":{"allow":["GET"]}}],"collection":[{"href":"https:\/\/schupp.ch\/fr\/wp-json\/wp\/v2\/product"}],"about":[{"href":"https:\/\/schupp.ch\/fr\/wp-json\/wp\/v2\/types\/product"}],"wp:featuredmedia":[{"embeddable":true,"href":"https:\/\/schupp.ch\/fr\/wp-json\/wp\/v2\/media\/4848"}],"wp:attachment":[{"href":"https:\/\/schupp.ch\/fr\/wp-json\/wp\/v2\/media?parent=5735"}],"wp:term":[{"taxonomy":"product_brand","embeddable":true,"href":"https:\/\/schupp.ch\/fr\/wp-json\/wp\/v2\/product_brand?post=5735"},{"taxonomy":"product_cat","embeddable":true,"href":"https:\/\/schupp.ch\/fr\/wp-json\/wp\/v2\/product_cat?post=5735"},{"taxonomy":"product_tag","embeddable":true,"href":"https:\/\/schupp.ch\/fr\/wp-json\/wp\/v2\/product_tag?post=5735"}],"curies":[{"name":"wp","href":"https:\/\/api.w.org\/{rel}","templated":true}]}}