{"id":5738,"date":"2024-01-25T10:44:57","date_gmt":"2024-01-25T09:44:57","guid":{"rendered":"https:\/\/schupp.ch\/p\/masse-de-masquage-bectron-ap\/"},"modified":"2025-11-22T18:09:19","modified_gmt":"2025-11-22T17:09:19","slug":"masse-de-masquage-bectron-ap","status":"publish","type":"product","link":"https:\/\/schupp.ch\/fr\/p\/masse-de-masquage-bectron-ap\/","title":{"rendered":"Masse de masquage Bectron\u00ae AP"},"content":{"rendered":"<p>&nbsp;<\/p>\n<p><strong>Application<\/strong><\/p>\n<p>La masse peut \u00eatre dos\u00e9e dans des applicateurs ou autres dispositifs de dosage. La masse de masquage peut \u00e9galement s\u2019appliquer \u00e0 la main, au pinceau ou la spatule, ou avec un pulv\u00e9risateur<\/p>\n<p>&nbsp;<\/p>\n<table width=\"644\">\n<tbody>\n<tr>\n<td width=\"162\"><strong>Num\u00e9ro d&rsquo;article<\/strong><\/td>\n<td width=\"112\">Viscosit\u00e9 \u00e0 23 \u02daC<\/td>\n<td width=\"100\">Couleur<\/td>\n<td width=\"271\">Durcissement<\/td>\n<\/tr>\n<tr>\n<td width=\"162\"><strong><a href=\"https:\/\/schupp.ch\/wp-content\/uploads\/2024\/01\/GB-Bectron-AP-8100.pdf\">MMAP8100<\/a><\/strong><\/td>\n<td width=\"112\">thixotrope<\/td>\n<td width=\"100\">cr\u00e8me<\/td>\n<td width=\"271\">couches fines en 1 heure environ<br \/>\ncouches plus \u00e9paisses en 6 \u00e0 10 heures environ<\/td>\n<\/tr>\n<\/tbody>\n<\/table>\n<p>&nbsp;<\/p>\n<p>Ouvrir la fiche technique en cliquant sur le num\u00e9ro de fiche.<\/p>\n<p>&nbsp;<\/p>\n<p><strong>Unit\u00e9s de vente<\/strong><\/p>\n<table>\n<tbody>\n<tr>\n<td width=\"130\"><strong>Num\u00e9ro d&rsquo;article<\/strong><\/td>\n<td width=\"123\">Unit\u00e9 de vente [kg]<\/td>\n<td width=\"115\">Nombre<\/td>\n<\/tr>\n<tr>\n<td width=\"130\"><strong>MMAP8100\/00030<\/strong><\/td>\n<td width=\"123\">0.030<\/td>\n<td width=\"115\">1<\/td>\n<\/tr>\n<tr>\n<td width=\"130\"><strong>MMAP8100\/00330<\/strong><\/td>\n<td width=\"123\">0,330<\/td>\n<td width=\"115\">1<\/td>\n<\/tr>\n<tr>\n<td width=\"130\"><strong>MMAP8100\/05000<\/strong><\/td>\n<td width=\"123\">5,0<\/td>\n<td width=\"115\">1<\/td>\n<\/tr>\n<\/tbody>\n<\/table>\n<p>&nbsp;<\/p>\n<p><strong>Stockage<\/strong><\/p>\n<p>Au sec dans son emballage d\u2019origine. La temp\u00e9rature doit se situer entre +5\u00b0 C et +30\u00b0 C. Prot\u00e9ger d\u2019un fort ensoleillement.<\/p>\n<p>&nbsp;<\/p>\n<p><strong>Prescriptions de s\u00e9curit\u00e9<\/strong><\/p>\n<p>Le produit n\u2019entre pas dans la directive de UE 88\/379\/CEE et n\u2019est pas soumis \u00e0 une obligation d\u2019\u00e9tiquetage. Le produit liquide ne peut pas \u00eatre vers\u00e9 dans des eaux publiques car il peut \u00eatre mortel pour les poissons. Le mat\u00e9riau de masquage solidifi\u00e9 est inoffensif et peut \u00eatre \u00e9limin\u00e9 comme d\u00e9chet industriel. Prendre les dispositions de s\u00e9curit\u00e9 habituelles lors de la manipulation des produits chimiques.<\/p>\n<p>&nbsp;<\/p>\n<p><strong>Note<\/strong><\/p>\n<p>Les fiches techniques sont disponibles sur demande ou en cliquant sur le num\u00e9ro de fiche. Les informations techniques sont donn\u00e9es en toute bonne foi. Elles ne dispensent pas l&rsquo;utilisateur de v\u00e9rifier l&rsquo;ad\u00e9quation du produit par ses propres essais.<\/p>\n<p>&nbsp;<\/p>\n","protected":false},"excerpt":{"rendered":"<p>&nbsp;<\/p>\n<h5>Masse de recouvrement \u00e0 un composant, \u00e0 base de caoutchouc, pour recouvrir des composants avant laquage de protection.\u00a0Elle peut \u00eatre retir\u00e9e tr\u00e8s facilement apr\u00e8s laquage. Elle s\u00e8che rapidement et tr\u00e8s \u00e9lastique lorsqu\u2018elle est s\u00e8che. La masse de masquage peut \u00eatre utilis\u00e9e pour divers masquages, pour boucher les contacts traversant et les trous, pour recouvrir des LED et pour encapsuler enti\u00e8rement des connecteurs multibroches ou autres composants.<\/h5>\n<p>&nbsp;<\/p>\n<p>&nbsp;<\/p>\n","protected":false},"featured_media":1423,"template":"","meta":{"_acf_changed":false},"product_brand":[],"product_cat":[241,249],"product_tag":[],"class_list":{"0":"post-5738","1":"product","2":"type-product","3":"status-publish","4":"has-post-thumbnail","6":"product_cat-isolants-et-adhesifs-liquides-pour-la-protection-de-lelectronique","7":"product_cat-produits-speciaux","9":"first","10":"instock","11":"shipping-taxable","12":"purchasable","13":"product-type-simple"},"acf":[],"_links":{"self":[{"href":"https:\/\/schupp.ch\/fr\/wp-json\/wp\/v2\/product\/5738","targetHints":{"allow":["GET"]}}],"collection":[{"href":"https:\/\/schupp.ch\/fr\/wp-json\/wp\/v2\/product"}],"about":[{"href":"https:\/\/schupp.ch\/fr\/wp-json\/wp\/v2\/types\/product"}],"wp:featuredmedia":[{"embeddable":true,"href":"https:\/\/schupp.ch\/fr\/wp-json\/wp\/v2\/media\/1423"}],"wp:attachment":[{"href":"https:\/\/schupp.ch\/fr\/wp-json\/wp\/v2\/media?parent=5738"}],"wp:term":[{"taxonomy":"product_brand","embeddable":true,"href":"https:\/\/schupp.ch\/fr\/wp-json\/wp\/v2\/product_brand?post=5738"},{"taxonomy":"product_cat","embeddable":true,"href":"https:\/\/schupp.ch\/fr\/wp-json\/wp\/v2\/product_cat?post=5738"},{"taxonomy":"product_tag","embeddable":true,"href":"https:\/\/schupp.ch\/fr\/wp-json\/wp\/v2\/product_tag?post=5738"}],"curies":[{"name":"wp","href":"https:\/\/api.w.org\/{rel}","templated":true}]}}