{"id":5739,"date":"2024-01-25T10:47:54","date_gmt":"2024-01-25T09:47:54","guid":{"rendered":"https:\/\/schupp.ch\/p\/detergents-ac-93-ac-96\/"},"modified":"2025-11-22T18:22:56","modified_gmt":"2025-11-22T17:22:56","slug":"detergents-ac-93-ac-96","status":"publish","type":"product","link":"https:\/\/schupp.ch\/fr\/p\/detergents-ac-93-ac-96\/","title":{"rendered":"Produit de nettoyage AC 93"},"content":{"rendered":"<p>&nbsp;<\/p>\n<p><strong>Domaine d\u2019application<\/strong><\/p>\n<p>Le produit de nettoyage AC 93 est utilis\u00e9 pour nettoyer des instruments de mesure, des outils et des parties d\u2019installation qui pr\u00e9sentent une couche de r\u00e9sines de scellement ou de vernis d\u2019enrobage. Son emploi dans la technique des circuits imprim\u00e9s est particuli\u00e8rement int\u00e9ressant : le produit de nettoyage est utilis\u00e9 lors du remplacement de composants pour enlever partiellement le vernis ou la r\u00e9sine d\u2019enrobage.<\/p>\n<p>&nbsp;<\/p>\n<p><strong>Applications<\/strong><\/p>\n<p>Le produit de nettoyage peut \u00eatre appliqu\u00e9 avec une brosse pour laver, avec un chiffon pour frotter ou en l\u2018ajoutant dans un circuit de rin\u00e7age d\u2018une installation de bain ou de scellement, pour nettoyer des parties d\u2019installation. Apr\u00e8s nettoyage d\u2019une installation de dosage qui utilise des r\u00e9sines Bectron\u00ae PK, celle-ci doit \u00eatre parfaitement s\u00e8che! Les r\u00e9sidus de solvant peuvent d\u00e9t\u00e9riorer la masse de r\u00e9sine et obstruer les canaux d\u2019alimentation. Observez les directives de s\u00e9curit\u00e9 \u2013 comme toujours lorsqu\u2019on manipule des solvants.<\/p>\n<p>&nbsp;<\/p>\n<p><strong>Propri\u00e9t\u00e9s physiques et chimiques<\/strong><\/p>\n<table>\n<tbody>\n<tr>\n<td width=\"307\">Dur\u00e9e de stockage<\/td>\n<td width=\"307\">12 mois \u00e0 5-30\u00b0C<\/td>\n<\/tr>\n<tr>\n<td width=\"307\">Densit\u00e9 (DIN 51757) \u00e0 20\u00b0C<\/td>\n<td width=\"307\">0,820 &#8211; 0,826 g\/cm3<\/td>\n<\/tr>\n<tr>\n<td width=\"307\">Classe toxicit\u00e9 selon VbF<\/td>\n<td width=\"307\">3 Point 5b No ONU 1263<\/td>\n<\/tr>\n<tr>\n<td width=\"307\">Point d&rsquo;\u00e9clair (DIN 53213)<\/td>\n<td width=\"307\">&lt;-9\u00b0C<\/td>\n<\/tr>\n<tr>\n<td width=\"307\">Temp\u00e9rature d&rsquo;inflammation<\/td>\n<td width=\"307\">&gt;200\u00b0C<\/td>\n<\/tr>\n<tr>\n<td width=\"307\">Limite d\u2019explosion inf\u00e9rieure<\/td>\n<td width=\"307\">&gt;35 g\/m3<\/td>\n<\/tr>\n<tr>\n<td width=\"307\">Symbole de danger<\/td>\n<td width=\"307\">Xn, F<\/td>\n<\/tr>\n<tr>\n<td width=\"307\">D\u00e9signation du danger<\/td>\n<td width=\"307\">facilement inflammable<\/td>\n<\/tr>\n<tr>\n<td width=\"307\">Contenu COV DIN ISO 11890<\/td>\n<td width=\"307\">795 g\/l<\/td>\n<\/tr>\n<\/tbody>\n<\/table>\n<p>&nbsp;<\/p>\n<p><strong>Unit\u00e9 de vente<\/strong><\/p>\n<table>\n<tbody>\n<tr>\n<td width=\"113\"><strong>Num\u00e9ro d&rsquo;article<\/strong><\/td>\n<td width=\"124\">Unit\u00e9 de vente [kg]<\/td>\n<\/tr>\n<tr>\n<td width=\"113\"><strong>RMAC93\/03500<\/strong><\/td>\n<td width=\"124\">3,5<\/td>\n<\/tr>\n<\/tbody>\n<\/table>\n<p>&nbsp;<\/p>\n<p>&nbsp;<\/p>\n<p><strong>Produit de nettoyage AC 96<\/strong><\/p>\n<p>Le produit de nettoyage AC 96 est utilis\u00e9 pour enlever des r\u00e9sines de type Bectron PK partiellement durcies. Le produit nettoyant AC 93 est utilis\u00e9 pour tous les nettoyages standards.<\/p>\n<p><strong>Unit\u00e9 de vente<\/strong><\/p>\n<table>\n<tbody>\n<tr>\n<td width=\"120\"><strong>Num\u00e9ro d&rsquo;article<\/strong><\/td>\n<td width=\"121\">Unit\u00e9 de vente [kg]<\/td>\n<\/tr>\n<tr>\n<td width=\"120\"><strong>RMAC96\/03500<\/strong><\/td>\n<td width=\"121\">3,5<\/td>\n<\/tr>\n<\/tbody>\n<\/table>\n<p>&nbsp;<\/p>\n<p><strong>Note<\/strong><\/p>\n<p>Les fiches techniques sont disponibles sur demande ou en cliquant sur le num\u00e9ro de fiche. Les informations techniques sont donn\u00e9es en toute bonne foi. Elles ne dispensent pas l&rsquo;utilisateur de v\u00e9rifier l&rsquo;ad\u00e9quation du produit par ses propres essais.<\/p>\n<p>&nbsp;<\/p>\n","protected":false},"excerpt":{"rendered":"<p>&nbsp;<\/p>\n<h5>Le produit de nettoyage AC93 est un dissolvant clair et incolore pour enlever des r\u00e9sidus de vernis ou r\u00e9sine liquides ou, en partie, d\u00e9j\u00e0 durcis.\u00a0Le produit faiblement visqueux est sans halog\u00e8nes et pr\u00e9sente un effet physiologique relativement faible. La composition sp\u00e9ciale du dissolvant pr\u00e9sente de bonne qualit\u00e9 de nettoyage avec des mat\u00e9riaux non durcis et ne laisse pratiquement pas de r\u00e9sidus dans les circuits et vannes.<\/h5>\n<p>&nbsp;<\/p>\n","protected":false},"featured_media":1432,"template":"","meta":{"_acf_changed":false},"product_brand":[],"product_cat":[241,249],"product_tag":[],"class_list":{"0":"post-5739","1":"product","2":"type-product","3":"status-publish","4":"has-post-thumbnail","6":"product_cat-isolants-et-adhesifs-liquides-pour-la-protection-de-lelectronique","7":"product_cat-produits-speciaux","9":"first","10":"instock","11":"shipping-taxable","12":"purchasable","13":"product-type-simple"},"acf":[],"_links":{"self":[{"href":"https:\/\/schupp.ch\/fr\/wp-json\/wp\/v2\/product\/5739","targetHints":{"allow":["GET"]}}],"collection":[{"href":"https:\/\/schupp.ch\/fr\/wp-json\/wp\/v2\/product"}],"about":[{"href":"https:\/\/schupp.ch\/fr\/wp-json\/wp\/v2\/types\/product"}],"wp:featuredmedia":[{"embeddable":true,"href":"https:\/\/schupp.ch\/fr\/wp-json\/wp\/v2\/media\/1432"}],"wp:attachment":[{"href":"https:\/\/schupp.ch\/fr\/wp-json\/wp\/v2\/media?parent=5739"}],"wp:term":[{"taxonomy":"product_brand","embeddable":true,"href":"https:\/\/schupp.ch\/fr\/wp-json\/wp\/v2\/product_brand?post=5739"},{"taxonomy":"product_cat","embeddable":true,"href":"https:\/\/schupp.ch\/fr\/wp-json\/wp\/v2\/product_cat?post=5739"},{"taxonomy":"product_tag","embeddable":true,"href":"https:\/\/schupp.ch\/fr\/wp-json\/wp\/v2\/product_tag?post=5739"}],"curies":[{"name":"wp","href":"https:\/\/api.w.org\/{rel}","templated":true}]}}