{"id":5743,"date":"2024-01-25T10:05:38","date_gmt":"2024-01-25T09:05:38","guid":{"rendered":"https:\/\/schupp.ch\/p\/vernis-de-revetement-urethane-alkyde-bectron-pl4122-sans-plomb-sechage-a-lair-ul-94-v-0-e211569\/"},"modified":"2025-11-21T15:06:59","modified_gmt":"2025-11-21T14:06:59","slug":"vernis-de-revetement-urethane-alkyde-bectron-pl4122-sans-plomb-sechage-a-lair-ul-94-v-0-e211569","status":"publish","type":"product","link":"https:\/\/schupp.ch\/fr\/p\/vernis-de-revetement-urethane-alkyde-bectron-pl4122-sans-plomb-sechage-a-lair-ul-94-v-0-e211569\/","title":{"rendered":"Vernis de finition ur\u00e9thane\/alkyde Bectron\u00ae PL4122-.., sans plomb, s\u00e9chage \u00e0 l\u2019air, UL 94 V-0 (E211569)"},"content":{"rendered":"<p>&nbsp;<\/p>\n<table width=\"662\">\n<tbody>\n<tr>\n<td rowspan=\"2\" width=\"161\"><strong>Num\u00e9ro principal<\/strong><\/td>\n<td rowspan=\"2\" width=\"104\">Couleur\/ propri\u00e9t\u00e9<\/td>\n<td width=\"66\">Teneur en corps solides<\/td>\n<td width=\"110\">Temps d&rsquo;\u00e9coulement ISO 2431 cup<\/td>\n<td width=\"64\">Densit\u00e9<\/td>\n<td width=\"74\">Temps de durcissement \u00e0 23\u00b0C<\/td>\n<td rowspan=\"2\" width=\"49\">Indice de temp\u00e9rature TI IEC 216<\/td>\n<td rowspan=\"2\" width=\"34\">UL 94<\/td>\n<\/tr>\n<tr>\n<td width=\"66\">[%]<\/td>\n<td width=\"110\">[s] (mPa*s)<\/td>\n<td width=\"64\">[g\/cm3]<\/td>\n<td width=\"74\">[h] (Temp.)<\/td>\n<\/tr>\n<tr>\n<td width=\"161\"><a href=\"https:\/\/schupp.ch\/wp-content\/uploads\/2024\/09\/Bectron_PL_4122-E_BLF.pdf\"><strong>ULPL4122-37 E <\/strong><strong>BLF<\/strong><strong> FLZ<\/strong><\/a><\/td>\n<td width=\"104\">fluorescent<\/td>\n<td width=\"66\">37\u00b11<\/td>\n<td width=\"110\">40\u00b13(\u00ab\u00a050)(ISO4mm)<\/td>\n<td width=\"64\">0,84 &#8211; 0,86<\/td>\n<td width=\"74\">16\/0,5(80\u00b0)<\/td>\n<td width=\"49\">134<\/td>\n<td width=\"34\">V0<\/td>\n<\/tr>\n<tr>\n<td width=\"161\"><a href=\"https:\/\/schupp.ch\/wp-content\/uploads\/2024\/09\/Bectron_PL_4122-40-P.pdf\"><strong>ULPL4122-40 FLZ<\/strong><\/a><\/td>\n<td width=\"104\">fluorescent<\/td>\n<td width=\"66\">40\u00b11<\/td>\n<td width=\"110\">65\u00b15(\u00ab\u00a080)(ISO4mm)<\/td>\n<td width=\"64\">0,87 &#8211; 0,89<\/td>\n<td width=\"74\">16 \/0,5 (80\u00b0)<\/td>\n<td width=\"49\">134<\/td>\n<td width=\"34\">V0<\/td>\n<\/tr>\n<tr>\n<td width=\"161\"><a href=\"https:\/\/schupp.ch\/wp-content\/uploads\/2024\/09\/Bectron_PL_4122-P.pdf\"><strong>ULPL4122-40 P BLF<\/strong><\/a><\/td>\n<td width=\"104\">transparent<\/td>\n<td width=\"66\">45\u00b11<\/td>\n<td width=\"110\">65\u00b15(\u00ab\u00a080)(ISO4mm)<\/td>\n<td width=\"64\">0,87 &#8211; 0,89<\/td>\n<td width=\"74\">16 \/0,5 (80\u00b0)<\/td>\n<td width=\"49\">134<\/td>\n<td width=\"34\">V0<\/td>\n<\/tr>\n<tr>\n<td width=\"161\"><a href=\"https:\/\/schupp.ch\/wp-content\/uploads\/2024\/09\/Bectron_PL_4122-.E_BLF.pdf\"><strong>ULPL4122-45 E BLF FLZ<\/strong><\/a><\/td>\n<td width=\"104\">fluorescent<\/td>\n<td width=\"66\">45\u00b11<\/td>\n<td width=\"110\">40\u00b13(\u00ab\u00a0240)(ISO6mm)<\/td>\n<td width=\"64\">0,87 &#8211; 0,89<\/td>\n<td width=\"74\">16 \/0,5 (80\u00b0)<\/td>\n<td width=\"49\">134<\/td>\n<td width=\"34\">V0<\/td>\n<\/tr>\n<\/tbody>\n<\/table>\n<p>&nbsp;<\/p>\n<p><strong>Unit\u00e9s de vente<\/strong><\/p>\n<table>\n<tbody>\n<tr>\n<td width=\"274\"><strong>Num\u00e9ro d&rsquo;article<\/strong><\/td>\n<td width=\"265\">Unit\u00e9 de vente [kg]<\/td>\n<\/tr>\n<tr>\n<td width=\"274\"><strong>ULPL 4122-37 E BLF FLZ\/04000<\/strong><\/td>\n<td width=\"265\">4<\/td>\n<\/tr>\n<tr>\n<td width=\"274\"><strong>ULPL 4122-37 E BLF FLZ\/10000<\/strong><\/td>\n<td width=\"265\">10<\/td>\n<\/tr>\n<tr>\n<td width=\"274\"><strong>ULPL 4122-40 E BLF FLZ\/04000<\/strong><\/td>\n<td width=\"265\">4<\/td>\n<\/tr>\n<tr>\n<td width=\"274\"><strong>ULPL 4122-40 E BLF FLZ\/10000<\/strong><\/td>\n<td width=\"265\">10<\/td>\n<\/tr>\n<tr>\n<td width=\"274\"><strong>ULPL 4122-40 P BLF\/04000<\/strong><\/td>\n<td width=\"265\">4<\/td>\n<\/tr>\n<tr>\n<td width=\"274\"><strong>ULPL 4122-40 P BLF\/10000<\/strong><\/td>\n<td width=\"265\">10<\/td>\n<\/tr>\n<tr>\n<td width=\"274\"><strong>ULPL 4122-45 E BLF FLZ\/04000<\/strong><\/td>\n<td width=\"265\">4,0<\/td>\n<\/tr>\n<tr>\n<td width=\"274\"><strong>ULPL 4122-45 E BLF FLZ\/10000<\/strong><\/td>\n<td width=\"265\">10<\/td>\n<\/tr>\n<tr>\n<td width=\"274\"><strong>VD225 \/03500 (diluant)<\/strong><\/td>\n<td width=\"265\">3,5<\/td>\n<\/tr>\n<tr>\n<td width=\"274\"><strong>VD239\/03500 (diluant)<\/strong><\/td>\n<td width=\"265\">3,5<\/td>\n<\/tr>\n<\/tbody>\n<\/table>\n<p>&nbsp;<\/p>\n<p>&nbsp;<\/p>\n<p><strong>Note<\/strong><\/p>\n<p>Les fiches techniques sont disponibles sur demande ou en cliquant sur le num\u00e9ro de fiche. Les informations techniques sont donn\u00e9es en toute bonne foi. Elles ne dispensent pas l&rsquo;utilisateur de v\u00e9rifier l&rsquo;ad\u00e9quation du produit par ses propres essais.<\/p>\n<p>&nbsp;<\/p>\n<p>&nbsp;<\/p>\n","protected":false},"excerpt":{"rendered":"<p>&nbsp;<\/p>\n<h5><strong>Bectron\u00ae PL 4122 &#8230;\u00a0\u00a0<\/strong>sont des vernis ur\u00e9thanes\/ alkydes modifi\u00e9s pour l\u2019enrobage (Conformal Coating) de circuits imprim\u00e9s (PS) et hybrides. Ils sont sans plomb, fluorescents, sans solvants aromatiques et r\u00e9pondent aux plus hautes exigences en mati\u00e8re d\u2019application \u00e9lectronique.<\/h5>\n<p>&nbsp;<\/p>\n<p>&nbsp;<\/p>\n","protected":false},"featured_media":1368,"template":"","meta":{"_acf_changed":false},"product_brand":[],"product_cat":[241,251],"product_tag":[],"class_list":{"0":"post-5743","1":"product","2":"type-product","3":"status-publish","4":"has-post-thumbnail","6":"product_cat-isolants-et-adhesifs-liquides-pour-la-protection-de-lelectronique","7":"product_cat-vernis-a-couche-mince","9":"first","10":"instock","11":"shipping-taxable","12":"purchasable","13":"product-type-simple"},"acf":[],"_links":{"self":[{"href":"https:\/\/schupp.ch\/fr\/wp-json\/wp\/v2\/product\/5743","targetHints":{"allow":["GET"]}}],"collection":[{"href":"https:\/\/schupp.ch\/fr\/wp-json\/wp\/v2\/product"}],"about":[{"href":"https:\/\/schupp.ch\/fr\/wp-json\/wp\/v2\/types\/product"}],"wp:featuredmedia":[{"embeddable":true,"href":"https:\/\/schupp.ch\/fr\/wp-json\/wp\/v2\/media\/1368"}],"wp:attachment":[{"href":"https:\/\/schupp.ch\/fr\/wp-json\/wp\/v2\/media?parent=5743"}],"wp:term":[{"taxonomy":"product_brand","embeddable":true,"href":"https:\/\/schupp.ch\/fr\/wp-json\/wp\/v2\/product_brand?post=5743"},{"taxonomy":"product_cat","embeddable":true,"href":"https:\/\/schupp.ch\/fr\/wp-json\/wp\/v2\/product_cat?post=5743"},{"taxonomy":"product_tag","embeddable":true,"href":"https:\/\/schupp.ch\/fr\/wp-json\/wp\/v2\/product_tag?post=5743"}],"curies":[{"name":"wp","href":"https:\/\/api.w.org\/{rel}","templated":true}]}}