{"id":5746,"date":"2024-01-25T10:21:53","date_gmt":"2024-01-25T09:21:53","guid":{"rendered":"https:\/\/schupp.ch\/p\/vernis-de-revetement-silicone-bectron-sc\/"},"modified":"2025-11-21T16:31:52","modified_gmt":"2025-11-21T15:31:52","slug":"vernis-de-revetement-silicone-bectron-sc","status":"publish","type":"product","link":"https:\/\/schupp.ch\/fr\/p\/vernis-de-revetement-silicone-bectron-sc\/","title":{"rendered":"Vernis de finition en silicone Bectron\u00ae SC"},"content":{"rendered":"<p>&nbsp;<\/p>\n<table width=\"662\">\n<tbody>\n<tr>\n<td rowspan=\"2\" width=\"108\"><strong>Num\u00e9ro principal<\/strong><\/td>\n<td rowspan=\"2\" width=\"77\">Couleur<\/td>\n<td width=\"73\">Viscosit\u00e9<\/td>\n<td width=\"131\">Temps non-collant<\/td>\n<td width=\"113\">Temps de durcissement<\/td>\n<td width=\"76\">Duret\u00e9<\/td>\n<td rowspan=\"2\" width=\"83\">UL<\/p>\n<p>[intern]<\/td>\n<\/tr>\n<tr>\n<td width=\"73\">[mPa*s]<\/td>\n<td width=\"131\">[min]<\/td>\n<td width=\"113\">[h]<\/td>\n<td width=\"76\">[Shore]<\/td>\n<\/tr>\n<tr>\n<td width=\"108\"><strong>GHSC75V1-16<\/strong><\/td>\n<td width=\"77\">transparent<\/td>\n<td width=\"73\">600<\/td>\n<td width=\"131\">&#8211;<\/td>\n<td width=\"113\">30 min \u00e0 90 \u00b0C<\/td>\n<td width=\"76\">16<\/td>\n<td width=\"83\">V0<\/td>\n<\/tr>\n<tr>\n<td width=\"108\"><strong>GHSC76V1-20<\/strong><\/td>\n<td width=\"77\">transparent<\/td>\n<td width=\"73\">700<\/td>\n<td width=\"131\">12<\/td>\n<td width=\"113\">24 h \u00e0 25 \u00b0C<\/td>\n<td width=\"76\">20<\/td>\n<td width=\"83\">V0<\/td>\n<\/tr>\n<tr>\n<td width=\"108\"><strong>GHSC76V1-36<\/strong><\/td>\n<td width=\"77\">transparent<\/td>\n<td width=\"73\">3100<\/td>\n<td width=\"131\">10<\/td>\n<td width=\"113\">24 h \u00e0 25 \u00b0C<\/td>\n<td width=\"76\">36<\/td>\n<td width=\"83\">HB<\/td>\n<\/tr>\n<\/tbody>\n<\/table>\n<p>&nbsp;<\/p>\n<p><strong>Unit\u00e9s de vente<\/strong><\/p>\n<table>\n<tbody>\n<tr>\n<td width=\"182\"><strong>Num\u00e9ro d&rsquo;article<\/strong><\/td>\n<td width=\"142\">Unit\u00e9 de vente[kg]<\/td>\n<\/tr>\n<tr>\n<td width=\"182\"><strong>GHSC75V1-16\/00400<\/strong><\/td>\n<td width=\"142\">0,4<\/td>\n<\/tr>\n<tr>\n<td width=\"182\"><strong>GHSC76V1-20\/00400<\/strong><\/td>\n<td width=\"142\">0,4<\/td>\n<\/tr>\n<tr>\n<td width=\"182\"><strong>GHSC76V1-36\/00320<\/strong><\/td>\n<td width=\"142\">0,32<\/td>\n<\/tr>\n<\/tbody>\n<\/table>\n<p>&nbsp;<\/p>\n<p>&nbsp;<\/p>\n<p><strong>Note<\/strong><\/p>\n<p>Les fiches techniques sont disponibles sur demande ou en cliquant sur le num\u00e9ro de fiche. Les informations techniques sont donn\u00e9es en toute bonne foi. Elles ne dispensent pas l&rsquo;utilisateur de v\u00e9rifier l&rsquo;ad\u00e9quation du produit par ses propres essais.<\/p>\n<p>&nbsp;<\/p>\n<p>&nbsp;<\/p>\n","protected":false},"excerpt":{"rendered":"<p>&nbsp;<\/p>\n<h5>La<strong> s\u00e9rie Bectron\u00ae SC <\/strong>est un syst\u00e8me \u00e0 un composant qui est conce\u00e7u sp\u00e9cialement pour la protection de l\u2018 \u00e9lectronique par exemple de circuits imprim\u00e9s, dans de syst\u00e8mes de transportation, SMD, d\u2018 autres composants discrets. Les produits se caract\u00e9risent par une bonne adh\u00e9rence sur de diff\u00e9rents supports, de propri\u00e9t\u00e9s di\u00e9lectriques excellentes et une r\u00e9sistance \u00e0 la temp\u00e9rature de -55\u00b0C jusqu\u2018 \u00e0 +200 \u00b0C ainsi qu\u2018 un bon rev\u00eatement de bord. Pour de buts d\u2018 inspection tous les produits Bectron\u00ae SC contiennent un tracer UV.<\/h5>\n<p>&nbsp;<\/p>\n","protected":false},"featured_media":1389,"template":"","meta":{"_acf_changed":false},"product_brand":[],"product_cat":[241,253],"product_tag":[],"class_list":{"0":"post-5746","1":"product","2":"type-product","3":"status-publish","4":"has-post-thumbnail","6":"product_cat-isolants-et-adhesifs-liquides-pour-la-protection-de-lelectronique","7":"product_cat-vernis-a-couche-epaisse","9":"first","10":"instock","11":"shipping-taxable","12":"purchasable","13":"product-type-simple"},"acf":[],"_links":{"self":[{"href":"https:\/\/schupp.ch\/fr\/wp-json\/wp\/v2\/product\/5746","targetHints":{"allow":["GET"]}}],"collection":[{"href":"https:\/\/schupp.ch\/fr\/wp-json\/wp\/v2\/product"}],"about":[{"href":"https:\/\/schupp.ch\/fr\/wp-json\/wp\/v2\/types\/product"}],"wp:featuredmedia":[{"embeddable":true,"href":"https:\/\/schupp.ch\/fr\/wp-json\/wp\/v2\/media\/1389"}],"wp:attachment":[{"href":"https:\/\/schupp.ch\/fr\/wp-json\/wp\/v2\/media?parent=5746"}],"wp:term":[{"taxonomy":"product_brand","embeddable":true,"href":"https:\/\/schupp.ch\/fr\/wp-json\/wp\/v2\/product_brand?post=5746"},{"taxonomy":"product_cat","embeddable":true,"href":"https:\/\/schupp.ch\/fr\/wp-json\/wp\/v2\/product_cat?post=5746"},{"taxonomy":"product_tag","embeddable":true,"href":"https:\/\/schupp.ch\/fr\/wp-json\/wp\/v2\/product_tag?post=5746"}],"curies":[{"name":"wp","href":"https:\/\/api.w.org\/{rel}","templated":true}]}}