{"id":5747,"date":"2024-01-25T10:06:50","date_gmt":"2024-01-25T09:06:50","guid":{"rendered":"https:\/\/schupp.ch\/p\/vernis-de-revetement-acrylique-bectron-pl1104-sans-plomb-sechage-a-lair-libre\/"},"modified":"2025-11-21T14:30:47","modified_gmt":"2025-11-21T13:30:47","slug":"vernis-de-revetement-acrylique-bectron-pl1104-sans-plomb-sechage-a-lair-libre","status":"publish","type":"product","link":"https:\/\/schupp.ch\/fr\/p\/vernis-de-revetement-acrylique-bectron-pl1104-sans-plomb-sechage-a-lair-libre\/","title":{"rendered":"Vernis de finition acrylate Bectron\u00ae PL1104-.. sans plomb,  s\u00e9chage \u00e0 l\u2019air"},"content":{"rendered":"<p>&nbsp;<\/p>\n<table width=\"662\">\n<tbody>\n<tr>\n<td rowspan=\"2\" width=\"113\"><strong>Num\u00e9ro principal<\/strong><\/td>\n<td rowspan=\"2\" width=\"85\">Couleur\/ propri\u00e9t\u00e9<\/td>\n<td width=\"105\">Teneur en corps solides<\/td>\n<td width=\"115\">Temps d&rsquo;\u00e9coulement ISO 2431 cup<\/td>\n<td width=\"68\">Densit\u00e9<\/td>\n<td width=\"81\">Temps de durcissement \u00e0 23\u00b0C<\/td>\n<td rowspan=\"2\" width=\"94\">Indice de temp\u00e9rature TI IEC 216<\/td>\n<\/tr>\n<tr>\n<td width=\"105\">[%]<\/td>\n<td width=\"115\">[s] (mPa*s)<\/td>\n<td width=\"68\">[g\/cm3]<\/td>\n<td width=\"81\">[h]<\/td>\n<\/tr>\n<tr>\n<td width=\"113\"><strong><a href=\"https:\/\/schupp.ch\/wp-content\/uploads\/2024\/01\/PL_1104_Bectron_Datenblatt.pdf\">ULPL1104<\/a><\/strong><\/td>\n<td width=\"85\">transparent<\/td>\n<td width=\"105\">20,5\u00b11<\/td>\n<td width=\"115\">40\u00b115(\u00ab\u00a050)(ISO4mm))<\/td>\n<td width=\"68\">0,90 \u00b10,01<\/td>\n<td width=\"81\">2<\/td>\n<td width=\"94\">130<\/td>\n<\/tr>\n<\/tbody>\n<\/table>\n<p>&nbsp;<\/p>\n<p><strong>Unit\u00e9s de vente<\/strong><\/p>\n<table>\n<tbody>\n<tr>\n<td width=\"227\"><strong>Num\u00e9ro d&rsquo;article<\/strong><\/td>\n<td width=\"227\">Unit\u00e9 de vente [kg]<\/td>\n<\/tr>\n<tr>\n<td width=\"227\"><strong>ULPL1104\/04000<\/strong><\/td>\n<td width=\"227\">4<\/td>\n<\/tr>\n<tr>\n<td width=\"227\"><strong>ULPL1104\/10000<\/strong><\/td>\n<td width=\"227\">10<\/td>\n<\/tr>\n<tr>\n<td width=\"227\"><strong>Diluant VD217\/03500<\/strong><\/td>\n<td width=\"227\">3,5<\/td>\n<\/tr>\n<\/tbody>\n<\/table>\n<p>&nbsp;<\/p>\n<p>&nbsp;<\/p>\n<p><strong>Note<\/strong><\/p>\n<p>Les fiches techniques sont disponibles sur demande ou en cliquant sur le num\u00e9ro de fiche. Les informations techniques sont donn\u00e9es en toute bonne foi. Elles ne dispensent pas l&rsquo;utilisateur de v\u00e9rifier l&rsquo;ad\u00e9quation du produit par ses propres essais.<\/p>\n<p>&nbsp;<\/p>\n<p>&nbsp;<\/p>\n","protected":false},"excerpt":{"rendered":"<p>&nbsp;<\/p>\n<h5><strong>Bectron\u00ae PL 1104\u00a0<\/strong>est un vernis acrylate modifi\u00e9s pour l\u2019enrobage (Conformal Coating) de circuits imprim\u00e9s (PS) et hybrides. Il est sans plomb et s\u00e9chant \u00e0 l\u2018air.<\/h5>\n<p>&nbsp;<\/p>\n","protected":false},"featured_media":1372,"template":"","meta":{"_acf_changed":false},"product_brand":[],"product_cat":[241,251],"product_tag":[],"class_list":{"0":"post-5747","1":"product","2":"type-product","3":"status-publish","4":"has-post-thumbnail","6":"product_cat-isolants-et-adhesifs-liquides-pour-la-protection-de-lelectronique","7":"product_cat-vernis-a-couche-mince","9":"first","10":"instock","11":"shipping-taxable","12":"purchasable","13":"product-type-simple"},"acf":[],"_links":{"self":[{"href":"https:\/\/schupp.ch\/fr\/wp-json\/wp\/v2\/product\/5747","targetHints":{"allow":["GET"]}}],"collection":[{"href":"https:\/\/schupp.ch\/fr\/wp-json\/wp\/v2\/product"}],"about":[{"href":"https:\/\/schupp.ch\/fr\/wp-json\/wp\/v2\/types\/product"}],"wp:featuredmedia":[{"embeddable":true,"href":"https:\/\/schupp.ch\/fr\/wp-json\/wp\/v2\/media\/1372"}],"wp:attachment":[{"href":"https:\/\/schupp.ch\/fr\/wp-json\/wp\/v2\/media?parent=5747"}],"wp:term":[{"taxonomy":"product_brand","embeddable":true,"href":"https:\/\/schupp.ch\/fr\/wp-json\/wp\/v2\/product_brand?post=5747"},{"taxonomy":"product_cat","embeddable":true,"href":"https:\/\/schupp.ch\/fr\/wp-json\/wp\/v2\/product_cat?post=5747"},{"taxonomy":"product_tag","embeddable":true,"href":"https:\/\/schupp.ch\/fr\/wp-json\/wp\/v2\/product_tag?post=5747"}],"curies":[{"name":"wp","href":"https:\/\/api.w.org\/{rel}","templated":true}]}}