{"id":5750,"date":"2024-01-25T10:24:11","date_gmt":"2024-01-25T09:24:11","guid":{"rendered":"https:\/\/schupp.ch\/p\/ruban-adhesif-crepe\/"},"modified":"2025-11-16T14:06:38","modified_gmt":"2025-11-16T13:06:38","slug":"ruban-adhesif-crepe","status":"publish","type":"product","link":"https:\/\/schupp.ch\/fr\/p\/ruban-adhesif-crepe\/","title":{"rendered":"Ruban adh\u00e9sif cr\u00eape"},"content":{"rendered":"<p>&nbsp;<\/p>\n<p><strong>Tension de claquage :<br \/>\n<\/strong>1500 Veff<\/p>\n<p><strong>Classe de temp\u00e9rature:<\/strong><br \/>\nA (105\u00b0 C)<\/p>\n<p><strong>Applications :<br \/>\n<\/strong>Construction de moteurs, isolation de bobines<\/p>\n<p>&nbsp;<\/p>\n<table width=\"643\">\n<tbody>\n<tr>\n<td width=\"142\"><strong>Num\u00e9ro principal<\/strong><\/td>\n<td width=\"167\">Mat\u00e9riau de base<\/td>\n<td width=\"69\">Couleur<\/td>\n<td width=\"114\">\u00c9paisseur [mm}<\/td>\n<td width=\"151\">Adh\u00e9sif<\/td>\n<\/tr>\n<tr>\n<td width=\"142\"><a href=\"https:\/\/nx5412.your-storageshare.de\/s\/RTBPBo63qxManoi\" target=\"_blank\" rel=\"noopener\">EK64160<\/a><\/td>\n<td width=\"167\">Papier cr\u00eap\u00e9 impr\u00e9gn\u00e9<\/td>\n<td width=\"69\">chamois<\/td>\n<td width=\"114\">environ 0,185<\/td>\n<td width=\"151\">Caoutchouc<\/td>\n<\/tr>\n<\/tbody>\n<\/table>\n<p>&nbsp;<\/p>\n","protected":false},"excerpt":{"rendered":"<p>&nbsp;<\/p>\n<h5>Ruban avec und force d&rsquo;adh\u00e9rence initiale \u00e9lev\u00e9e, bon rembourrage, adh\u00e9sif souple, l\u00e9g\u00e8rement cr\u00eap\u00e9.<\/h5>\n<p>&nbsp;<\/p>\n<p>&nbsp;<\/p>\n","protected":false},"featured_media":4842,"template":"","meta":{"_acf_changed":false},"product_brand":[],"product_cat":[165,229],"product_tag":[],"class_list":{"0":"post-5750","1":"product","2":"type-product","3":"status-publish","4":"has-post-thumbnail","6":"product_cat-bandes-techniques","7":"product_cat-bandes-et-applications-speciales","9":"first","10":"instock","11":"shipping-taxable","12":"purchasable","13":"product-type-simple"},"acf":[],"_links":{"self":[{"href":"https:\/\/schupp.ch\/fr\/wp-json\/wp\/v2\/product\/5750","targetHints":{"allow":["GET"]}}],"collection":[{"href":"https:\/\/schupp.ch\/fr\/wp-json\/wp\/v2\/product"}],"about":[{"href":"https:\/\/schupp.ch\/fr\/wp-json\/wp\/v2\/types\/product"}],"wp:featuredmedia":[{"embeddable":true,"href":"https:\/\/schupp.ch\/fr\/wp-json\/wp\/v2\/media\/4842"}],"wp:attachment":[{"href":"https:\/\/schupp.ch\/fr\/wp-json\/wp\/v2\/media?parent=5750"}],"wp:term":[{"taxonomy":"product_brand","embeddable":true,"href":"https:\/\/schupp.ch\/fr\/wp-json\/wp\/v2\/product_brand?post=5750"},{"taxonomy":"product_cat","embeddable":true,"href":"https:\/\/schupp.ch\/fr\/wp-json\/wp\/v2\/product_cat?post=5750"},{"taxonomy":"product_tag","embeddable":true,"href":"https:\/\/schupp.ch\/fr\/wp-json\/wp\/v2\/product_tag?post=5750"}],"curies":[{"name":"wp","href":"https:\/\/api.w.org\/{rel}","templated":true}]}}