{"id":5751,"date":"2024-01-25T10:07:43","date_gmt":"2024-01-25T09:07:43","guid":{"rendered":"https:\/\/schupp.ch\/p\/vernis-de-finition-epoxy-bectron-pl-5621-d-et-pl5621dtx-durcissant-aux-uv-et-sans-cov\/"},"modified":"2025-11-21T14:37:05","modified_gmt":"2025-11-21T13:37:05","slug":"vernis-de-finition-epoxy-bectron-pl-5621-d-et-pl5621dtx-durcissant-aux-uv-et-sans-cov","status":"publish","type":"product","link":"https:\/\/schupp.ch\/fr\/p\/vernis-de-finition-epoxy-bectron-pl-5621-d-et-pl5621dtx-durcissant-aux-uv-et-sans-cov\/","title":{"rendered":"Vernis de finition \u00e9poxyde Bectron\u00ae PL 5621 D et  PL5621DTX durcissant aux UV et sans VOC"},"content":{"rendered":"<p>&nbsp;<\/p>\n<table width=\"662\">\n<tbody>\n<tr>\n<td rowspan=\"2\" width=\"132\"><strong>Num\u00e9ro principal<\/strong><\/td>\n<td rowspan=\"2\" width=\"94\">Couleur\/ propri\u00e9t\u00e9<\/td>\n<td width=\"85\">Teneur en corps solides<\/td>\n<td width=\"85\">Viscosit\u00e9<\/td>\n<td width=\"85\">Densit\u00e9<\/td>\n<td width=\"94\">Temps de durcissement<\/td>\n<td rowspan=\"2\" width=\"85\">Temp. Index TI<br \/>\nIEC 216<\/td>\n<\/tr>\n<tr>\n<td width=\"85\">[%]<\/td>\n<td width=\"85\">[mPa*s]<\/td>\n<td width=\"85\">[g\/cm3]<\/td>\n<td width=\"94\">[min}<\/td>\n<\/tr>\n<tr>\n<td width=\"132\"><a href=\"https:\/\/schupp.ch\/wp-content\/uploads\/2024\/09\/GB-Bectron-PL-5621-D.pdf\"><strong>ULPL5621D<\/strong><\/a><\/td>\n<td width=\"94\">incolore<\/td>\n<td width=\"85\">100<\/td>\n<td width=\"85\">400\u00b1250<\/td>\n<td width=\"85\">1,11\u00b1=0,05<\/td>\n<td width=\"94\">30 (90 \u00b0C)<\/td>\n<td width=\"85\">130<\/td>\n<\/tr>\n<tr>\n<td width=\"132\"><a href=\"https:\/\/schupp.ch\/wp-content\/uploads\/2024\/09\/Bectron_PL_5621_D.pdf\"><strong>ULPL5621DTX<\/strong><\/a><\/td>\n<td width=\"94\">blanch\u00e2tre<\/td>\n<td width=\"85\">100<\/td>\n<td width=\"85\">6000\u00b11500<\/td>\n<td width=\"85\">1,19\u00b10,05<\/td>\n<td width=\"94\">30 (90 \u00b0C)<\/td>\n<td width=\"85\">130<\/td>\n<\/tr>\n<\/tbody>\n<\/table>\n<p>&nbsp;<\/p>\n<p><strong>Unit\u00e9 de vente<\/strong><\/p>\n<table>\n<tbody>\n<tr>\n<td width=\"227\"><strong>Num\u00e9ro d&rsquo;article<\/strong><\/td>\n<td width=\"227\">Unit\u00e9 de vente [kg]<\/td>\n<\/tr>\n<tr>\n<td width=\"227\"><strong>ULPL5621\/01000<\/strong><\/td>\n<td width=\"227\">1<\/td>\n<\/tr>\n<tr>\n<td width=\"227\"><strong>ULPL5621\/05000<\/strong><\/td>\n<td width=\"227\">5<\/td>\n<\/tr>\n<tr>\n<td width=\"227\"><strong>ULPL5621DTX<\/strong><\/td>\n<td width=\"227\">sur demande<\/td>\n<\/tr>\n<\/tbody>\n<\/table>\n<p>&nbsp;<\/p>\n<p>&nbsp;<\/p>\n<p><strong>Note<\/strong><\/p>\n<p>Les fiches techniques sont disponibles sur demande ou en cliquant sur le num\u00e9ro de fiche. Les informations techniques sont donn\u00e9es en toute bonne foi. Elles ne dispensent pas l&rsquo;utilisateur de v\u00e9rifier l&rsquo;ad\u00e9quation du produit par ses propres essais.<\/p>\n<p>&nbsp;<\/p>\n<p>&nbsp;<\/p>\n","protected":false},"excerpt":{"rendered":"<p>&nbsp;<\/p>\n<h5><strong>Bectron<\/strong><strong>\u00ae <\/strong><strong>PL 5621\u00a0<\/strong>est un vernis de finition transparent sur r\u00e9sine \u00e9poxyde modifi\u00e9e, de faible viscosit\u00e9, durcissant aux UV et \u00e0 la chaleur et sans COV.<\/h5>\n<p>&nbsp;<\/p>\n","protected":false},"featured_media":1372,"template":"","meta":{"_acf_changed":false},"product_brand":[],"product_cat":[241,251],"product_tag":[],"class_list":{"0":"post-5751","1":"product","2":"type-product","3":"status-publish","4":"has-post-thumbnail","6":"product_cat-isolants-et-adhesifs-liquides-pour-la-protection-de-lelectronique","7":"product_cat-vernis-a-couche-mince","9":"first","10":"instock","11":"shipping-taxable","12":"purchasable","13":"product-type-simple"},"acf":[],"_links":{"self":[{"href":"https:\/\/schupp.ch\/fr\/wp-json\/wp\/v2\/product\/5751","targetHints":{"allow":["GET"]}}],"collection":[{"href":"https:\/\/schupp.ch\/fr\/wp-json\/wp\/v2\/product"}],"about":[{"href":"https:\/\/schupp.ch\/fr\/wp-json\/wp\/v2\/types\/product"}],"wp:featuredmedia":[{"embeddable":true,"href":"https:\/\/schupp.ch\/fr\/wp-json\/wp\/v2\/media\/1372"}],"wp:attachment":[{"href":"https:\/\/schupp.ch\/fr\/wp-json\/wp\/v2\/media?parent=5751"}],"wp:term":[{"taxonomy":"product_brand","embeddable":true,"href":"https:\/\/schupp.ch\/fr\/wp-json\/wp\/v2\/product_brand?post=5751"},{"taxonomy":"product_cat","embeddable":true,"href":"https:\/\/schupp.ch\/fr\/wp-json\/wp\/v2\/product_cat?post=5751"},{"taxonomy":"product_tag","embeddable":true,"href":"https:\/\/schupp.ch\/fr\/wp-json\/wp\/v2\/product_tag?post=5751"}],"curies":[{"name":"wp","href":"https:\/\/api.w.org\/{rel}","templated":true}]}}