{"id":5755,"date":"2024-01-25T10:28:47","date_gmt":"2024-01-25T09:28:47","guid":{"rendered":"https:\/\/schupp.ch\/p\/rubans-adhesifs-en-soie-dacetate\/"},"modified":"2025-11-09T11:58:19","modified_gmt":"2025-11-09T10:58:19","slug":"rubans-adhesifs-en-soie-dacetate","status":"publish","type":"product","link":"https:\/\/schupp.ch\/fr\/p\/rubans-adhesifs-en-soie-dacetate\/","title":{"rendered":"Rubans adh\u00e9sifs en tissu de soie d&rsquo;ac\u00e9tate"},"content":{"rendered":"<p><strong>Donn\u00e9es techniques<\/strong><\/p>\n<p>&nbsp;<\/p>\n<p><strong>Tension de claquage :<br \/>\n<\/strong>1700 Veff<\/p>\n<p><strong>Applications :<br \/>\n<\/strong>Rubans de finition et marquage pour bobines de tous types<\/p>\n<p><strong>Version :<\/strong><br \/>\nEK35160 List\u00e9 UL 510<\/p>\n<p>&nbsp;<\/p>\n<table>\n<tbody>\n<tr>\n<td width=\"121\"><strong>Num\u00e9ro principal<\/strong><\/td>\n<td width=\"121\">Mat\u00e9riel de base<\/td>\n<td width=\"121\">Colour<\/td>\n<td width=\"121\">\u00c9paisseur [mm]<\/td>\n<td width=\"121\">Adhesif<\/td>\n<\/tr>\n<tr>\n<td width=\"121\"><a href=\"https:\/\/nx5412.your-storageshare.de\/s\/NGLEJcPRAPneS6s\" target=\"_blank\" rel=\"noopener\">EK35150<\/a><\/td>\n<td width=\"121\">Tissu de soie ac\u00e9tate<\/td>\n<td width=\"121\">noir<\/td>\n<td width=\"121\">0,200 \u00b115%<\/td>\n<td width=\"121\">Caoutchouc<\/td>\n<\/tr>\n<tr>\n<td width=\"121\"><a href=\"https:\/\/nx5412.your-storageshare.de\/s\/poCHrEJ66ozasR5\" target=\"_blank\" rel=\"noopener\">EK35160<\/a><\/td>\n<td width=\"121\">Tissu de soie ac\u00e9tate<\/td>\n<td width=\"121\">blanc<\/td>\n<td width=\"121\">0,200 \u00b115%<\/td>\n<td width=\"121\">Caoutchouc<\/td>\n<\/tr>\n<\/tbody>\n<\/table>\n<p>&nbsp;<\/p>\n<p>Les fiches techniques sont disponibles sur demande ou en cliquant sur le num\u00e9ro de fiche.<\/p>\n<p>&nbsp;<\/p>\n<p><strong>Note de commande \/ num\u00e9ro d&rsquo;article : <\/strong><\/p>\n<p>Exemple :<br \/>\nEK35150\/006.0<br \/>\nEK35150 = num\u00e9ro principal<br \/>\n006.0 = largeur en mm<\/p>\n<p>&nbsp;<\/p>\n","protected":false},"excerpt":{"rendered":"<p>&nbsp;<\/p>\n<h5>Ruban souple, bonne adh\u00e9rence m\u00eame sur les bobinages irr\u00e9guliers, bonne compatibilit\u00e9 et absorption des impr\u00e9gnations, imprimable, bonne mise en \u0153uvre m\u00e9canique gr\u00e2ce \u00e0 un retrait uniforme et une force adh\u00e9sive initiale \u00e9lev\u00e9e.<\/h5>\n<p>&nbsp;<\/p>\n","protected":false},"featured_media":4851,"template":"","meta":{"_acf_changed":false},"product_brand":[],"product_cat":[165,255],"product_tag":[],"class_list":{"0":"post-5755","1":"product","2":"type-product","3":"status-publish","4":"has-post-thumbnail","6":"product_cat-bandes-techniques","7":"product_cat-rubans-adhesifs-electriques-pour-classe-de-chaleur-e-120-c","9":"first","10":"instock","11":"shipping-taxable","12":"purchasable","13":"product-type-simple"},"acf":[],"_links":{"self":[{"href":"https:\/\/schupp.ch\/fr\/wp-json\/wp\/v2\/product\/5755","targetHints":{"allow":["GET"]}}],"collection":[{"href":"https:\/\/schupp.ch\/fr\/wp-json\/wp\/v2\/product"}],"about":[{"href":"https:\/\/schupp.ch\/fr\/wp-json\/wp\/v2\/types\/product"}],"wp:featuredmedia":[{"embeddable":true,"href":"https:\/\/schupp.ch\/fr\/wp-json\/wp\/v2\/media\/4851"}],"wp:attachment":[{"href":"https:\/\/schupp.ch\/fr\/wp-json\/wp\/v2\/media?parent=5755"}],"wp:term":[{"taxonomy":"product_brand","embeddable":true,"href":"https:\/\/schupp.ch\/fr\/wp-json\/wp\/v2\/product_brand?post=5755"},{"taxonomy":"product_cat","embeddable":true,"href":"https:\/\/schupp.ch\/fr\/wp-json\/wp\/v2\/product_cat?post=5755"},{"taxonomy":"product_tag","embeddable":true,"href":"https:\/\/schupp.ch\/fr\/wp-json\/wp\/v2\/product_tag?post=5755"}],"curies":[{"name":"wp","href":"https:\/\/api.w.org\/{rel}","templated":true}]}}