{"id":5756,"date":"2024-01-25T10:26:06","date_gmt":"2024-01-25T09:26:06","guid":{"rendered":"https:\/\/schupp.ch\/p\/ruban-adhesif-metallise-en-polyester-non-tisse\/"},"modified":"2025-11-16T14:17:23","modified_gmt":"2025-11-16T13:17:23","slug":"ruban-adhesif-metallise-en-polyester-non-tisse","status":"publish","type":"product","link":"https:\/\/schupp.ch\/fr\/p\/ruban-adhesif-metallise-en-polyester-non-tisse\/","title":{"rendered":"Ruban adh\u00e9sif m\u00e9tallis\u00e9 en polyester non tiss\u00e9"},"content":{"rendered":"<p>&nbsp;<\/p>\n<table width=\"643\">\n<tbody>\n<tr>\n<td width=\"132\"><strong>Num\u00e9ro principale<\/strong><\/td>\n<td width=\"142\">Mat\u00e9riel de base<\/td>\n<td width=\"189\">Couleur<\/td>\n<td width=\"85\">\u00c9paisseur [mm]<\/td>\n<td width=\"94\">Ah\u00e9sif<\/td>\n<\/tr>\n<tr>\n<td width=\"132\"><a href=\"https:\/\/nx5412.your-storageshare.de\/s\/ZndZzzDxjWyEtA8\" target=\"_blank\" rel=\"noopener\">EK80782<\/a><\/td>\n<td width=\"142\">Non-tiss\u00e9 de polyester<\/td>\n<td width=\"189\">gris, gaufr\u00e9<\/td>\n<td width=\"85\">environ 0,130<\/td>\n<td width=\"94\">Acrylate<\/td>\n<\/tr>\n<\/tbody>\n<\/table>\n<p>&nbsp;<\/p>\n<p>Les fiches techniques sont disponibles sur demande ou en cliquant sur le num\u00e9ro de fiche.<\/p>\n<p>&nbsp;<\/p>\n<p><strong>Num\u00e9ro d&rsquo;article : <\/strong><\/p>\n<p>Exemple : EK64160\/006.0<br \/>\nEK64160 = num\u00e9ro de base<br \/>\n\/006.0 = largeur en mm<\/p>\n<p>&nbsp;<\/p>\n","protected":false},"excerpt":{"rendered":"<p>&nbsp;<\/p>\n<h5>Ruban adh\u00e9sif en PA non tiss\u00e9 m\u00e9tallis\u00e9 avec une tr\u00e8s faible r\u00e9sistance de surface, convient comme blindage CEM<\/h5>\n<p>&nbsp;<\/p>\n","protected":false},"featured_media":4826,"template":"","meta":{"_acf_changed":false},"product_brand":[],"product_cat":[165,229],"product_tag":[],"class_list":{"0":"post-5756","1":"product","2":"type-product","3":"status-publish","4":"has-post-thumbnail","6":"product_cat-bandes-techniques","7":"product_cat-bandes-et-applications-speciales","9":"first","10":"instock","11":"shipping-taxable","12":"purchasable","13":"product-type-simple"},"acf":[],"_links":{"self":[{"href":"https:\/\/schupp.ch\/fr\/wp-json\/wp\/v2\/product\/5756","targetHints":{"allow":["GET"]}}],"collection":[{"href":"https:\/\/schupp.ch\/fr\/wp-json\/wp\/v2\/product"}],"about":[{"href":"https:\/\/schupp.ch\/fr\/wp-json\/wp\/v2\/types\/product"}],"wp:featuredmedia":[{"embeddable":true,"href":"https:\/\/schupp.ch\/fr\/wp-json\/wp\/v2\/media\/4826"}],"wp:attachment":[{"href":"https:\/\/schupp.ch\/fr\/wp-json\/wp\/v2\/media?parent=5756"}],"wp:term":[{"taxonomy":"product_brand","embeddable":true,"href":"https:\/\/schupp.ch\/fr\/wp-json\/wp\/v2\/product_brand?post=5756"},{"taxonomy":"product_cat","embeddable":true,"href":"https:\/\/schupp.ch\/fr\/wp-json\/wp\/v2\/product_cat?post=5756"},{"taxonomy":"product_tag","embeddable":true,"href":"https:\/\/schupp.ch\/fr\/wp-json\/wp\/v2\/product_tag?post=5756"}],"curies":[{"name":"wp","href":"https:\/\/api.w.org\/{rel}","templated":true}]}}