{"id":5759,"date":"2024-01-25T10:26:48","date_gmt":"2024-01-25T09:26:48","guid":{"rendered":"https:\/\/schupp.ch\/p\/resines-de-polyurethane-a-deux-composants-bectron-pu-durcissant-a-froid\/"},"modified":"2025-11-21T19:06:22","modified_gmt":"2025-11-21T18:06:22","slug":"resines-de-polyurethane-a-deux-composants-bectron-pu-durcissant-a-froid","status":"publish","type":"product","link":"https:\/\/schupp.ch\/fr\/p\/resines-de-polyurethane-a-deux-composants-bectron-pu-durcissant-a-froid\/","title":{"rendered":"R\u00e9sines de polyur\u00e9thane \u00e0 deux composants Bectron\u00ae PU, durcissant \u00e0 froid"},"content":{"rendered":"<p>&nbsp;<\/p>\n<table>\n<tbody>\n<tr>\n<td colspan=\"2\" width=\"149\"><strong>Num\u00e9ro principal<\/strong><\/td>\n<td rowspan=\"2\" width=\"42\">UL94<\/td>\n<td rowspan=\"2\" width=\"88\">Rapport de m\u00e9lange r\u00e9sine\/durcisseur (parties en poids)<\/td>\n<td width=\"96\">Viscosit\u00e9 du m\u00e9lange<br \/>\n\u00e0 25\u00b0C<br \/>\nDIN 53019<\/td>\n<td width=\"83\">Temps de durcissement \u00e0 23\u00b0C<\/td>\n<td width=\"53\">Duret\u00e9 DIN 53505<\/td>\n<td rowspan=\"2\" width=\"48\">Indice de temp\u00e9rature TI IEC 216<\/td>\n<td rowspan=\"2\" width=\"45\">Couleur de r\u00e9sine<\/td>\n<\/tr>\n<tr>\n<td width=\"75\">Resin<\/td>\n<td width=\"75\">Hardener<\/td>\n<td width=\"96\">[mPa*s]<\/td>\n<td width=\"83\">[h] (Temp.)<\/td>\n<td width=\"53\">[Shore]<\/td>\n<\/tr>\n<tr>\n<td width=\"75\"><strong><a href=\"https:\/\/schupp.ch\/wp-content\/uploads\/2024\/09\/Bectron_PU_4512.pdf\">GHPU4512<\/a><\/strong><\/td>\n<td width=\"75\"><strong>GHPH4912<\/strong><\/td>\n<td width=\"42\"><\/td>\n<td width=\"88\">100 : 24<\/td>\n<td width=\"96\">900\u00b1150<\/td>\n<td width=\"83\">36<\/td>\n<td width=\"53\">A 70<\/td>\n<td width=\"48\">110<\/td>\n<td width=\"45\">rot<\/td>\n<\/tr>\n<tr>\n<td width=\"75\"><strong><a href=\"https:\/\/schupp.ch\/wp-content\/uploads\/2024\/09\/Bectron_PU_4512.pdf\">GHPU4513<\/a><\/strong><\/td>\n<td width=\"75\"><strong>GHPH4912<\/strong><\/td>\n<td width=\"42\"><\/td>\n<td width=\"88\">4 : 1<\/td>\n<td width=\"96\">750<\/td>\n<td width=\"83\">6 &#8211; 8<\/td>\n<td width=\"53\">A 75 \/ D24<\/td>\n<td width=\"48\">120<\/td>\n<td width=\"45\">blau<\/td>\n<\/tr>\n<tr>\n<td width=\"75\"><strong><a href=\"https:\/\/schupp.ch\/wp-content\/uploads\/2024\/09\/Bectron_PU_4515.pdf\">GHPU4515<\/a><\/strong><\/td>\n<td width=\"75\"><strong>GHPH4912<\/strong><\/td>\n<td width=\"42\"><\/td>\n<td width=\"88\">5 : 1<\/td>\n<td width=\"96\">4500\u00b1500<\/td>\n<td width=\"83\">6 &#8211; 8<\/td>\n<td width=\"53\">A 65 &#8211; 80<\/td>\n<td width=\"48\">150<\/td>\n<td width=\"45\">beige<\/td>\n<\/tr>\n<tr>\n<td width=\"75\"><strong><a href=\"https:\/\/schupp.ch\/wp-content\/uploads\/2024\/09\/Bectron_PU_4516.pdf\">GHPU4516<\/a><\/strong><\/td>\n<td width=\"75\"><strong>GHPH4912<\/strong><\/td>\n<td width=\"42\"><\/td>\n<td width=\"88\">2 : 1<\/td>\n<td width=\"96\">310\u00b190<\/td>\n<td width=\"83\">12 &#8211; 16<\/td>\n<td width=\"53\">D 50 -55<\/td>\n<td width=\"48\">130<\/td>\n<td width=\"45\">schwarz<\/td>\n<\/tr>\n<tr>\n<td width=\"75\"><strong><a href=\"https:\/\/schupp.ch\/wp-content\/uploads\/2024\/09\/Bectron_PU_4519.pdf\">GHPU4519<\/a><\/strong><\/td>\n<td width=\"75\"><strong>GHPH4912<\/strong><\/td>\n<td width=\"42\"><\/td>\n<td width=\"88\">4 : 1<\/td>\n<td width=\"96\">2500<\/td>\n<td width=\"83\">6 &#8211; 8<\/td>\n<td width=\"53\">D 24<\/td>\n<td width=\"48\">115<\/td>\n<td width=\"45\">blau<\/td>\n<\/tr>\n<tr>\n<td width=\"75\"><a href=\"https:\/\/schupp.ch\/wp-content\/uploads\/2024\/09\/Bectron_PU_4520.pdf\">GHPU4520<\/a><\/td>\n<td width=\"75\"><strong>GHPH4912<\/strong><\/td>\n<td width=\"42\"><\/td>\n<td width=\"88\">4 : 1<\/td>\n<td width=\"96\">750<\/td>\n<td width=\"83\">6 &#8211; 8<\/td>\n<td width=\"53\">A 75<\/td>\n<td width=\"48\">115<\/td>\n<td width=\"45\">blau<\/td>\n<\/tr>\n<tr>\n<td width=\"75\"><a href=\"https:\/\/schupp.ch\/wp-content\/uploads\/2024\/09\/Bectron_PU_4522.pdf\">GHPU4522<\/a><\/td>\n<td width=\"75\"><strong>GHPH4912<\/strong><\/td>\n<td width=\"42\">V0<\/td>\n<td width=\"88\">100 : 15<\/td>\n<td width=\"96\">1800\u00b1300<\/td>\n<td width=\"83\">6 &#8211; 8<br \/>\n0,5 (90\u00b0)<\/td>\n<td width=\"53\">A 85 \u00b1 5<\/td>\n<td width=\"48\">120<\/td>\n<td width=\"45\">beige<\/td>\n<\/tr>\n<tr>\n<td width=\"75\"><strong>GHPU4526<\/strong><\/td>\n<td width=\"75\"><strong>GHPH4912<\/strong><\/td>\n<td width=\"42\">V0<\/td>\n<td width=\"88\">6 : 1<\/td>\n<td width=\"96\">1900 \u00b1 500<\/td>\n<td width=\"83\">10 &#8211; 14<\/td>\n<td width=\"53\">D 55 \u00b1 5<\/td>\n<td width=\"48\">130<\/td>\n<td width=\"45\">schwarz<\/td>\n<\/tr>\n<tr>\n<td width=\"75\"><strong><a href=\"https:\/\/schupp.ch\/wp-content\/uploads\/2024\/09\/Bectron_PU_4527.pdf\">GHPU4527<\/a><\/strong><\/td>\n<td width=\"75\"><strong>GHPH4912<\/strong><\/td>\n<td width=\"42\"><\/td>\n<td width=\"88\">100 : 14<\/td>\n<td width=\"96\">11000\u00b11600<\/td>\n<td width=\"83\">36<br \/>\n2 (60\u00b0)<\/td>\n<td width=\"53\">A 95 \/ D 40<\/td>\n<td width=\"48\">100<\/td>\n<td width=\"45\">schwarz<\/td>\n<\/tr>\n<tr>\n<td width=\"75\"><strong>GHPU4534<\/strong><\/td>\n<td width=\"75\"><strong>GHPH4913<\/strong><\/td>\n<td width=\"42\">V0<\/td>\n<td width=\"88\">100 : 6<\/td>\n<td width=\"96\">4000 \u00b1 1000<\/td>\n<td width=\"83\">16 &#8211; 32<\/td>\n<td width=\"53\">A 56 \u00b1 10<\/td>\n<td width=\"48\">130<\/td>\n<td width=\"45\">grau<\/td>\n<\/tr>\n<tr>\n<td width=\"75\"><strong>GHPU4537<\/strong><\/td>\n<td width=\"75\"><strong>GHPH4913<\/strong><\/td>\n<td width=\"42\">V0<\/td>\n<td width=\"88\">100:20<\/td>\n<td width=\"96\">1600<\/td>\n<td width=\"83\">16 -24<br \/>\n3-4 (80 \u00b0C)<\/td>\n<td width=\"53\">D64<\/td>\n<td width=\"48\">179<\/td>\n<td width=\"45\">schwarz<\/td>\n<\/tr>\n<\/tbody>\n<\/table>\n<p>Ouvrir la fiche technique en cliquant sur le num\u00e9ro principal.<\/p>\n<p>&nbsp;<\/p>\n<p>&nbsp;<\/p>\n<p>En plus de ces formulations standard, d&rsquo;autres variantes sont disponibles sur demande, par exemple : hautement transparent, r\u00e9sistant aux UV, color\u00e9, adapt\u00e9 \u00e0 l&rsquo;encapsulation de LED, etc.<\/p>\n<p>N&rsquo;h\u00e9sitez pas \u00e0 nous contacter.<\/p>\n<p>&nbsp;<\/p>\n<p><strong>Unit\u00e9s de vente<\/strong><\/p>\n<table>\n<tbody>\n<tr>\n<td width=\"134\"><strong>Num\u00e9ro d&rsquo;article R\u00e9sine<\/strong><\/td>\n<td width=\"79\">Ratio<\/td>\n<td width=\"123\">Unit\u00e9 de vente [kg]<\/td>\n<td width=\"159\"><strong>Num\u00e9ro d&rsquo;article Durcisseur<\/strong><\/td>\n<td width=\"128\">Unit\u00e9 de vente [kg]<\/td>\n<\/tr>\n<tr>\n<td width=\"134\"><strong>GHPU4512\/xxxxx<\/strong><\/td>\n<td width=\"79\">100 : 24<\/td>\n<td width=\"123\">sur demande<\/td>\n<td rowspan=\"10\" width=\"159\"><strong>GHPH4912\/01000<br \/>\nGHPH4912\/04500<br \/>\nGHPH 4912\/10000<\/strong><\/td>\n<td rowspan=\"10\" width=\"128\">1<br \/>\n4,5<br \/>\n10<\/td>\n<\/tr>\n<tr>\n<td width=\"134\"><strong>GHPU4513\/04000<\/strong><\/td>\n<td width=\"79\">100:25<\/td>\n<td width=\"123\">4<\/td>\n<\/tr>\n<tr>\n<td width=\"134\"><strong>GHPU4515\/05000<\/strong><\/td>\n<td width=\"79\">100:20<\/td>\n<td width=\"123\">5<\/td>\n<\/tr>\n<tr>\n<td width=\"134\"><strong>GHPU4516\/xxxxx<\/strong><\/td>\n<td width=\"79\">2 : 1<\/td>\n<td width=\"123\">sur demande<\/td>\n<\/tr>\n<tr>\n<td width=\"134\"><strong>GHPU4519\/xxxxx<\/strong><\/td>\n<td width=\"79\">4 : 1<\/td>\n<td width=\"123\">sur demande<\/td>\n<\/tr>\n<tr>\n<td width=\"134\"><strong>GHPU4520\/xxxxx<\/strong><\/td>\n<td width=\"79\">4 : 1<\/td>\n<td width=\"123\">sur demande<\/td>\n<\/tr>\n<tr>\n<td width=\"134\"><strong>GHPU4522\/05000<\/strong><\/td>\n<td width=\"79\">100:15<\/td>\n<td width=\"123\">5<\/td>\n<\/tr>\n<tr>\n<td width=\"134\"><strong>GHPU4526\/05000<\/strong><\/td>\n<td width=\"79\">6 : 1<\/td>\n<td width=\"123\">5<\/td>\n<\/tr>\n<tr>\n<td width=\"134\"><strong>GHPU4526\/30000<\/strong><\/td>\n<td width=\"79\">6 : 1<\/td>\n<td width=\"123\">30<\/td>\n<\/tr>\n<tr>\n<td width=\"134\"><strong>GHPU4527\/30000<\/strong><\/td>\n<td width=\"79\">100:14<\/td>\n<td width=\"123\">30<\/td>\n<\/tr>\n<tr>\n<td width=\"134\"><strong>GHPU4534\/xxxxx<\/strong><\/td>\n<td width=\"79\">100 : 6<\/td>\n<td width=\"123\">sur demande<\/td>\n<td rowspan=\"2\" width=\"159\"><strong>GHPB4913\/xxxxx<\/strong><\/td>\n<td rowspan=\"2\" width=\"128\">sur demande<\/td>\n<\/tr>\n<tr>\n<td width=\"134\"><strong>GHPU4537\/xxxxx<\/strong><\/td>\n<td width=\"79\">100 : 20<\/td>\n<td width=\"123\">sur demande<\/td>\n<\/tr>\n<\/tbody>\n<\/table>\n<p>&nbsp;<\/p>\n<p>&nbsp;<\/p>\n<p><strong>Note<\/strong><\/p>\n<p>Les fiches techniques sont disponibles sur demande ou en cliquant sur le num\u00e9ro de fiche. Les informations techniques sont donn\u00e9es en toute bonne foi. Elles ne dispensent pas l&rsquo;utilisateur de v\u00e9rifier l&rsquo;ad\u00e9quation du produit par ses propres essais.<\/p>\n<p>&nbsp;<\/p>\n<p>&nbsp;<\/p>\n","protected":false},"excerpt":{"rendered":"<p>&nbsp;<\/p>\n<h5><strong>La famille Bectron\u00ae PU 45..\u00a0\u00a0<\/strong>est compos\u00e9e de r\u00e9sines polyur\u00e9thanes \u00e0 deux composants, une r\u00e9sine hautement transparente et diverses r\u00e9sines charg\u00e9es. D\u2019autres caract\u00e9ristiques sont disponibles, comme par ex. diff\u00e9rentes viscosit\u00e9s, duret\u00e9s Shore et r\u00e9sistances aux temp\u00e9ratures. Certaines r\u00e9sines b\u00e9n\u00e9ficient en outre de l\u2019homologation UL.<\/h5>\n<p>&nbsp;<\/p>\n","protected":false},"featured_media":1399,"template":"","meta":{"_acf_changed":false},"product_brand":[],"product_cat":[241,325],"product_tag":[],"class_list":{"0":"post-5759","1":"product","2":"type-product","3":"status-publish","4":"has-post-thumbnail","6":"product_cat-isolants-et-adhesifs-liquides-pour-la-protection-de-lelectronique","7":"product_cat-resines-de-coulee-masses-de-scellement","9":"first","10":"instock","11":"shipping-taxable","12":"purchasable","13":"product-type-simple"},"acf":[],"_links":{"self":[{"href":"https:\/\/schupp.ch\/fr\/wp-json\/wp\/v2\/product\/5759","targetHints":{"allow":["GET"]}}],"collection":[{"href":"https:\/\/schupp.ch\/fr\/wp-json\/wp\/v2\/product"}],"about":[{"href":"https:\/\/schupp.ch\/fr\/wp-json\/wp\/v2\/types\/product"}],"wp:featuredmedia":[{"embeddable":true,"href":"https:\/\/schupp.ch\/fr\/wp-json\/wp\/v2\/media\/1399"}],"wp:attachment":[{"href":"https:\/\/schupp.ch\/fr\/wp-json\/wp\/v2\/media?parent=5759"}],"wp:term":[{"taxonomy":"product_brand","embeddable":true,"href":"https:\/\/schupp.ch\/fr\/wp-json\/wp\/v2\/product_brand?post=5759"},{"taxonomy":"product_cat","embeddable":true,"href":"https:\/\/schupp.ch\/fr\/wp-json\/wp\/v2\/product_cat?post=5759"},{"taxonomy":"product_tag","embeddable":true,"href":"https:\/\/schupp.ch\/fr\/wp-json\/wp\/v2\/product_tag?post=5759"}],"curies":[{"name":"wp","href":"https:\/\/api.w.org\/{rel}","templated":true}]}}