{"id":5760,"date":"2024-01-25T10:28:48","date_gmt":"2024-01-25T09:28:48","guid":{"rendered":"https:\/\/schupp.ch\/p\/resines-polybutadiene-a-deux-composants-bectron-pb-durcissant-a-froid-et-a-chaud\/"},"modified":"2025-11-21T18:57:41","modified_gmt":"2025-11-21T17:57:41","slug":"resines-polybutadiene-a-deux-composants-bectron-pb-durcissant-a-froid-et-a-chaud","status":"publish","type":"product","link":"https:\/\/schupp.ch\/fr\/p\/resines-polybutadiene-a-deux-composants-bectron-pb-durcissant-a-froid-et-a-chaud\/","title":{"rendered":"R\u00e9sines polybutadi\u00e8nes \u00e0 deux composants Bectron\u00ae PB,  catalysant \u00e0 froid et \u00e0 chaud"},"content":{"rendered":"<p>&nbsp;<\/p>\n<table width=\"654\">\n<tbody>\n<tr>\n<td colspan=\"2\" width=\"152\">&nbsp;<\/p>\n<p><strong>Num\u00e9ro principal<\/strong><\/td>\n<td rowspan=\"2\" width=\"96\">Rapport de m\u00e9lange R\u00e9sine\/catalyseur (au poids)<\/td>\n<td width=\"90\">Viscosit\u00e9 du m\u00e9lange \u00e0 25\u00b0C<br \/>\nDIN 53019<\/td>\n<td width=\"98\">Temps de durcissement \u00e0 23\u00b0C<\/td>\n<td width=\"76\">Duret\u00e9 DIN 53505<\/td>\n<td width=\"76\">Temp\u00e9rature de<br \/>\nservice<\/td>\n<td rowspan=\"2\" width=\"66\">&nbsp;<\/p>\n<p>Couleur R\u00e9sine<\/td>\n<\/tr>\n<tr>\n<td width=\"84\"><strong>R\u00e9sine<\/strong><\/td>\n<td width=\"69\"><strong>Catalyseur<\/strong><\/td>\n<td width=\"90\">[mPa*s]<\/td>\n<td width=\"98\">[h] (Temp.)<\/td>\n<td width=\"76\">[Shore]<\/td>\n<td width=\"76\">[\u00b0C]<\/td>\n<\/tr>\n<tr>\n<td width=\"84\"><a href=\"https:\/\/schupp.ch\/wp-content\/uploads\/2024\/09\/Bectron_PB_3200.pdf\"><strong>GHPB3200<\/strong><\/a><\/td>\n<td width=\"69\"><strong>GHPB4917<\/strong><\/td>\n<td width=\"96\">100 : 18<\/td>\n<td width=\"90\">900 \u00b1 150<\/td>\n<td width=\"98\">24<\/td>\n<td width=\"76\">A 30 \u00b110<\/td>\n<td width=\"76\">&#8212;<\/td>\n<td width=\"66\">beige<\/td>\n<\/tr>\n<tr>\n<td width=\"84\"><a href=\"https:\/\/schupp.ch\/wp-content\/uploads\/2024\/09\/Bectron_PB_3201.pdf\"><strong>GHPB3201<\/strong><\/a><\/td>\n<td width=\"69\"><strong>GHPB4918<\/strong><\/td>\n<td width=\"96\">100 : 58<\/td>\n<td width=\"90\">7500 \u00b1 2000<\/td>\n<td width=\"98\">48<br \/>\n2 (60 \u00b0C)<\/td>\n<td width=\"76\">A 70 \u00b1 10<\/td>\n<td width=\"76\">-60 &#8211; +150<\/td>\n<td width=\"66\">incolore<\/td>\n<\/tr>\n<tr>\n<td width=\"84\"><a href=\"https:\/\/schupp.ch\/wp-content\/uploads\/2024\/09\/Bectron_PB_3231.pdf\"><strong>GHPB3231<\/strong><\/a><\/td>\n<td width=\"69\"><strong>GHPB4918<\/strong><\/td>\n<td width=\"96\">100 : 70<\/td>\n<td width=\"90\">1350 \u00b1 1000<\/td>\n<td width=\"98\">48<\/td>\n<td width=\"76\">A 60 \u00b1 10<\/td>\n<td width=\"76\">&#8212;<\/td>\n<td width=\"66\">blanch\u00e2tre<\/td>\n<\/tr>\n<tr>\n<td width=\"84\"><a href=\"https:\/\/schupp.ch\/wp-content\/uploads\/2024\/09\/Bectron_PB_3251.pdf\"><strong>GHPB3251<\/strong><\/a><\/td>\n<td width=\"69\"><strong>GHPB4918<\/strong><\/td>\n<td width=\"96\">100 : 33<\/td>\n<td width=\"90\">15000 \u00b1 3000<\/td>\n<td width=\"98\">48<br \/>\n2 (60 \u00b0C)<\/td>\n<td width=\"76\">A 85 \u00b1 10<\/td>\n<td width=\"76\">-60 &#8211; +150<\/td>\n<td width=\"66\">gris<\/td>\n<\/tr>\n<tr>\n<td width=\"84\"><a href=\"https:\/\/schupp.ch\/wp-content\/uploads\/2024\/09\/Bectron_PB_3252.pdf\"><strong>GHPB3252<\/strong><\/a><\/td>\n<td width=\"69\"><strong>GHPB4916<\/strong><\/td>\n<td width=\"96\">3:1<\/td>\n<td width=\"90\">2000 \u00b1 500<\/td>\n<td width=\"98\">48<br \/>\n0,5 (90 \u00b0C)<\/td>\n<td width=\"76\">A 65 \u00b1 10<\/td>\n<td width=\"76\">-55 &#8211; +120<\/td>\n<td width=\"66\">blanch\u00e2tre<\/td>\n<\/tr>\n<\/tbody>\n<\/table>\n<p>&nbsp;<\/p>\n<p>Ouvrir la fiche technique en cliquant sur le num\u00e9ro principal<\/p>\n<p>&nbsp;<\/p>\n<p><strong>Unit\u00e9s de vente<\/strong><\/p>\n<table>\n<tbody>\n<tr>\n<td width=\"139\"><strong>Num\u00e9ro d&rsquo;article R\u00e9sine<\/strong><\/td>\n<td width=\"77\">Ratio<\/td>\n<td width=\"405\">Unit\u00e9 de vente<\/td>\n<\/tr>\n<tr>\n<td width=\"139\"><strong>GHPB3200\/00800<\/strong><\/td>\n<td width=\"77\">100 : 18<\/td>\n<td width=\"405\">Kit de 0,8 kg de r\u00e9sine et 0,144 kg de durcisseur en bo\u00eete de perforation<\/td>\n<\/tr>\n<\/tbody>\n<\/table>\n<p>&nbsp;<\/p>\n<table>\n<tbody>\n<tr>\n<td width=\"139\"><strong>Num\u00e9ro d&rsquo;article R\u00e9sine<\/strong><\/td>\n<td width=\"77\">Ratio<\/td>\n<td width=\"122\">Unit\u00e9 de vente [kg]<\/td>\n<td width=\"150\"><strong>N\u00b0 d\u2019art. catalyseur<\/strong><\/td>\n<td width=\"133\">Unit\u00e9 de vente [kg]<\/td>\n<\/tr>\n<tr>\n<td width=\"139\"><strong>GHPB3201\/01000<\/strong><\/td>\n<td width=\"77\">100 : 58<\/td>\n<td width=\"122\">1<\/td>\n<td rowspan=\"5\" width=\"150\"><strong>GHPB4918\/01000<\/strong><\/td>\n<td rowspan=\"5\" width=\"133\">1<\/td>\n<\/tr>\n<tr>\n<td width=\"139\"><strong>GHPB3201\/05000<\/strong><\/td>\n<td width=\"77\">100 : 58<\/td>\n<td width=\"122\">5<\/td>\n<\/tr>\n<tr>\n<td width=\"139\"><strong>GHPB3231\/05000<\/strong><\/td>\n<td width=\"77\">100 : 70<\/td>\n<td width=\"122\">5<\/td>\n<\/tr>\n<tr>\n<td width=\"139\"><strong>GHPB3251\/01000<\/strong><\/td>\n<td width=\"77\">100 : 33<\/td>\n<td width=\"122\">1<\/td>\n<\/tr>\n<tr>\n<td width=\"139\"><strong>GHPB3251\/05000<\/strong><\/td>\n<td width=\"77\">100 : 33<\/td>\n<td width=\"122\">5<\/td>\n<\/tr>\n<tr>\n<td width=\"139\"><strong>GHPB3252\/01000<\/strong><\/td>\n<td width=\"77\">3:1<\/td>\n<td width=\"122\">1<\/td>\n<td width=\"150\"><strong>GHPB4916\/01000<\/strong><\/td>\n<td width=\"133\">1<\/td>\n<\/tr>\n<tr>\n<td width=\"139\"><strong>GHPB3252\/25000<\/strong><\/td>\n<td width=\"77\">3:1<\/td>\n<td width=\"122\">25<\/td>\n<td width=\"150\"><strong>GHPB4916\/25000<\/strong><\/td>\n<td width=\"133\">25<\/td>\n<\/tr>\n<\/tbody>\n<\/table>\n<p>&nbsp;<\/p>\n<p>&nbsp;<\/p>\n<p><strong>Note<\/strong><\/p>\n<p>Les fiches techniques sont disponibles sur demande ou en cliquant sur le num\u00e9ro de fiche. Les informations techniques sont donn\u00e9es en toute bonne foi. Elles ne dispensent pas l&rsquo;utilisateur de v\u00e9rifier l&rsquo;ad\u00e9quation du produit par ses propres essais.<\/p>\n<p>&nbsp;<\/p>\n<p>&nbsp;<\/p>\n","protected":false},"excerpt":{"rendered":"<p>&nbsp;<\/p>\n<h5><strong>Bectron\u00ae <\/strong>PB..\u00a0\u00a0Les r\u00e9sines \u00e0 deux composants \u00e0 base de polybutadi\u00e8nes donnent une flexibilit\u00e9 suppl\u00e9mentaire \u00e0 basse temp\u00e9rature et peuvent r\u00e9sister \u00e0 de tr\u00e8s fortes variations de temp\u00e9ratures.<\/h5>\n<p>&nbsp;<\/p>\n<p>&nbsp;<\/p>\n","protected":false},"featured_media":1408,"template":"","meta":{"_acf_changed":false},"product_brand":[],"product_cat":[241,325],"product_tag":[],"class_list":{"0":"post-5760","1":"product","2":"type-product","3":"status-publish","4":"has-post-thumbnail","6":"product_cat-isolants-et-adhesifs-liquides-pour-la-protection-de-lelectronique","7":"product_cat-resines-de-coulee-masses-de-scellement","9":"first","10":"instock","11":"shipping-taxable","12":"purchasable","13":"product-type-simple"},"acf":[],"_links":{"self":[{"href":"https:\/\/schupp.ch\/fr\/wp-json\/wp\/v2\/product\/5760","targetHints":{"allow":["GET"]}}],"collection":[{"href":"https:\/\/schupp.ch\/fr\/wp-json\/wp\/v2\/product"}],"about":[{"href":"https:\/\/schupp.ch\/fr\/wp-json\/wp\/v2\/types\/product"}],"wp:featuredmedia":[{"embeddable":true,"href":"https:\/\/schupp.ch\/fr\/wp-json\/wp\/v2\/media\/1408"}],"wp:attachment":[{"href":"https:\/\/schupp.ch\/fr\/wp-json\/wp\/v2\/media?parent=5760"}],"wp:term":[{"taxonomy":"product_brand","embeddable":true,"href":"https:\/\/schupp.ch\/fr\/wp-json\/wp\/v2\/product_brand?post=5760"},{"taxonomy":"product_cat","embeddable":true,"href":"https:\/\/schupp.ch\/fr\/wp-json\/wp\/v2\/product_cat?post=5760"},{"taxonomy":"product_tag","embeddable":true,"href":"https:\/\/schupp.ch\/fr\/wp-json\/wp\/v2\/product_tag?post=5760"}],"curies":[{"name":"wp","href":"https:\/\/api.w.org\/{rel}","templated":true}]}}