{"id":5763,"date":"2024-01-25T10:29:38","date_gmt":"2024-01-25T09:29:38","guid":{"rendered":"https:\/\/schupp.ch\/p\/gels-de-silicone-a-deux-composants-bectron-sg-reticulant-par-addition\/"},"modified":"2025-11-22T14:02:27","modified_gmt":"2025-11-22T13:02:27","slug":"gels-de-silicone-a-deux-composants-bectron-sg-reticulant-par-addition","status":"publish","type":"product","link":"https:\/\/schupp.ch\/fr\/p\/gels-de-silicone-a-deux-composants-bectron-sg-reticulant-par-addition\/","title":{"rendered":"Gels en silicone \u00e0 deux composants Bectron\u00ae SG, r\u00e9ticulant par addition"},"content":{"rendered":"<p>&nbsp;<\/p>\n<table width=\"662\">\n<tbody>\n<tr>\n<td colspan=\"2\" width=\"206\"><strong>Num\u00e9ro principal<\/strong><\/td>\n<td rowspan=\"2\" width=\"53\">Couleur<\/td>\n<td width=\"69\">Viscosit\u00e9 du m\u00e9lange<\/td>\n<td width=\"55\">Temps<br \/>\nde traitement<\/td>\n<td width=\"60\">Penetration<\/td>\n<td width=\"61\">Conductivit\u00e9 thermique<\/td>\n<td width=\"91\">Temps de durcissement @ 25\u00b0C<\/td>\n<td rowspan=\"2\" width=\"66\">UL (intern)<\/td>\n<\/tr>\n<tr>\n<td width=\"111\"><strong>R\u00e9sine<\/strong><\/td>\n<td width=\"95\"><strong>Durcisseur<\/strong><\/td>\n<td width=\"69\">[mPa*s]<\/td>\n<td width=\"55\">[min]<\/td>\n<td width=\"60\">[mm*10]<\/td>\n<td width=\"61\">[W\/mK]<\/td>\n<td width=\"91\">[h]<\/td>\n<\/tr>\n<tr>\n<td width=\"111\"><strong>GHSG75V1<\/strong><strong>-15<\/strong><\/td>\n<td width=\"95\"><strong>GHSG79V1-15<\/strong><\/td>\n<td width=\"53\">incolore<\/td>\n<td width=\"69\">3000<\/td>\n<td width=\"55\">60<\/td>\n<td width=\"60\">pen15<\/td>\n<td width=\"61\">0,20<\/td>\n<td width=\"91\">12<\/td>\n<td width=\"66\">V0<\/td>\n<\/tr>\n<tr>\n<td width=\"111\"><strong>GHSG75V1<\/strong><strong>-60<\/strong><\/td>\n<td width=\"95\"><strong>GHSG79V1-60<\/strong><\/td>\n<td width=\"53\">incolore<\/td>\n<td width=\"69\">350<\/td>\n<td width=\"55\">120<\/td>\n<td width=\"60\">pen60<\/td>\n<td width=\"61\">0,20<\/td>\n<td width=\"91\">24<\/td>\n<td width=\"66\">V1<\/td>\n<\/tr>\n<tr>\n<td width=\"111\"><strong>GHSG75V1<\/strong><strong>-75<\/strong><\/td>\n<td width=\"95\"><strong>GHSG79V1-75<\/strong><\/td>\n<td width=\"53\">incolore<\/td>\n<td width=\"69\">925<\/td>\n<td width=\"55\">45<\/td>\n<td width=\"60\">pen75<\/td>\n<td width=\"61\">0,20<\/td>\n<td width=\"91\">24<\/td>\n<td width=\"66\">V1<\/td>\n<\/tr>\n<tr>\n<td width=\"111\"><strong>GHSG75L2<\/strong><strong>-30<\/strong><\/td>\n<td width=\"95\"><strong>GHSG79L5-30<\/strong><\/td>\n<td width=\"53\">bleu\u00e2tre<\/td>\n<td width=\"69\">10500<\/td>\n<td width=\"55\">120<\/td>\n<td width=\"60\">pen30<\/td>\n<td width=\"61\">0,90<\/td>\n<td width=\"91\">48<\/td>\n<td width=\"66\">V1<\/td>\n<\/tr>\n<\/tbody>\n<\/table>\n<p>&nbsp;<\/p>\n<p>&nbsp;<\/p>\n<p><strong>Unit\u00e9s de vente<\/strong><\/p>\n<table>\n<tbody>\n<tr>\n<td width=\"139\"><strong>Num\u00e9ro d&rsquo;article R\u00e9sine<\/strong><\/td>\n<td width=\"122\">Unit\u00e9 de vente [kg]<\/td>\n<td width=\"161\"><strong>Num\u00e9ro d&rsquo;article Catalyseur<\/strong><\/td>\n<td width=\"133\">Unit\u00e9 de vente [kg]<\/td>\n<\/tr>\n<tr>\n<td width=\"139\"><strong>GHSG75V1-15\/00950<\/strong><\/td>\n<td width=\"122\">1<\/td>\n<td width=\"161\"><strong>GHSG75V1-15\/00950<\/strong><\/td>\n<td width=\"133\">0,95<\/td>\n<\/tr>\n<tr>\n<td width=\"139\"><strong>GHSH79V1-15\/04000<\/strong><\/td>\n<td width=\"122\">4<\/td>\n<td width=\"161\"><strong>GHSG75V1-15\/04000<\/strong><\/td>\n<td width=\"133\">4<\/td>\n<\/tr>\n<tr>\n<td width=\"139\"><strong>GHSG75V1-60\/00950<\/strong><\/td>\n<td width=\"122\">0,95<\/td>\n<td width=\"161\"><strong>GHSH79V1-60\/00950<\/strong><\/td>\n<td width=\"133\">0,95<\/td>\n<\/tr>\n<tr>\n<td width=\"139\"><strong>GHSG75V1-75\/01000<\/strong><\/td>\n<td width=\"122\">1<\/td>\n<td width=\"161\"><strong>GHSG79V1-75\/01000<\/strong><\/td>\n<td width=\"133\">1<\/td>\n<\/tr>\n<tr>\n<td width=\"139\"><strong>GHSG75V1-75\/25000<\/strong><\/td>\n<td width=\"122\">25<\/td>\n<td width=\"161\"><strong>GHSH79V1-75\/25000<\/strong><\/td>\n<td width=\"133\">25<\/td>\n<\/tr>\n<tr>\n<td width=\"139\"><strong>GHSG75L2-30\/01000<\/strong><\/td>\n<td width=\"122\">1<\/td>\n<td width=\"161\"><strong>GHSG79L5-30\/01000<\/strong><\/td>\n<td width=\"133\">1<\/td>\n<\/tr>\n<tr>\n<td width=\"139\"><strong>GHSG75L2-30\/10000<\/strong><\/td>\n<td width=\"122\">10<\/td>\n<td width=\"161\"><strong>GHSH79L5-30\/10000<\/strong><\/td>\n<td width=\"133\">10<\/td>\n<\/tr>\n<tr>\n<td width=\"139\"><strong>GHSG75L2-30\/30000<\/strong><\/td>\n<td width=\"122\">30<\/td>\n<td width=\"161\"><strong>GHSG79L5-30\/30000<\/strong><\/td>\n<td width=\"133\">30<\/td>\n<\/tr>\n<\/tbody>\n<\/table>\n<p>&nbsp;<\/p>\n<p>&nbsp;<\/p>\n<p><strong>Note<\/strong><\/p>\n<p>Les fiches techniques sont disponibles sur demande ou en cliquant sur le num\u00e9ro de fiche. Les informations techniques sont donn\u00e9es en toute bonne foi. Elles ne dispensent pas l&rsquo;utilisateur de v\u00e9rifier l&rsquo;ad\u00e9quation du produit par ses propres essais.<\/p>\n<p>&nbsp;<\/p>\n","protected":false},"excerpt":{"rendered":"<p>&nbsp;<\/p>\n<h5><strong>La s\u00e9rie Bectron\u00ae SG\u00a0\u00a0<\/strong>est un syst\u00e8me \u00e0 deux composants, qui est r\u00e9ticulant par addition des mat\u00e9riaux tr\u00e8s mous. Pour une simple application tous les produits sont dessin\u00e9s avec une viscosit\u00e9 mince. Les gels durcissent \u00e0 la temp\u00e9rature ambiante. Le processus peut \u00eatre acc\u00e9l\u00e9r\u00e9 par des temp\u00e9ratures enlev\u00e9es l\u00e9g\u00e8rement. Grace \u00e0 de propri\u00e9t\u00e9s \u00e9lastiques et de la r\u00e9sistance \u00e0 la temp\u00e9rature de -45\u00b0C jusqu\u2018 \u00e0 +200 \u00b0C les gels sont appliqu\u00e9s avec de succ\u00e8s pour prot\u00e9ger de l\u2018 \u00e9lectronique sensible contre de vibrations et de stress m\u00e9canique.<\/h5>\n<p>&nbsp;<\/p>\n<p>&nbsp;<\/p>\n","protected":false},"featured_media":1413,"template":"","meta":{"_acf_changed":false},"product_brand":[],"product_cat":[241,325],"product_tag":[],"class_list":{"0":"post-5763","1":"product","2":"type-product","3":"status-publish","4":"has-post-thumbnail","6":"product_cat-isolants-et-adhesifs-liquides-pour-la-protection-de-lelectronique","7":"product_cat-resines-de-coulee-masses-de-scellement","9":"first","10":"instock","11":"shipping-taxable","12":"purchasable","13":"product-type-simple"},"acf":[],"_links":{"self":[{"href":"https:\/\/schupp.ch\/fr\/wp-json\/wp\/v2\/product\/5763","targetHints":{"allow":["GET"]}}],"collection":[{"href":"https:\/\/schupp.ch\/fr\/wp-json\/wp\/v2\/product"}],"about":[{"href":"https:\/\/schupp.ch\/fr\/wp-json\/wp\/v2\/types\/product"}],"wp:featuredmedia":[{"embeddable":true,"href":"https:\/\/schupp.ch\/fr\/wp-json\/wp\/v2\/media\/1413"}],"wp:attachment":[{"href":"https:\/\/schupp.ch\/fr\/wp-json\/wp\/v2\/media?parent=5763"}],"wp:term":[{"taxonomy":"product_brand","embeddable":true,"href":"https:\/\/schupp.ch\/fr\/wp-json\/wp\/v2\/product_brand?post=5763"},{"taxonomy":"product_cat","embeddable":true,"href":"https:\/\/schupp.ch\/fr\/wp-json\/wp\/v2\/product_cat?post=5763"},{"taxonomy":"product_tag","embeddable":true,"href":"https:\/\/schupp.ch\/fr\/wp-json\/wp\/v2\/product_tag?post=5763"}],"curies":[{"name":"wp","href":"https:\/\/api.w.org\/{rel}","templated":true}]}}