{"id":5766,"date":"2024-01-25T10:52:00","date_gmt":"2024-01-25T09:52:00","guid":{"rendered":"https:\/\/schupp.ch\/p\/adhesif-thermoretractable-en-polyester\/"},"modified":"2025-11-09T17:05:41","modified_gmt":"2025-11-09T16:05:41","slug":"adhesif-thermoretractable-en-polyester","status":"publish","type":"product","link":"https:\/\/schupp.ch\/fr\/p\/adhesif-thermoretractable-en-polyester\/","title":{"rendered":"Ruban adh\u00e9sif r\u00e9tractable en polyester (UL)"},"content":{"rendered":"<p>&nbsp;<\/p>\n<p><strong>Donn\u00e9e<\/strong><strong>s techniques<\/strong><\/p>\n<p><strong>Caract\u00e9ristiques :<br \/>\n<\/strong>Adh\u00e9sif polyester thermor\u00e9tractable avec une bonne r\u00e9sistance aux solvants<\/p>\n<p><strong>Tension de claquage :<br \/>\n<\/strong>6000 Veff<\/p>\n<p><strong>Applications :<br \/>\n<\/strong>Isolation de bobines de tous types, rubans de finition, isolation du noyau et des couches interm\u00e9diaires<\/p>\n<p>&nbsp;<\/p>\n<table width=\"643\">\n<tbody>\n<tr>\n<td rowspan=\"2\" width=\"152\"><strong>Num\u00e9ro principal<\/strong><\/td>\n<td rowspan=\"2\" width=\"112\">Mat\u00e9riel de base<\/td>\n<td rowspan=\"2\" width=\"59\">Couleur<\/td>\n<td colspan=\"2\" width=\"234\">\u00c9paisseur [mm]<\/td>\n<td rowspan=\"2\" width=\"85\">Adh\u00e9sif<\/td>\n<\/tr>\n<tr>\n<td width=\"150\">sans adh\u00e9sif<\/td>\n<td width=\"85\">avec adh\u00e9sif<\/td>\n<\/tr>\n<tr>\n<td width=\"152\"><a href=\"https:\/\/nx5412.your-storageshare.de\/s\/N7A8jkgFnFSaoFJ\" target=\"_blank\" rel=\"noopener\">EK11766<\/a><\/td>\n<td width=\"112\">Film r\u00e9tractable<\/td>\n<td width=\"59\">incolore<\/td>\n<td width=\"150\">0,030\u00b110%<\/td>\n<td width=\"85\">0,055\u00b110%<\/td>\n<td width=\"85\">Acrylate<\/td>\n<\/tr>\n<\/tbody>\n<\/table>\n<p>&nbsp;<\/p>\n","protected":false},"excerpt":{"rendered":"<p>&nbsp;<\/p>\n<h5>Ruban adh\u00e9sif thermor\u00e9tractable en polyester pour l&rsquo;isolation ext\u00e9rieure des condensateurs \u00e9lectrolytiques, des bobines d&rsquo;arr\u00eat et des composants \u00e9lectroniques en g\u00e9n\u00e9ral<\/h5>\n<p>&nbsp;<\/p>\n<p>&nbsp;<\/p>\n","protected":false},"featured_media":1438,"template":"","meta":{"_acf_changed":false},"product_brand":[],"product_cat":[165,248],"product_tag":[],"class_list":{"0":"post-5766","1":"product","2":"type-product","3":"status-publish","4":"has-post-thumbnail","6":"product_cat-bandes-techniques","7":"product_cat-rubans-adhesifs-electriques-pour-classe-thermique-b-130-c","9":"first","10":"instock","11":"shipping-taxable","12":"purchasable","13":"product-type-simple"},"acf":[],"_links":{"self":[{"href":"https:\/\/schupp.ch\/fr\/wp-json\/wp\/v2\/product\/5766","targetHints":{"allow":["GET"]}}],"collection":[{"href":"https:\/\/schupp.ch\/fr\/wp-json\/wp\/v2\/product"}],"about":[{"href":"https:\/\/schupp.ch\/fr\/wp-json\/wp\/v2\/types\/product"}],"wp:featuredmedia":[{"embeddable":true,"href":"https:\/\/schupp.ch\/fr\/wp-json\/wp\/v2\/media\/1438"}],"wp:attachment":[{"href":"https:\/\/schupp.ch\/fr\/wp-json\/wp\/v2\/media?parent=5766"}],"wp:term":[{"taxonomy":"product_brand","embeddable":true,"href":"https:\/\/schupp.ch\/fr\/wp-json\/wp\/v2\/product_brand?post=5766"},{"taxonomy":"product_cat","embeddable":true,"href":"https:\/\/schupp.ch\/fr\/wp-json\/wp\/v2\/product_cat?post=5766"},{"taxonomy":"product_tag","embeddable":true,"href":"https:\/\/schupp.ch\/fr\/wp-json\/wp\/v2\/product_tag?post=5766"}],"curies":[{"name":"wp","href":"https:\/\/api.w.org\/{rel}","templated":true}]}}