{"id":5770,"date":"2024-01-25T10:53:35","date_gmt":"2024-01-25T09:53:35","guid":{"rendered":"https:\/\/schupp.ch\/p\/ruban-adhesif-en-polyester-polyester-non-tisse\/"},"modified":"2025-11-09T17:51:17","modified_gmt":"2025-11-09T16:51:17","slug":"ruban-adhesif-en-polyester-polyester-non-tisse","status":"publish","type":"product","link":"https:\/\/schupp.ch\/fr\/p\/ruban-adhesif-en-polyester-polyester-non-tisse\/","title":{"rendered":"Ruban adh\u00e9sif en polyester\/polyester non tiss\u00e9 (adh\u00e9sif double-face)"},"content":{"rendered":"<p>&nbsp;<\/p>\n<p><strong>Donn\u00e9es techniques<\/strong><\/p>\n<p><strong>Tension de claquage :<br \/>\n<\/strong>5000 Veff<\/p>\n<p><strong>Applications :<br \/>\n<\/strong>Isolation de phase, bandages de finition<\/p>\n<p>&nbsp;<\/p>\n<table width=\"643\">\n<tbody>\n<tr>\n<td rowspan=\"2\" width=\"132\"><strong>Num\u00e9ro principal<\/strong><\/td>\n<td rowspan=\"2\" width=\"113\">Mat\u00e9riel de base<\/td>\n<td rowspan=\"2\" width=\"142\">Couleur<\/td>\n<td colspan=\"2\" width=\"151\">\u00c9paisseur [mm]<\/td>\n<td rowspan=\"2\" width=\"104\">Adh\u00e9sif<\/td>\n<\/tr>\n<tr>\n<td width=\"76\">Mat\u00e9riel de base<\/td>\n<td width=\"76\">total<\/td>\n<\/tr>\n<tr>\n<td width=\"132\"><strong>EK12063<\/strong><\/td>\n<td width=\"113\">Polyester (PET)<\/td>\n<td width=\"142\">incolore<\/td>\n<td width=\"76\">0,012\u00b110%<\/td>\n<td width=\"76\">0,092\u00b110%<\/td>\n<td width=\"104\">Caoutchouc<\/td>\n<\/tr>\n<tr>\n<td width=\"132\"><a href=\"https:\/\/nx5412.your-storageshare.de\/s\/zJiGZ8dBejjypka\" target=\"_blank\" rel=\"noopener\">EK12064<\/a><\/td>\n<td width=\"113\">Polyester (PET)<\/td>\n<td width=\"142\">incolore<\/td>\n<td width=\"76\">0,012\u00b110%<\/td>\n<td width=\"76\">0,092\u00b110%<\/td>\n<td width=\"104\">Acrylate<\/td>\n<\/tr>\n<tr>\n<td width=\"132\"><strong>EK12093<\/strong><\/td>\n<td width=\"113\">Polyester (PET)<\/td>\n<td width=\"142\">noir<\/td>\n<td width=\"76\">0,023\u00b110%<\/td>\n<td width=\"76\">0,125\u00b115%<\/td>\n<td width=\"104\">Adh\u00e9sif caoutchouc<\/td>\n<\/tr>\n<\/tbody>\n<\/table>\n<p>&nbsp;<\/p>\n","protected":false},"excerpt":{"rendered":"<p>&nbsp;<\/p>\n<h5>Ruban adh\u00e9sif double face en polyester avec une adh\u00e9rence permanente et \u00e9lev\u00e9e sur les deux faces, bon effet de rembourrage gr\u00e2ce au polyester non tiss\u00e9 et tendance r\u00e9duite \u00e0 la d\u00e9chirure, ruban adh\u00e9sif souple pour l&rsquo;isolation de phase, bandages de finition<\/h5>\n<p>&nbsp;<\/p>\n<p>&nbsp;<\/p>\n","protected":false},"featured_media":4848,"template":"","meta":{"_acf_changed":false},"product_brand":[],"product_cat":[165,248,257],"product_tag":[],"class_list":{"0":"post-5770","1":"product","2":"type-product","3":"status-publish","4":"has-post-thumbnail","6":"product_cat-bandes-techniques","7":"product_cat-rubans-adhesifs-electriques-pour-classe-thermique-b-130-c","8":"product_cat-rubans-adhesifs-double-face","10":"first","11":"instock","12":"shipping-taxable","13":"purchasable","14":"product-type-simple"},"acf":[],"_links":{"self":[{"href":"https:\/\/schupp.ch\/fr\/wp-json\/wp\/v2\/product\/5770","targetHints":{"allow":["GET"]}}],"collection":[{"href":"https:\/\/schupp.ch\/fr\/wp-json\/wp\/v2\/product"}],"about":[{"href":"https:\/\/schupp.ch\/fr\/wp-json\/wp\/v2\/types\/product"}],"wp:featuredmedia":[{"embeddable":true,"href":"https:\/\/schupp.ch\/fr\/wp-json\/wp\/v2\/media\/4848"}],"wp:attachment":[{"href":"https:\/\/schupp.ch\/fr\/wp-json\/wp\/v2\/media?parent=5770"}],"wp:term":[{"taxonomy":"product_brand","embeddable":true,"href":"https:\/\/schupp.ch\/fr\/wp-json\/wp\/v2\/product_brand?post=5770"},{"taxonomy":"product_cat","embeddable":true,"href":"https:\/\/schupp.ch\/fr\/wp-json\/wp\/v2\/product_cat?post=5770"},{"taxonomy":"product_tag","embeddable":true,"href":"https:\/\/schupp.ch\/fr\/wp-json\/wp\/v2\/product_tag?post=5770"}],"curies":[{"name":"wp","href":"https:\/\/api.w.org\/{rel}","templated":true}]}}