{"id":5771,"date":"2024-01-25T10:48:33","date_gmt":"2024-01-25T09:48:33","guid":{"rendered":"https:\/\/schupp.ch\/p\/mastic-detancheite-7510\/"},"modified":"2025-11-21T14:11:07","modified_gmt":"2025-11-21T13:11:07","slug":"mastic-detancheite-7510","status":"publish","type":"product","link":"https:\/\/schupp.ch\/fr\/p\/mastic-detancheite-7510\/","title":{"rendered":"Mastique d\u2019\u00e9tanch\u00e9it\u00e9 7510"},"content":{"rendered":"<p>&nbsp;<\/p>\n<p><strong>Caract\u00e9ristiques :<\/strong><\/p>\n<p>Le mastique d\u2019\u00e9tanch\u00e9it\u00e9 7510 est sans solvant, \u00e0 \u00e9lasticit\u00e9 permanente, gris clair. Sa forme, ses propri\u00e9t\u00e9s \u00e9lastiques et donc son efficacit\u00e9 restent inchang\u00e9es dans une plage de temp\u00e9rature allant de -40\u00b0 C \u00e0 + 50\u00b0 C. Il ne coule pas m\u00eame sur des faces verticales, apr\u00e8s 12 heures \u00e0 180\u00b0 C. Il convient donc pour des \u00e9tanch\u00e9it\u00e9s de courte dur\u00e9e dans cette plage de temp\u00e9rature. Le mastique d\u2019\u00e9tanch\u00e9it\u00e9 7510 ne contient pas de substance promouvant ou encouragent la corrosion, est autocollant et adh\u00e8re sur tout mat\u00e9riau propre et sec. Il n\u2019est pas inflammable, ne contient pas de substance nocives, est physiologiquement neutre et peut \u00eatre form\u00e9 \u00e0 la main.<\/p>\n<p>&nbsp;<\/p>\n<p><strong>Application :<\/strong><\/p>\n<p>La quantit\u00e9 n\u00e9cessaire de mastique d\u2019\u00e9tanch\u00e9it\u00e9 7510 est pr\u00e9form\u00e9 \u00e0 la main et appliqu\u00e9 sur la surface ou enfonc\u00e9 dans le joint \u00e0 \u00e9tancher. Il est conseill\u00e9 d\u2019humidifier la spatule avec un peu d\u2019eau pour un meilleur glissement. En raison de l\u2019effet autocollant et ses tr\u00e8s bonnes propri\u00e9t\u00e9s d\u2019adh\u00e9sion, le mastique d\u2019\u00e9tanch\u00e9it\u00e9 7510 pr\u00e9sente une tr\u00e8s bonne \u00e9tanch\u00e9it\u00e9, m\u00eame avec une faible force d\u2019application, sur presque tous les mat\u00e9riaux. Ceux- ci doivent \u00eatre libre de toute huile ou graisse pour garantir une bonne adh\u00e9sion. Il faut faire particuli\u00e8rement attention aux formes trait\u00e9es avec un produit de s\u00e9paration \u00e0 la silicone.<\/p>\n<p>&nbsp;<\/p>\n<p><strong>Unit\u00e9 de vente<\/strong><\/p>\n<table>\n<tbody>\n<tr>\n<td width=\"120\"><strong>Num\u00e9ro d&rsquo;article<\/strong><\/td>\n<td width=\"108\">Bidon [kg]<\/td>\n<\/tr>\n<tr>\n<td width=\"120\"><strong>DK7510\/16000<\/strong><\/td>\n<td width=\"108\">16<\/td>\n<\/tr>\n<\/tbody>\n<\/table>\n<p>&nbsp;<\/p>\n<p><strong>Note<\/strong><\/p>\n<p>Les fiches techniques sont disponibles sur demande ou en cliquant sur le num\u00e9ro de fiche. Les informations techniques sont donn\u00e9es en toute bonne foi. Elles ne dispensent pas l&rsquo;utilisateur de v\u00e9rifier l&rsquo;ad\u00e9quation du produit par ses propres essais.<\/p>\n<p>&nbsp;<\/p>\n","protected":false},"excerpt":{"rendered":"<p>&nbsp;<\/p>\n<h5>Le mastique d\u2019\u00e9tanch\u00e9it\u00e9 7510 est un mat\u00e9riau d\u2019\u00e9tanch\u00e9it\u00e9 sans solvant, \u00e0 \u00e9lasticit\u00e9 permanente. Il r\u00e9siste \u00e0 la chaleur, au froid et \u00e0 d\u2019autres contraintes m\u00e9t\u00e9orologiques, et garantit ainsi une \u00e9tanch\u00e9it\u00e9 durable et fiable. Les domaines d\u2019application majeurs sont l\u2019\u00e9tanch\u00e9it\u00e9 des joints entre divers mat\u00e9riaux, dans la construction de machines et d\u2019appareils, la construction de r\u00e9frig\u00e9rateurs, la construction automobile et de wagons et l\u2019\u00e9tanch\u00e9it\u00e9 des verres dans le b\u00e2timent en g\u00e9n\u00e9ral. Dans l\u2019\u00e9lectronique le mastique\u00a0d\u2019\u00e9tanch\u00e9it\u00e9 7510 est utilis\u00e9 dans la construction de moteurs pour \u00e9tancher les borniers contre l\u2019humidit\u00e9. Les domaines d\u2019applications sp\u00e9ciaux sont l\u2019\u00e9tanch\u00e9it\u00e9 des passages de c\u00e2ble avec manchons en r\u00e9sine de scellement ainsi que l\u2019\u00e9tanch\u00e9it\u00e9 des t\u00eates de bobine, en particulier des enroulements stabilisateurs qui sont scell\u00e9s avec des masses de scellement, p.ex. au polyur\u00e9thane, \u00e9poxyde ou caoutchouc silicone.<\/h5>\n<p>&nbsp;<\/p>\n","protected":false},"featured_media":4414,"template":"","meta":{"_acf_changed":false},"product_brand":[],"product_cat":[241,249],"product_tag":[],"class_list":{"0":"post-5771","1":"product","2":"type-product","3":"status-publish","4":"has-post-thumbnail","6":"product_cat-isolants-et-adhesifs-liquides-pour-la-protection-de-lelectronique","7":"product_cat-produits-speciaux","9":"first","10":"instock","11":"shipping-taxable","12":"purchasable","13":"product-type-simple"},"acf":[],"_links":{"self":[{"href":"https:\/\/schupp.ch\/fr\/wp-json\/wp\/v2\/product\/5771","targetHints":{"allow":["GET"]}}],"collection":[{"href":"https:\/\/schupp.ch\/fr\/wp-json\/wp\/v2\/product"}],"about":[{"href":"https:\/\/schupp.ch\/fr\/wp-json\/wp\/v2\/types\/product"}],"wp:featuredmedia":[{"embeddable":true,"href":"https:\/\/schupp.ch\/fr\/wp-json\/wp\/v2\/media\/4414"}],"wp:attachment":[{"href":"https:\/\/schupp.ch\/fr\/wp-json\/wp\/v2\/media?parent=5771"}],"wp:term":[{"taxonomy":"product_brand","embeddable":true,"href":"https:\/\/schupp.ch\/fr\/wp-json\/wp\/v2\/product_brand?post=5771"},{"taxonomy":"product_cat","embeddable":true,"href":"https:\/\/schupp.ch\/fr\/wp-json\/wp\/v2\/product_cat?post=5771"},{"taxonomy":"product_tag","embeddable":true,"href":"https:\/\/schupp.ch\/fr\/wp-json\/wp\/v2\/product_tag?post=5771"}],"curies":[{"name":"wp","href":"https:\/\/api.w.org\/{rel}","templated":true}]}}