{"id":5773,"date":"2024-01-25T10:55:37","date_gmt":"2024-01-25T09:55:37","guid":{"rendered":"https:\/\/schupp.ch\/p\/resines-de-coulee-transparentes-pur-resistantes-aux-uv\/"},"modified":"2025-11-22T21:30:56","modified_gmt":"2025-11-22T20:30:56","slug":"resines-de-coulee-transparentes-pur-resistantes-aux-uv","status":"publish","type":"product","link":"https:\/\/schupp.ch\/fr\/p\/resines-de-coulee-transparentes-pur-resistantes-aux-uv\/","title":{"rendered":"R\u00e9sines de coul\u00e9e transparentes PUR (r\u00e9sistantes aux UV)"},"content":{"rendered":"<p>&nbsp;<\/p>\n<table>\n<tbody>\n<tr>\n<td colspan=\"2\" width=\"604\"><strong>\u00a0<\/strong><\/p>\n<h3><strong>R\u00e9sines de coul\u00e9e pour l&rsquo;opto\u00e9lectronique<\/strong><\/h3>\n<p>&nbsp;<\/td>\n<\/tr>\n<tr>\n<td width=\"362\">&nbsp;<\/p>\n<p><strong>Caract\u00e9ristiques sp\u00e9ciales<\/strong><\/p>\n<p>&gt; Enti\u00e8rement transparent<\/p>\n<p>&gt; Stable \u00e0 100% aux UV, ne vieillit pas et ne jaunit pas au soleil<\/p>\n<p>&gt; R\u00e9sistant aux intemp\u00e9ries et au vent<\/p>\n<p>&gt; R\u00e9sistant au chlore et aux eaux salines<\/p>\n<p>&gt; Isolant \u00e9lectrique<\/p>\n<p>&nbsp;<\/td>\n<td width=\"242\"><img loading=\"lazy\" decoding=\"async\" class=\"alignnone wp-image-4808\" src=\"https:\/\/schupp.ch\/wp-content\/uploads\/2024\/01\/PUR_02.jpg\" alt=\"\" width=\"244\" height=\"123\" \/><\/td>\n<\/tr>\n<tr>\n<td width=\"362\">&nbsp;<\/p>\n<p>Les\u00a0r\u00e9sines peuvent \u00eatre produites sp\u00e9cialement en fonction de leurs propri\u00e9t\u00e9s chimiques, m\u00e9caniques ou optiques :<\/p>\n<p>&gt; dur comme du b\u00e9ton ou souple comme du caoutchouc<\/p>\n<p>&gt; color\u00e9s et\/ou phosphorescents<\/p>\n<p>&gt; ignifug\u00e9<\/p>\n<p>&gt;\u00a0troubl\u00e9es pour la diffusion de la lumi\u00e8re<\/p>\n<p>&gt; durcissement acc\u00e9l\u00e9r\u00e9<\/p>\n<p>&gt; durcissement retard\u00e9<\/p>\n<p>&gt; une meilleure adh\u00e9rence<\/p>\n<p>&nbsp;<\/td>\n<td width=\"242\"><img loading=\"lazy\" decoding=\"async\" class=\"alignnone wp-image-4811\" src=\"https:\/\/schupp.ch\/wp-content\/uploads\/2024\/01\/PUR_03.jpg\" alt=\"\" width=\"239\" height=\"231\" \/><\/td>\n<\/tr>\n<tr>\n<td width=\"362\">&nbsp;<\/p>\n<p><strong>Applications<\/strong><\/p>\n<p>&gt; R\u00e9flecteurs et lampes \u00e0 LED<\/p>\n<p>&gt; Profil\u00e9s\/bandes LED flexibles<\/p>\n<p>&gt; Lampes de signalisation, panneaux d&rsquo;information, \u00e9clairage automobile<\/p>\n<p>&gt; Applications DRM (Dynamic Road Marking)<\/p>\n<p>&gt; \u00c9clairage de piscine<\/p>\n<p>&gt; Des \u00ab\u00a0sols lumineux\u00a0\u00bb de grande taille<\/p>\n<p>&gt; Encapsulation de l&rsquo;\u00e9lectronique<\/p>\n<p>&nbsp;<\/p>\n<p>&nbsp;<\/td>\n<td width=\"242\"><img loading=\"lazy\" decoding=\"async\" class=\"alignnone wp-image-4814\" src=\"https:\/\/schupp.ch\/wp-content\/uploads\/2024\/01\/PUR_04.jpg\" alt=\"\" width=\"240\" height=\"224\" \/><\/td>\n<\/tr>\n<tr>\n<td width=\"362\">&nbsp;<\/p>\n<p>Ces r\u00e9sines de polyur\u00e9thane transparentes ont \u00e9t\u00e9 sp\u00e9cialement con\u00e7ues pour les applications d&rsquo;\u00e9clairage et d&rsquo;\u00e9nergie solaire.<\/p>\n<p>Ces polyur\u00e9thanes robustes sont bien adapt\u00e9s aux applications ext\u00e9rieures.<\/p>\n<p>&nbsp;<\/p>\n<p>Ils sont \u00e9galement utilis\u00e9s pour l&rsquo;encapsulation transparente des composants \u00e9lectroniques..<\/p>\n<p>&nbsp;<\/p>\n<p>&nbsp;<\/td>\n<td width=\"242\"><img loading=\"lazy\" decoding=\"async\" class=\"alignnone size-full wp-image-4817\" src=\"https:\/\/schupp.ch\/wp-content\/uploads\/2024\/01\/PUR_01.jpg\" alt=\"\" width=\"282\" height=\"216\" \/><\/td>\n<\/tr>\n<tr>\n<td colspan=\"2\" width=\"604\">&nbsp;<\/p>\n<p><img loading=\"lazy\" decoding=\"async\" class=\"alignnone wp-image-4820\" src=\"https:\/\/schupp.ch\/wp-content\/uploads\/2024\/01\/PUR_07-2-300x30.jpg\" alt=\"\" width=\"620\" height=\"62\" srcset=\"https:\/\/schupp.ch\/wp-content\/uploads\/2024\/01\/PUR_07-2-300x30.jpg 300w, https:\/\/schupp.ch\/wp-content\/uploads\/2024\/01\/PUR_07-2-768x77.jpg 768w, https:\/\/schupp.ch\/wp-content\/uploads\/2024\/01\/PUR_07-2-600x60.jpg 600w, https:\/\/schupp.ch\/wp-content\/uploads\/2024\/01\/PUR_07-2.jpg 857w\" sizes=\"auto, (max-width: 620px) 100vw, 620px\" \/><\/p>\n<p>Lampe lin\u00e9aire \u00e0 LED<\/td>\n<\/tr>\n<\/tbody>\n<\/table>\n<p>&nbsp;<\/p>\n<p><strong>Note<\/strong><\/p>\n<p>Les fiches techniques sont disponibles sur demande ou en cliquant sur le num\u00e9ro de fiche. Les informations techniques sont donn\u00e9es en toute bonne foi. Elles ne dispensent pas l&rsquo;utilisateur de v\u00e9rifier l&rsquo;ad\u00e9quation du produit par ses propres essais.<\/p>\n<p>\u00ae Marques d\u00e9pos\u00e9es \/ \u00a9 Karl Schupp AG<\/p>\n<p>&nbsp;<\/p>\n","protected":false},"excerpt":{"rendered":"<p>&nbsp;<\/p>\n<h5>Ces r\u00e9sines de coul\u00e9e polyur\u00e9thane transparentes ont \u00e9t\u00e9 sp\u00e9cialement d\u00e9velopp\u00e9es pour les applications d\u2019\u00e9nergie solaire et lumineuse. Ces polyur\u00e9thanes tr\u00e8s r\u00e9sistants conviennent parfaitement pour les applications ext\u00e9rieures.\u00a0Mais ils trouvent leur application \u00e9galement dans le moulage transparent en \u00e9lectronique.<\/h5>\n<p>&nbsp;<\/p>\n","protected":false},"featured_media":1444,"template":"","meta":{"_acf_changed":false},"product_brand":[],"product_cat":[241,259],"product_tag":[],"class_list":{"0":"post-5773","1":"product","2":"type-product","3":"status-publish","4":"has-post-thumbnail","6":"product_cat-isolants-et-adhesifs-liquides-pour-la-protection-de-lelectronique","7":"product_cat-resines-de-coulee-transparentes-masses-dencapsulation","9":"first","10":"instock","11":"shipping-taxable","12":"purchasable","13":"product-type-simple"},"acf":[],"_links":{"self":[{"href":"https:\/\/schupp.ch\/fr\/wp-json\/wp\/v2\/product\/5773","targetHints":{"allow":["GET"]}}],"collection":[{"href":"https:\/\/schupp.ch\/fr\/wp-json\/wp\/v2\/product"}],"about":[{"href":"https:\/\/schupp.ch\/fr\/wp-json\/wp\/v2\/types\/product"}],"wp:featuredmedia":[{"embeddable":true,"href":"https:\/\/schupp.ch\/fr\/wp-json\/wp\/v2\/media\/1444"}],"wp:attachment":[{"href":"https:\/\/schupp.ch\/fr\/wp-json\/wp\/v2\/media?parent=5773"}],"wp:term":[{"taxonomy":"product_brand","embeddable":true,"href":"https:\/\/schupp.ch\/fr\/wp-json\/wp\/v2\/product_brand?post=5773"},{"taxonomy":"product_cat","embeddable":true,"href":"https:\/\/schupp.ch\/fr\/wp-json\/wp\/v2\/product_cat?post=5773"},{"taxonomy":"product_tag","embeddable":true,"href":"https:\/\/schupp.ch\/fr\/wp-json\/wp\/v2\/product_tag?post=5773"}],"curies":[{"name":"wp","href":"https:\/\/api.w.org\/{rel}","templated":true}]}}