{"id":5775,"date":"2024-01-25T10:59:42","date_gmt":"2024-01-25T09:59:42","guid":{"rendered":"https:\/\/schupp.ch\/p\/resines-de-fusion-bectron-mr\/"},"modified":"2025-11-20T20:13:03","modified_gmt":"2025-11-20T19:13:03","slug":"resines-de-fusion-bectron-mr","status":"publish","type":"product","link":"https:\/\/schupp.ch\/fr\/p\/resines-de-fusion-bectron-mr\/","title":{"rendered":"R\u00e9sines thermo-fusibles Bectron\u00ae MR"},"content":{"rendered":"<p>&nbsp;<\/p>\n<h5>Propri\u00e9t\u00e9s<\/h5>\n<p>&nbsp;<\/p>\n<table width=\"641\">\n<tbody>\n<tr>\n<td rowspan=\"2\" width=\"99\"><\/td>\n<td rowspan=\"2\" width=\"64\">\u00a0Duret\u00e9<br \/>\n\u00e0 23 \u02daC<\/td>\n<td rowspan=\"2\" width=\"65\">Viscosit\u00e9 \u00e0 18 \u02daC<\/td>\n<td rowspan=\"2\" width=\"55\">Densit\u00e9<\/td>\n<td colspan=\"2\" width=\"89\">R\u00e9sistance volumique rD<\/td>\n<td width=\"79\">R\u00e9sistance de surface Ro<\/td>\n<td width=\"85\">Rigidit\u00e9 di\u00e9lectrique Ed<\/td>\n<td rowspan=\"2\" width=\"88\">Plage de temp\u00e9rature<\/td>\n<\/tr>\n<tr>\n<td width=\"45\">durci<\/td>\n<td width=\"42\">apr\u00e8s 7 jours Bain d&rsquo;eau<\/td>\n<td width=\"79\">durci<\/td>\n<td width=\"85\">durci<\/td>\n<\/tr>\n<tr>\n<td width=\"99\"><strong>Norme<\/strong><\/td>\n<td width=\"64\"><\/td>\n<td width=\"65\">DIN 53018<\/td>\n<td width=\"55\">DIN 53217<\/td>\n<td width=\"45\">VDE 0303<br \/>\nPartie 2<\/td>\n<td width=\"42\">VDE 0303<br \/>\nPartie 3<\/td>\n<td width=\"79\">VDE 0303 partie 3<\/td>\n<td width=\"85\">VDE 0303<br \/>\nPartie 2<\/td>\n<td width=\"88\"><\/td>\n<\/tr>\n<tr>\n<td width=\"99\"><strong>Unit\u00e9<\/strong><\/td>\n<td width=\"64\">\u00a0[Shore A]<\/td>\n<td width=\"65\">[mPas]<\/td>\n<td width=\"55\">[g\/cm3]<\/td>\n<td width=\"45\">[W x cm]<\/td>\n<td width=\"42\">[W x cm]<\/td>\n<td width=\"79\">[W x cm]<\/td>\n<td width=\"85\">[kV\/mm]<\/td>\n<td width=\"88\">[\u02daC]<\/td>\n<\/tr>\n<tr>\n<td width=\"99\"><strong>N\u00b0 principal<\/strong><\/td>\n<td colspan=\"8\" width=\"536\"><\/td>\n<\/tr>\n<tr>\n<td width=\"99\"><a href=\"https:\/\/schupp.ch\/wp-content\/uploads\/2024\/09\/Bectron_MR_3402.pdf\"><strong>SHMR3402<\/strong><\/a><\/td>\n<td width=\"64\">\u00a015 \u00b1 5<\/td>\n<td width=\"65\">8500 \u00b1 1000<\/td>\n<td width=\"55\">0,86<\/td>\n<td width=\"45\">3 x 1015<\/td>\n<td width=\"42\">5 x 1015<\/td>\n<td width=\"79\">5 x 1014<\/td>\n<td width=\"85\">&gt; 30<\/td>\n<td width=\"88\">&#8211; 40 \/+125<\/td>\n<\/tr>\n<tr>\n<td width=\"99\"><a href=\"https:\/\/schupp.ch\/wp-content\/uploads\/2024\/09\/Bectron_MR_3404.pdf\"><strong>SHMR3404<\/strong><\/a><\/td>\n<td width=\"64\">\u00a020 \u00b1 6<\/td>\n<td width=\"65\">1100 \u00b1 400<\/td>\n<td width=\"55\">0,86<\/td>\n<td width=\"45\">3 x 1015<\/td>\n<td width=\"42\">5 x 1015<\/td>\n<td width=\"79\">5 x 1014<\/td>\n<td width=\"85\">&gt; 30<\/td>\n<td width=\"88\">&#8211; 40 \/+105<\/td>\n<\/tr>\n<tr>\n<td width=\"99\"><a href=\"https:\/\/schupp.ch\/wp-content\/uploads\/2024\/09\/Bectron_MR_3406.pdf\"><strong>SHMR3406<\/strong><\/a><\/td>\n<td width=\"64\">\u00a014 \u00b1 4<\/td>\n<td width=\"65\">520 \u00b1 200<\/td>\n<td width=\"55\">0,86<\/td>\n<td width=\"45\">3 x 1015<\/td>\n<td width=\"42\">5 x 1015<\/td>\n<td width=\"79\">5 x 1014<\/td>\n<td width=\"85\">&gt; 30<\/td>\n<td width=\"88\">&#8211; 40 \/+120<\/td>\n<\/tr>\n<tr>\n<td width=\"99\">* <strong>SHMR3406FR<\/strong><\/td>\n<td width=\"64\">\u00a022<\/td>\n<td width=\"65\">600 \u00b1150<\/td>\n<td width=\"55\">0,85<\/td>\n<td width=\"45\">&gt;1015<\/td>\n<td width=\"42\"><\/td>\n<td width=\"79\">&gt;1010<\/td>\n<td width=\"85\">9<\/td>\n<td width=\"88\">&#8211; 40 \/+105<\/td>\n<\/tr>\n<\/tbody>\n<\/table>\n<p>* SSHM3404FR est une version ignifug\u00e9e et est class\u00e9e UL94-V0.<\/p>\n<p>&nbsp;<\/p>\n<p><strong>Unit\u00e9s de vente<\/strong><\/p>\n<table width=\"576\">\n<tbody>\n<tr>\n<td width=\"170\"><strong>Num\u00e9ro d&rsquo;article<\/strong><\/td>\n<td width=\"151\">Unit\u00e9 de vente [kg]<\/td>\n<td width=\"123\">Nombre de blocs<\/td>\n<td width=\"132\">Bloc [kg]<\/td>\n<\/tr>\n<tr>\n<td width=\"170\"><strong>SHMR3402\/00050<\/strong><\/td>\n<td width=\"151\">3<\/td>\n<td width=\"123\">60<\/td>\n<td width=\"132\">0,05<\/td>\n<\/tr>\n<tr>\n<td width=\"170\"><strong>SHMR3402\/00666<\/strong><\/td>\n<td width=\"151\">8<\/td>\n<td width=\"123\">12<\/td>\n<td width=\"132\">0,666<\/td>\n<\/tr>\n<tr>\n<td width=\"170\"><strong>SHMR3404\/00050<\/strong><\/td>\n<td width=\"151\">3<\/td>\n<td width=\"123\">60<\/td>\n<td width=\"132\">0,05<\/td>\n<\/tr>\n<tr>\n<td width=\"170\"><strong>SHMR3404\/00666<\/strong><\/td>\n<td width=\"151\">8<\/td>\n<td width=\"123\">12<\/td>\n<td width=\"132\">0,666<\/td>\n<\/tr>\n<tr>\n<td width=\"170\"><strong>SHMR3406\/00050<\/strong><\/td>\n<td width=\"151\">3<\/td>\n<td width=\"123\">60<\/td>\n<td width=\"132\">0,05<\/td>\n<\/tr>\n<tr>\n<td width=\"170\"><strong>SHMR3406\/00666<\/strong><\/td>\n<td width=\"151\">8<\/td>\n<td width=\"123\">12<\/td>\n<td width=\"132\">0,666<\/td>\n<\/tr>\n<tr>\n<td width=\"170\"><strong>SHMR3406FR\/00050<\/strong><\/td>\n<td width=\"151\">3<\/td>\n<td width=\"123\">60<\/td>\n<td width=\"132\">0,05<\/td>\n<\/tr>\n<tr>\n<td width=\"170\"><strong>SHMR3406FR\/00666<\/strong><\/td>\n<td width=\"151\">8<\/td>\n<td width=\"123\">12<\/td>\n<td width=\"132\">0,666<\/td>\n<\/tr>\n<\/tbody>\n<\/table>\n<p>&nbsp;<\/p>\n<p><strong>Note<\/strong><\/p>\n<p>Les fiches techniques sont disponibles sur demande ou en cliquant sur le num\u00e9ro de fiche. Les informations techniques sont donn\u00e9es en toute bonne foi. Elles ne dispensent pas l&rsquo;utilisateur de v\u00e9rifier l&rsquo;ad\u00e9quation du produit par ses propres essais.<\/p>\n<p>&nbsp;<\/p>\n<p>&nbsp;<\/p>\n","protected":false},"excerpt":{"rendered":"<p>&nbsp;<\/p>\n<h3>R\u00c9SINS THERMO-FUSIBLES BECTRON\u00ae\u00a0 \u00a0MR<\/h3>\n<p>&nbsp;<\/p>\n<h5><strong>Masses de scellement fusibles \u00e0 chaud pour une protection rapide et simple de l\u2019\u00e9lectronique. Polyol\u00e9fine modifi\u00e9, sans solvant et sans COV. Ces r\u00e9sines offrent une meilleure protection contre l\u2019humidit\u00e9, une meilleure adh\u00e9sion et ont des points de fusion inf\u00e9rieurs aux r\u00e9sines fusibles habituelles \u00e0 base de polyamides. Excellentes propri\u00e9t\u00e9s d\u2018isolation \u00e9lectrique et tr\u00e8s bonne adh\u00e9sion sur de nombreux supports. Haute r\u00e9sistance chimique aux acides, alcalis, y compris des solvants polaires, ainsi que contre la formation de champignons.<\/strong><\/h5>\n<h5><strong>Les r\u00e9sines peuvent \u00eatre travaill\u00e9es simplement au pistolet chauffant ou avec des applicateurs chauff\u00e9s. L\u2019enl\u00e8vement de l\u2018enrobage, pour des raisons de r\u00e9paration ou de modification, est tr\u00e8s simple. Le mat\u00e9riau peut \u00eatre coul\u00e9 d\u00e8s 150\u00b0 C. Il se durcit lorsqu\u2018il est refroidi \u00e0 100\u00b0 C. Elle convient tr\u00e8s bien pour des lignes de production avec de gros volumes et des temps de proc\u00e9d\u00e9 courts.<\/strong><\/h5>\n<p>&nbsp;<\/p>\n<p>&nbsp;<\/p>\n<p>&nbsp;<\/p>\n","protected":false},"featured_media":1468,"template":"","meta":{"_acf_changed":false},"product_brand":[],"product_cat":[241,261],"product_tag":[],"class_list":{"0":"post-5775","1":"product","2":"type-product","3":"status-publish","4":"has-post-thumbnail","6":"product_cat-isolants-et-adhesifs-liquides-pour-la-protection-de-lelectronique","7":"product_cat-resines-de-fusion","9":"first","10":"instock","11":"shipping-taxable","12":"purchasable","13":"product-type-simple"},"acf":[],"_links":{"self":[{"href":"https:\/\/schupp.ch\/fr\/wp-json\/wp\/v2\/product\/5775","targetHints":{"allow":["GET"]}}],"collection":[{"href":"https:\/\/schupp.ch\/fr\/wp-json\/wp\/v2\/product"}],"about":[{"href":"https:\/\/schupp.ch\/fr\/wp-json\/wp\/v2\/types\/product"}],"wp:featuredmedia":[{"embeddable":true,"href":"https:\/\/schupp.ch\/fr\/wp-json\/wp\/v2\/media\/1468"}],"wp:attachment":[{"href":"https:\/\/schupp.ch\/fr\/wp-json\/wp\/v2\/media?parent=5775"}],"wp:term":[{"taxonomy":"product_brand","embeddable":true,"href":"https:\/\/schupp.ch\/fr\/wp-json\/wp\/v2\/product_brand?post=5775"},{"taxonomy":"product_cat","embeddable":true,"href":"https:\/\/schupp.ch\/fr\/wp-json\/wp\/v2\/product_cat?post=5775"},{"taxonomy":"product_tag","embeddable":true,"href":"https:\/\/schupp.ch\/fr\/wp-json\/wp\/v2\/product_tag?post=5775"}],"curies":[{"name":"wp","href":"https:\/\/api.w.org\/{rel}","templated":true}]}}