{"id":5778,"date":"2024-01-25T10:56:33","date_gmt":"2024-01-25T09:56:33","guid":{"rendered":"https:\/\/schupp.ch\/p\/ruban-adhesif-en-polyester-polyester-non-tisse-2\/"},"modified":"2025-11-09T18:26:34","modified_gmt":"2025-11-09T17:26:34","slug":"ruban-adhesif-en-polyester-polyester-non-tisse-2","status":"publish","type":"product","link":"https:\/\/schupp.ch\/fr\/p\/ruban-adhesif-en-polyester-polyester-non-tisse-2\/","title":{"rendered":"Ruban adh\u00e9sif en polyester\/polyester non tiss\u00e9 (UL)"},"content":{"rendered":"<p>&nbsp;<\/p>\n<p><strong>Donn\u00e9es techniques<\/strong><\/p>\n<p><strong>Propri\u00e9t\u00e9s :<br \/>\n<\/strong>Bon effet de rembourrage gr\u00e2ce au polyester non tiss\u00e9 et tendance r\u00e9duite \u00e0 la d\u00e9chirure, ruban adh\u00e9sif souple pour l&rsquo;isolation de phase, bandages de finition<\/p>\n<p><strong>Tension de claquage :<br \/>\n<\/strong>Env. 6&rsquo;000 Veff<\/p>\n<p><strong>Applications :<br \/>\n<\/strong>Isolation de phase, bandes de finition<\/p>\n<p><strong>Approbation :<\/strong><br \/>\nList\u00e9 UL 510<\/p>\n<p>&nbsp;<\/p>\n<table width=\"643\">\n<tbody>\n<tr>\n<td rowspan=\"2\" width=\"133\"><strong>Num\u00e9ro principal<\/strong><\/td>\n<td rowspan=\"2\" width=\"217\">Mat\u00e9riel de base<\/td>\n<td rowspan=\"2\" width=\"57\">Couleur<\/td>\n<td colspan=\"2\" width=\"132\">\u00c9paisseur [mm]<\/td>\n<td rowspan=\"2\" width=\"104\">Adh\u00e9sif<\/td>\n<\/tr>\n<tr>\n<td width=\"66\">Mat\u00e9riel de base<\/td>\n<td width=\"66\">total<\/td>\n<\/tr>\n<tr>\n<td width=\"133\"><a href=\"https:\/\/nx5412.your-storageshare.de\/s\/EmEP9iqKTdGMJEc\" target=\"_blank\" rel=\"noopener\">EK16100<\/a><\/td>\n<td width=\"217\">Lamin\u00e9 polyester\/ polyester non tiss\u00e9<\/td>\n<td width=\"57\">blanc<\/td>\n<td width=\"66\">0,023\u00b110%<\/td>\n<td width=\"66\">&#8212;<\/td>\n<td width=\"104\">Caoutchouc<\/td>\n<\/tr>\n<tr>\n<td width=\"133\"><a href=\"https:\/\/nx5412.your-storageshare.de\/s\/n2FRp9gc5oGAwf6\" target=\"_blank\" rel=\"noopener\">EK16101<\/a><\/td>\n<td width=\"217\">Lamin\u00e9 polyester\/ polyester non tiss\u00e9<\/td>\n<td width=\"57\">blanc<\/td>\n<td width=\"66\">0,075\u00b110%<\/td>\n<td width=\"66\">0,125\u00b110%<\/td>\n<td width=\"104\">Caoutchouc<\/td>\n<\/tr>\n<tr>\n<td width=\"133\"><a href=\"https:\/\/nx5412.your-storageshare.de\/s\/TmiCSKKd3arjniW\" target=\"_blank\" rel=\"noopener\">EK16700<\/a><\/td>\n<td width=\"217\">Lamin\u00e9 polyester\/ polyester non tiss\u00e9<\/td>\n<td width=\"57\">blanc<\/td>\n<td width=\"66\">0,036\u00b110%<\/td>\n<td width=\"66\">&#8212;<\/td>\n<td width=\"104\">Caoutchouc<\/td>\n<\/tr>\n<tr>\n<td width=\"133\"><a href=\"https:\/\/nx5412.your-storageshare.de\/s\/L3qtb9BM7xqW6mP\" target=\"_blank\" rel=\"noopener\">EK16701<\/a><\/td>\n<td width=\"217\">Lamin\u00e9 polyester\/ polyester non tiss\u00e9<\/td>\n<td width=\"57\">blanc<\/td>\n<td width=\"66\">0,130\u00b110%<\/td>\n<td width=\"66\">0,180\u00b110%<\/td>\n<td width=\"104\">Caoutchouc<\/td>\n<\/tr>\n<\/tbody>\n<\/table>\n<p>&nbsp;<\/p>\n<p>Les fiches techniques sont disponibles sur demande ou en cliquant sur le num\u00e9ro de fiche.<\/p>\n<p>&nbsp;<\/p>\n","protected":false},"excerpt":{"rendered":"<p>&nbsp;<\/p>\n<h5>Ruban adh\u00e9sif souple et r\u00e9sistant, id\u00e9al pour l&rsquo;isolation de phase des bobines ou comme isolant amortissant lors du soudage manuel.<br \/>\nCe ruban a une haute rigidit\u00e9 di\u00e9lectrique du film PET \u00e0 une excellente adh\u00e9rence sur les surfaces irr\u00e9guli\u00e8res gr\u00e2ce \u00e0 l&rsquo;effet amortissant du non-tiss\u00e9<\/h5>\n<p>&nbsp;<\/p>\n<p>&nbsp;<\/p>\n","protected":false},"featured_media":4848,"template":"","meta":{"_acf_changed":false},"product_brand":[],"product_cat":[165,248],"product_tag":[],"class_list":{"0":"post-5778","1":"product","2":"type-product","3":"status-publish","4":"has-post-thumbnail","6":"product_cat-bandes-techniques","7":"product_cat-rubans-adhesifs-electriques-pour-classe-thermique-b-130-c","9":"first","10":"instock","11":"shipping-taxable","12":"purchasable","13":"product-type-simple"},"acf":[],"_links":{"self":[{"href":"https:\/\/schupp.ch\/fr\/wp-json\/wp\/v2\/product\/5778","targetHints":{"allow":["GET"]}}],"collection":[{"href":"https:\/\/schupp.ch\/fr\/wp-json\/wp\/v2\/product"}],"about":[{"href":"https:\/\/schupp.ch\/fr\/wp-json\/wp\/v2\/types\/product"}],"wp:featuredmedia":[{"embeddable":true,"href":"https:\/\/schupp.ch\/fr\/wp-json\/wp\/v2\/media\/4848"}],"wp:attachment":[{"href":"https:\/\/schupp.ch\/fr\/wp-json\/wp\/v2\/media?parent=5778"}],"wp:term":[{"taxonomy":"product_brand","embeddable":true,"href":"https:\/\/schupp.ch\/fr\/wp-json\/wp\/v2\/product_brand?post=5778"},{"taxonomy":"product_cat","embeddable":true,"href":"https:\/\/schupp.ch\/fr\/wp-json\/wp\/v2\/product_cat?post=5778"},{"taxonomy":"product_tag","embeddable":true,"href":"https:\/\/schupp.ch\/fr\/wp-json\/wp\/v2\/product_tag?post=5778"}],"curies":[{"name":"wp","href":"https:\/\/api.w.org\/{rel}","templated":true}]}}