{"id":5779,"date":"2024-01-25T11:00:28","date_gmt":"2024-01-25T10:00:28","guid":{"rendered":"https:\/\/schupp.ch\/p\/adhesif-polyester-tissu-de-verre\/"},"modified":"2025-11-09T17:23:18","modified_gmt":"2025-11-09T16:23:18","slug":"adhesif-polyester-tissu-de-verre","status":"publish","type":"product","link":"https:\/\/schupp.ch\/fr\/p\/adhesif-polyester-tissu-de-verre\/","title":{"rendered":"Ruban adh\u00e9sif polyester\/tissu de verre"},"content":{"rendered":"<p>&nbsp;<\/p>\n<p><strong>Donn\u00e9s techniques<\/strong><\/p>\n<p><strong>Tension de claquage :<br \/>\n<\/strong>6000 Veff<\/p>\n<p><strong>Applications :<br \/>\n<\/strong>Rubans r\u00e9sistants \u00e0 la d\u00e9chirure et aux chocs dans la construction de moteurs et de transformateurs, protection m\u00e9canique sur les bavures et les asp\u00e9rit\u00e9s<\/p>\n<p><strong>Approbation :<\/strong><br \/>\nList\u00e9e UL 510<\/p>\n<p>&nbsp;<\/p>\n<table>\n<tbody>\n<tr>\n<td width=\"142\"><strong>Num\u00e9ro principal<\/strong><\/td>\n<td width=\"234\">Mat\u00e9riel de base<\/td>\n<td width=\"98\">Couleur<\/td>\n<td width=\"76\">\u00c9paisseur [mm]<\/td>\n<td width=\"85\">Adh\u00e9sif<\/td>\n<\/tr>\n<tr>\n<td width=\"142\"><strong>EK17719 <\/strong><\/td>\n<td width=\"234\">Lamin\u00e9 polyester\/tissu de verre<\/td>\n<td width=\"98\">incolore<\/td>\n<td width=\"76\">0,140\u00b110%<\/td>\n<td width=\"85\">Acrylate<\/td>\n<\/tr>\n<\/tbody>\n<\/table>\n<p>&nbsp;<\/p>\n","protected":false},"excerpt":{"rendered":"<p>&nbsp;<\/p>\n<h5>Ruban extr\u00eamement r\u00e9sistant \u00e0 la d\u00e9chirure avec de bonnes propri\u00e9t\u00e9s de rembourrage, tout en \u00e9tant flexible et adapt\u00e9 aux temp\u00e9ratures \u00e9lev\u00e9es pendant une courte p\u00e9riode gr\u00e2ce au tissu de verre, bonne force d&rsquo;adh\u00e9rence initiale, m\u00eame sur les surfaces in\u00e9gales.<\/h5>\n<p>&nbsp;<\/p>\n<p>&nbsp;<\/p>\n","protected":false},"featured_media":1478,"template":"","meta":{"_acf_changed":false},"product_brand":[],"product_cat":[165,248],"product_tag":[],"class_list":{"0":"post-5779","1":"product","2":"type-product","3":"status-publish","4":"has-post-thumbnail","6":"product_cat-bandes-techniques","7":"product_cat-rubans-adhesifs-electriques-pour-classe-thermique-b-130-c","9":"first","10":"instock","11":"shipping-taxable","12":"purchasable","13":"product-type-simple"},"acf":[],"_links":{"self":[{"href":"https:\/\/schupp.ch\/fr\/wp-json\/wp\/v2\/product\/5779","targetHints":{"allow":["GET"]}}],"collection":[{"href":"https:\/\/schupp.ch\/fr\/wp-json\/wp\/v2\/product"}],"about":[{"href":"https:\/\/schupp.ch\/fr\/wp-json\/wp\/v2\/types\/product"}],"wp:featuredmedia":[{"embeddable":true,"href":"https:\/\/schupp.ch\/fr\/wp-json\/wp\/v2\/media\/1478"}],"wp:attachment":[{"href":"https:\/\/schupp.ch\/fr\/wp-json\/wp\/v2\/media?parent=5779"}],"wp:term":[{"taxonomy":"product_brand","embeddable":true,"href":"https:\/\/schupp.ch\/fr\/wp-json\/wp\/v2\/product_brand?post=5779"},{"taxonomy":"product_cat","embeddable":true,"href":"https:\/\/schupp.ch\/fr\/wp-json\/wp\/v2\/product_cat?post=5779"},{"taxonomy":"product_tag","embeddable":true,"href":"https:\/\/schupp.ch\/fr\/wp-json\/wp\/v2\/product_tag?post=5779"}],"curies":[{"name":"wp","href":"https:\/\/api.w.org\/{rel}","templated":true}]}}