{"id":5782,"date":"2024-01-25T10:57:44","date_gmt":"2024-01-25T09:57:44","guid":{"rendered":"https:\/\/schupp.ch\/p\/resines-de-coulee-serie-pur-transparentes\/"},"modified":"2026-02-25T15:42:11","modified_gmt":"2026-02-25T14:42:11","slug":"resines-de-coulee-serie-pur-transparentes","status":"publish","type":"product","link":"https:\/\/schupp.ch\/fr\/p\/resines-de-coulee-serie-pur-transparentes\/","title":{"rendered":"R\u00e9sines de coul\u00e9e s\u00e9rie PUR transparentes"},"content":{"rendered":"<p>&nbsp;<\/p>\n<table>\n<tbody>\n<tr>\n<td width=\"604\">\n<h5><\/h5>\n<p>&nbsp;<\/p>\n<h5 style=\"text-align: center;\">Exemples d&rsquo;applications<\/h5>\n<p style=\"text-align: center;\"><img loading=\"lazy\" decoding=\"async\" class=\"alignnone wp-image-4798\" src=\"https:\/\/schupp.ch\/wp-content\/uploads\/2024\/01\/PUR_06.jpg\" alt=\"\" width=\"506\" height=\"358\" \/><\/p>\n<p style=\"text-align: center;\">\u00c9clairage d&rsquo;escalier avec lampe lin\u00e9aire \u00e0 LED<\/p>\n<p>&nbsp;<\/p>\n<p style=\"text-align: center;\"><img loading=\"lazy\" decoding=\"async\" class=\"alignnone wp-image-4804\" src=\"https:\/\/schupp.ch\/wp-content\/uploads\/2024\/01\/PUR_07-1-300x30.jpg\" alt=\"\" width=\"780\" height=\"78\" srcset=\"https:\/\/schupp.ch\/wp-content\/uploads\/2024\/01\/PUR_07-1-300x30.jpg 300w, https:\/\/schupp.ch\/wp-content\/uploads\/2024\/01\/PUR_07-1-768x77.jpg 768w, https:\/\/schupp.ch\/wp-content\/uploads\/2024\/01\/PUR_07-1-600x60.jpg 600w, https:\/\/schupp.ch\/wp-content\/uploads\/2024\/01\/PUR_07-1.jpg 857w\" sizes=\"auto, (max-width: 780px) 100vw, 780px\" \/><\/p>\n<p style=\"text-align: center;\">\u00c9clairage lin\u00e9aire \u00e0 LED<\/p>\n<p>&nbsp;<\/td>\n<\/tr>\n<\/tbody>\n<\/table>\n<p>&nbsp;<\/p>\n<table width=\"643\">\n<tbody>\n<tr>\n<td colspan=\"2\" width=\"178\"><\/td>\n<td colspan=\"2\" width=\"147\"><strong>GHPUR435<\/strong><\/td>\n<td colspan=\"2\" width=\"158\"><strong>GHPUR438<\/strong><\/td>\n<td colspan=\"2\" width=\"150\"><strong>GHPUR480<\/strong><\/td>\n<\/tr>\n<tr>\n<td colspan=\"2\" width=\"178\">Gamme de temp\u00e9rature<\/td>\n<td colspan=\"2\" width=\"147\">130\u00b0 C (180\u00b0C 1h)<\/td>\n<td colspan=\"2\" width=\"158\">&#8212;<\/td>\n<td colspan=\"2\" width=\"150\">130\u00b0 C (180\u00b0C 1h)<\/td>\n<\/tr>\n<tr>\n<td width=\"105\">Proportion du m\u00e9lange<\/td>\n<td width=\"71\">R\u00e9sine\/ Durcisseur<\/td>\n<td colspan=\"2\" width=\"147\">100 : 150<\/td>\n<td colspan=\"2\" width=\"158\">100 : 175<\/td>\n<td colspan=\"2\" width=\"150\">100 : 100<\/td>\n<\/tr>\n<tr>\n<td width=\"105\">Caract\u00e9ristiques<\/td>\n<td width=\"71\">Unit\u00e9<\/td>\n<td colspan=\"2\" width=\"147\"><\/td>\n<td colspan=\"2\" width=\"158\"><\/td>\n<td colspan=\"2\" width=\"150\"><\/td>\n<\/tr>\n<tr>\n<td width=\"105\">Densit\u00e9<\/td>\n<td width=\"71\">g\/cm3<\/td>\n<td colspan=\"2\" width=\"147\">1,10<\/td>\n<td colspan=\"2\" width=\"158\">1,10<\/td>\n<td colspan=\"2\" width=\"150\">1,10<\/td>\n<\/tr>\n<tr>\n<td width=\"105\">Viscosit\u00e9<\/td>\n<td width=\"71\">mPas<\/td>\n<td colspan=\"2\" width=\"147\">1000<\/td>\n<td colspan=\"2\" width=\"158\">1500<\/td>\n<td colspan=\"2\" width=\"150\">320<\/td>\n<\/tr>\n<tr>\n<td width=\"105\">Couleur<\/td>\n<td width=\"71\"><\/td>\n<td colspan=\"2\" width=\"147\">transparent<\/td>\n<td colspan=\"2\" width=\"158\">transparent<\/td>\n<td colspan=\"2\" width=\"150\">transparent<\/td>\n<\/tr>\n<tr>\n<td width=\"105\">Nom<\/td>\n<td width=\"71\"><\/td>\n<td width=\"71\"><a href=\"https:\/\/schupp.ch\/wp-content\/uploads\/2024\/09\/Datenblatt_Giessharz_PUR_435_G_en.pdf\"><strong>PUR G<\/strong><\/a><\/td>\n<td width=\"74\"><a href=\"https:\/\/schupp.ch\/wp-content\/uploads\/2024\/09\/Datenblatt_Giessharz_PUR_435_N_en.pdf\"><strong>PUR N<\/strong><\/a><\/td>\n<td width=\"76\"><a href=\"https:\/\/schupp.ch\/wp-content\/uploads\/2024\/09\/Datenblatt_Giessharz_PUR_438_G_en.pdf\"><strong>PUR G<\/strong><\/a><\/td>\n<td width=\"80\"><strong>PUR N<\/strong><\/td>\n<td width=\"72\"><a href=\"https:\/\/schupp.ch\/wp-content\/uploads\/2024\/09\/Datenblatt_Giessharz_PUR_480_G_en.pdf\"><strong>PUR G<\/strong><\/a><\/td>\n<td width=\"76\"><a href=\"https:\/\/schupp.ch\/wp-content\/uploads\/2024\/09\/Datenblatt_Giessharz_PUR_480_N_en.pdf\"><strong>PUR N<\/strong><\/a><\/td>\n<\/tr>\n<tr>\n<td width=\"105\">Densit\u00e9<\/td>\n<td width=\"71\">g\/cm3<\/td>\n<td width=\"71\">1,15<\/td>\n<td width=\"74\">1,15<\/td>\n<td width=\"76\">1,15<\/td>\n<td width=\"80\">1,15<\/td>\n<td width=\"72\">1,15<\/td>\n<td width=\"76\">1,15<\/td>\n<\/tr>\n<tr>\n<td width=\"105\">Viscosit\u00e9<\/td>\n<td width=\"71\">mPas<\/td>\n<td width=\"71\">800<\/td>\n<td width=\"74\">280<\/td>\n<td width=\"76\">800<\/td>\n<td width=\"80\">280<\/td>\n<td width=\"72\">800<\/td>\n<td width=\"76\">280<\/td>\n<\/tr>\n<tr>\n<td width=\"105\">Couleur<\/td>\n<td width=\"71\"><\/td>\n<td colspan=\"2\" width=\"147\">transparent<\/td>\n<td colspan=\"2\" width=\"158\">transparent<\/td>\n<td colspan=\"2\" width=\"150\">transparent<\/td>\n<\/tr>\n<tr>\n<td width=\"105\">Viscosit\u00e9 initiale<\/td>\n<td width=\"71\">mPas<\/td>\n<td width=\"71\">900<\/td>\n<td width=\"74\">550<\/td>\n<td width=\"76\">1200<\/td>\n<td width=\"80\">800<\/td>\n<td width=\"72\">600<\/td>\n<td width=\"76\">300<\/td>\n<\/tr>\n<tr>\n<td width=\"105\">Temps de gel<\/td>\n<td width=\"71\">min<\/td>\n<td width=\"71\">30<\/td>\n<td width=\"74\">30<\/td>\n<td width=\"76\">45<\/td>\n<td width=\"80\">45<\/td>\n<td width=\"72\">30<\/td>\n<td width=\"76\">30<\/td>\n<\/tr>\n<tr>\n<td width=\"105\">Temps de durcissement<\/td>\n<td width=\"71\">h<\/td>\n<td width=\"71\">2<\/td>\n<td width=\"74\">2<\/td>\n<td width=\"76\">1<\/td>\n<td width=\"80\">1,5<\/td>\n<td width=\"72\">2<\/td>\n<td width=\"76\">2<\/td>\n<\/tr>\n<tr>\n<td width=\"105\">Duret\u00e9<\/td>\n<td width=\"71\">A\/D<\/td>\n<td width=\"71\">D50<\/td>\n<td width=\"74\">D 45<\/td>\n<td width=\"76\">D75<\/td>\n<td width=\"80\">D 50<\/td>\n<td width=\"72\">A80 D30<\/td>\n<td width=\"76\">A60 D 25<\/td>\n<\/tr>\n<tr>\n<td colspan=\"2\" width=\"178\">Caract\u00e9ristiques sp\u00e9ciales<\/td>\n<td colspan=\"2\" width=\"147\">UV-stable<\/td>\n<td colspan=\"2\" width=\"158\">UV-stable<\/td>\n<td colspan=\"2\" width=\"150\">UV-stable<\/td>\n<\/tr>\n<tr>\n<td colspan=\"2\" width=\"178\">Application<\/td>\n<td colspan=\"2\" width=\"147\">Opto\u00e9lectronique<\/td>\n<td colspan=\"2\" width=\"158\">Opto\u00e9lectronique<\/td>\n<td colspan=\"2\" width=\"150\">Opto\u00e9lectronique<\/td>\n<\/tr>\n<\/tbody>\n<\/table>\n<p>&nbsp;<\/p>\n<p>Ouvrir la fiche technique en cliquant sur <strong>PUR G<\/strong> ou <strong>PUR N<\/strong>.<\/p>\n<p>&nbsp;<\/p>\n<p><strong>Unit\u00e9s de vente<\/strong><\/p>\n<table>\n<tbody>\n<tr>\n<td width=\"123\"><strong>No. d&rsquo;article<br \/>\n<\/strong><strong>A-Komponente<\/strong><\/td>\n<td width=\"77\">Ratio<\/td>\n<td width=\"122\">Unit\u00e9 de vente<br \/>\n[kg]<\/td>\n<td width=\"111\"><strong>No. d&rsquo;article<br \/>\n<\/strong><strong>B-Komponente<\/strong><\/td>\n<td width=\"133\">Unit\u00e9 de vente<br \/>\n[kg]<\/td>\n<\/tr>\n<tr>\n<td width=\"123\"><strong>GHPUR435\/05000<\/strong><\/td>\n<td width=\"77\">100 : 150<\/td>\n<td width=\"122\">5<\/td>\n<td rowspan=\"3\" width=\"111\"><strong>GHPURG\/05000 GHPURN\/05000<\/strong><\/td>\n<td rowspan=\"3\" width=\"133\">5<\/p>\n<p>5<\/td>\n<\/tr>\n<tr>\n<td width=\"123\"><strong>GHPUR438\/05000<\/strong><\/td>\n<td width=\"77\">100 : 175<\/td>\n<td width=\"122\">5<\/td>\n<\/tr>\n<tr>\n<td width=\"123\"><strong>GHPUR480\/05000<\/strong><\/td>\n<td width=\"77\">100 : 100<\/td>\n<td width=\"122\">5<\/td>\n<\/tr>\n<\/tbody>\n<\/table>\n<p>&nbsp;<\/p>\n<p>&nbsp;<\/p>\n<p><a href=\"https:\/\/schupp.ch\/fr\/p\/resines-de-coulee-serie-pur-transparentes-kopie\/\"><strong>Instructions de traitement<\/strong><\/a><strong> et les questions fr\u00e9quemment pos\u00e9es sur les r\u00e9sines transparentes<\/strong><\/p>\n<p>Avant de mettre en \u0153uvre les r\u00e9sines, veuillez lire les instructions de mise en \u0153uvre ! Les instructions de traitement et les r\u00e9ponses aux questions fr\u00e9quemment pos\u00e9es concernant l&rsquo;encapsulation des r\u00e9sines de coul\u00e9e PUR sont disponibles sur demande. Ces instructions peuvent \u00e9galement \u00eatre t\u00e9l\u00e9charg\u00e9es en cliquant sur &lsquo;Instructions de mise en \u0153uvre&rsquo;.<\/p>\n<p>&nbsp;<\/p>\n<p><strong>Compatibilit\u00e9 chimique des r\u00e9sines transparentes<\/strong><\/p>\n<p>Nous nous ferons un plaisir de vous fournir des informations d\u00e9taill\u00e9es \u00e0 ce sujet. N&rsquo;h\u00e9sitez pas \u00e0 nous contacter.<\/p>\n<p>&nbsp;<\/p>\n<p><strong>Note<\/strong><\/p>\n<p>Les fiches techniques sont disponibles sur demande ou en cliquant sur le num\u00e9ro de fiche. Les informations techniques sont donn\u00e9es en toute bonne foi. Elles ne dispensent pas l&rsquo;utilisateur de v\u00e9rifier l&rsquo;ad\u00e9quation du produit par ses propres essais.<\/p>\n<p>&nbsp;<\/p>\n","protected":false},"excerpt":{"rendered":"<p>&nbsp;<\/p>\n<h5>Les r\u00e9sines de coul\u00e9e sans solvants de la s\u00e9rie PUR sont un syst\u00e8me \u00e0 2 composants. Apr\u00e8s r\u00e9action avec le composant B liquide (PUR G), il se forme un produit solide, flexible, transparent, \u00e9tanche \u00e0 l&rsquo;eau et r\u00e9sistant aux UV. Cette r\u00e9sine de coul\u00e9e est donc particuli\u00e8rement adapt\u00e9e aux applications ext\u00e9rieures.<\/h5>\n<p>&nbsp;<\/p>\n<p>&nbsp;<\/p>\n<p>&nbsp;<\/p>\n","protected":false},"featured_media":4800,"template":"","meta":{"_acf_changed":false},"product_brand":[],"product_cat":[241,259],"product_tag":[],"class_list":{"0":"post-5782","1":"product","2":"type-product","3":"status-publish","4":"has-post-thumbnail","6":"product_cat-isolants-et-adhesifs-liquides-pour-la-protection-de-lelectronique","7":"product_cat-resines-de-coulee-transparentes-masses-dencapsulation","9":"first","10":"instock","11":"shipping-taxable","12":"purchasable","13":"product-type-simple"},"acf":[],"_links":{"self":[{"href":"https:\/\/schupp.ch\/fr\/wp-json\/wp\/v2\/product\/5782","targetHints":{"allow":["GET"]}}],"collection":[{"href":"https:\/\/schupp.ch\/fr\/wp-json\/wp\/v2\/product"}],"about":[{"href":"https:\/\/schupp.ch\/fr\/wp-json\/wp\/v2\/types\/product"}],"wp:featuredmedia":[{"embeddable":true,"href":"https:\/\/schupp.ch\/fr\/wp-json\/wp\/v2\/media\/4800"}],"wp:attachment":[{"href":"https:\/\/schupp.ch\/fr\/wp-json\/wp\/v2\/media?parent=5782"}],"wp:term":[{"taxonomy":"product_brand","embeddable":true,"href":"https:\/\/schupp.ch\/fr\/wp-json\/wp\/v2\/product_brand?post=5782"},{"taxonomy":"product_cat","embeddable":true,"href":"https:\/\/schupp.ch\/fr\/wp-json\/wp\/v2\/product_cat?post=5782"},{"taxonomy":"product_tag","embeddable":true,"href":"https:\/\/schupp.ch\/fr\/wp-json\/wp\/v2\/product_tag?post=5782"}],"curies":[{"name":"wp","href":"https:\/\/api.w.org\/{rel}","templated":true}]}}