{"id":5783,"date":"2024-01-25T11:01:32","date_gmt":"2024-01-25T10:01:32","guid":{"rendered":"https:\/\/schupp.ch\/p\/colle-de-montage-polyurethane-bectron-ar\/"},"modified":"2025-11-22T18:03:15","modified_gmt":"2025-11-22T17:03:15","slug":"colle-de-montage-polyurethane-bectron-ar","status":"publish","type":"product","link":"https:\/\/schupp.ch\/fr\/p\/colle-de-montage-polyurethane-bectron-ar\/","title":{"rendered":"Colle de montage polyur\u00e9thane Bectron\u00ae AR"},"content":{"rendered":"<p>&nbsp;<\/p>\n<table>\n<tbody>\n<tr>\n<td width=\"76\"><\/td>\n<td width=\"52\">Duret\u00e9 @<br \/>\n23 \u02daC<\/td>\n<td width=\"51\">\u00c9longation \u00e0 la rupture<\/td>\n<td width=\"51\">R\u00e9sistance \u00e0 la traction<\/td>\n<td width=\"52\">Viscosit\u00e9 @ 25 \u02daC<\/td>\n<td width=\"43\">Densit\u00e9<\/td>\n<td width=\"46\">NCO- libres<\/p>\n<p>Proportions<\/td>\n<td width=\"62\">R\u00e9sistance volumique rD durcie<\/td>\n<td width=\"59\">R\u00e9sistance de surface<\/td>\n<td width=\"45\">Range de temp\u00e9rature<\/td>\n<td width=\"68\">Rigidit\u00e9 di\u00e9lectrique apr\u00e8s 7 jours dans l\u2019eau<\/td>\n<\/tr>\n<tr>\n<td width=\"76\">Norme<\/td>\n<td width=\"52\"><\/td>\n<td width=\"51\">DIN 53455<\/td>\n<td width=\"51\">DIN 53455<\/td>\n<td width=\"52\">DIN 53018<\/td>\n<td width=\"43\">DIN 53217<\/td>\n<td width=\"46\"><\/td>\n<td width=\"62\">VDE 0303 Teil 2<\/td>\n<td width=\"59\"><\/td>\n<td width=\"45\">VDE 0303 Teil 2<\/td>\n<td width=\"68\"><\/td>\n<\/tr>\n<tr>\n<td width=\"76\">Unit\u00e9<\/td>\n<td width=\"52\">[Shore A]<\/td>\n<td width=\"51\">[%]<\/td>\n<td width=\"51\">[N\/mm2]<\/td>\n<td width=\"52\">[mPas]<\/td>\n<td width=\"43\">[g\/cm3]<\/td>\n<td width=\"46\">[%]<\/td>\n<td width=\"62\">[W x cm]<\/td>\n<td width=\"59\">[W x cm]<\/td>\n<td width=\"45\">[\u02daC]<\/td>\n<td width=\"68\">[kV\/mm]<\/td>\n<\/tr>\n<tr>\n<td width=\"76\"><strong>Artikel-Nr.<\/strong><\/td>\n<td width=\"52\"><\/td>\n<td width=\"51\"><\/td>\n<td width=\"51\"><\/td>\n<td width=\"52\"><\/td>\n<td width=\"43\"><\/td>\n<td width=\"46\"><\/td>\n<td width=\"62\"><\/td>\n<td width=\"59\"><\/td>\n<td width=\"45\"><\/td>\n<td width=\"68\"><\/td>\n<\/tr>\n<tr>\n<td width=\"76\"><a href=\"https:\/\/schupp.ch\/wp-content\/uploads\/2024\/09\/Bectron_AR_4800_N_VP.pdf\">MKAR4800NVP<\/a><\/td>\n<td width=\"52\">55 &#8211; 61<\/td>\n<td width=\"51\">180<\/td>\n<td width=\"51\">3,8<\/td>\n<td width=\"52\">2000 &#8211; 3000<\/td>\n<td width=\"43\">1,05<\/td>\n<td width=\"46\">3,8<\/td>\n<td width=\"62\">7,5 x 1013<\/td>\n<td width=\"59\">&#8211;<\/td>\n<td width=\"45\">&#8211; 50 bis<\/p>\n<p>+ 90<\/td>\n<td width=\"68\">&#8211;<\/td>\n<\/tr>\n<tr>\n<td width=\"76\"><strong><a href=\"https:\/\/schupp.ch\/wp-content\/uploads\/2024\/09\/Bectron_AR_4820_N_.pdf\">MKAR4820N<\/a><\/strong><\/td>\n<td width=\"52\">67<\/td>\n<td width=\"51\">380<\/td>\n<td width=\"51\">4,8<\/td>\n<td width=\"52\">8500 &#8211; 9800<\/td>\n<td width=\"43\">1,05<\/td>\n<td width=\"46\">5,1<\/td>\n<td width=\"62\">2 x 1012<\/td>\n<td width=\"59\">1 x 1012<\/td>\n<td width=\"45\">&#8211; 50 bis +100<\/td>\n<td width=\"68\">&#8211;<\/td>\n<\/tr>\n<tr>\n<td width=\"76\"><strong><a href=\"https:\/\/schupp.ch\/wp-content\/uploads\/2024\/09\/Bectron_AR_4822_N_.pdf\">MKAR4822N<\/a><\/strong><\/td>\n<td width=\"52\">65 -70<\/td>\n<td width=\"51\">300<\/td>\n<td width=\"51\">4,8<\/td>\n<td width=\"52\">ca. 15\u2018000<\/td>\n<td width=\"43\">\u00a0\u00a0\u00a0\u00a0 1,1<\/td>\n<td width=\"46\">4,9<\/td>\n<td width=\"62\">2 x 1012<\/td>\n<td width=\"59\">1 x 1012<\/td>\n<td width=\"45\">&#8211; 50 bis +100<\/td>\n<td width=\"68\">&#8211;<\/td>\n<\/tr>\n<\/tbody>\n<\/table>\n<p>*) contient &lt; 20% de solvants<br \/>\nOuvrir la fiche technique en cliquant sur le num\u00e9ro de la fiche.<\/p>\n<p>&nbsp;<\/p>\n<p>&nbsp;<\/p>\n<p><strong>Unit\u00e9s de vente<\/strong><\/p>\n<table>\n<tbody>\n<tr>\n<td width=\"158\"><strong>Num\u00e9ro d&rsquo;article<\/strong><\/td>\n<td width=\"120\"><strong>Unit\u00e9 de vente [kg]<\/strong><\/td>\n<td width=\"115\"><strong>Nombre de cartouches<\/strong><\/td>\n<td width=\"115\"><strong>Cartouche [kg]<\/strong><\/td>\n<\/tr>\n<tr>\n<td width=\"158\"><strong>MKAR4800NVP\/00050<\/strong><\/td>\n<td width=\"120\">1<\/td>\n<td width=\"115\">20<\/td>\n<td width=\"115\">0,050<\/td>\n<\/tr>\n<tr>\n<td width=\"158\"><strong>MKAR4820N\/00030<\/strong><\/td>\n<td width=\"120\">0,6<\/td>\n<td width=\"115\">20<\/td>\n<td width=\"115\">0,030<\/td>\n<\/tr>\n<tr>\n<td width=\"158\"><strong>MKAR4820N\/00330<\/strong><\/td>\n<td width=\"120\">6,6<\/td>\n<td width=\"115\">20<\/td>\n<td width=\"115\">0,330<\/td>\n<\/tr>\n<tr>\n<td width=\"158\"><strong>MKAR4822N\/00030<\/strong><\/td>\n<td width=\"120\">0,6<\/td>\n<td width=\"115\">20<\/td>\n<td width=\"115\">0,030<\/td>\n<\/tr>\n<\/tbody>\n<\/table>\n<p>&nbsp;<\/p>\n<p><strong>Note<\/strong><\/p>\n<p>Les fiches techniques sont disponibles sur demande ou en cliquant sur le num\u00e9ro de fiche. Les informations techniques sont donn\u00e9es en toute bonne foi. Elles ne dispensent pas l&rsquo;utilisateur de v\u00e9rifier l&rsquo;ad\u00e9quation du produit par ses propres essais.<\/p>\n<p>&nbsp;<\/p>\n<p>&nbsp;<\/p>\n","protected":false},"excerpt":{"rendered":"<p>&nbsp;<\/p>\n<h5><strong>Les colles de montage Bectron\u00ae AR 48<\/strong>..\u00a0 \u00a0sont des colles \u00e0 un composant, sans solvant, \u00e0 base de polyur\u00e9thane. Elles r\u00e9ticulent par l\u2019humidit\u00e9. Le temps de durcissement peut \u00eatre raccourci en augmentant l\u2019humidit\u00e9.<\/h5>\n<p>&nbsp;<\/p>\n<p>&nbsp;<\/p>\n","protected":false},"featured_media":869,"template":"","meta":{"_acf_changed":false},"product_brand":[],"product_cat":[241,263],"product_tag":[],"class_list":{"0":"post-5783","1":"product","2":"type-product","3":"status-publish","4":"has-post-thumbnail","6":"product_cat-isolants-et-adhesifs-liquides-pour-la-protection-de-lelectronique","7":"product_cat-colle-de-montage","9":"first","10":"instock","11":"shipping-taxable","12":"purchasable","13":"product-type-simple"},"acf":[],"_links":{"self":[{"href":"https:\/\/schupp.ch\/fr\/wp-json\/wp\/v2\/product\/5783","targetHints":{"allow":["GET"]}}],"collection":[{"href":"https:\/\/schupp.ch\/fr\/wp-json\/wp\/v2\/product"}],"about":[{"href":"https:\/\/schupp.ch\/fr\/wp-json\/wp\/v2\/types\/product"}],"wp:featuredmedia":[{"embeddable":true,"href":"https:\/\/schupp.ch\/fr\/wp-json\/wp\/v2\/media\/869"}],"wp:attachment":[{"href":"https:\/\/schupp.ch\/fr\/wp-json\/wp\/v2\/media?parent=5783"}],"wp:term":[{"taxonomy":"product_brand","embeddable":true,"href":"https:\/\/schupp.ch\/fr\/wp-json\/wp\/v2\/product_brand?post=5783"},{"taxonomy":"product_cat","embeddable":true,"href":"https:\/\/schupp.ch\/fr\/wp-json\/wp\/v2\/product_cat?post=5783"},{"taxonomy":"product_tag","embeddable":true,"href":"https:\/\/schupp.ch\/fr\/wp-json\/wp\/v2\/product_tag?post=5783"}],"curies":[{"name":"wp","href":"https:\/\/api.w.org\/{rel}","templated":true}]}}