{"id":5785,"date":"2024-01-25T11:04:43","date_gmt":"2024-01-25T10:04:43","guid":{"rendered":"https:\/\/schupp.ch\/p\/stratifie-en-tissu-de-verre\/"},"modified":"2025-11-13T18:24:44","modified_gmt":"2025-11-13T17:24:44","slug":"stratifie-en-tissu-de-verre","status":"publish","type":"product","link":"https:\/\/schupp.ch\/fr\/p\/stratifie-en-tissu-de-verre\/","title":{"rendered":"Ruban lamin\u00e9 en tissu de verre"},"content":{"rendered":"<p>&nbsp;<\/p>\n<p><strong>Caract\u00e9ristiques :<br \/>\n<\/strong>Lamin\u00e9 extr\u00eamement robuste en Nomex<sup>\u00ae<\/sup> impr\u00e9gnable renforc\u00e9 par un tissu de verre, r\u00e9serve de puissance extr\u00eamement \u00e9lev\u00e9e m\u00eame en cas de panne.<\/p>\n<p><strong>Tension de claquage :<br \/>\n<\/strong>2000 Veff<\/p>\n<p><strong>Applications :<br \/>\n<\/strong>Construction de moteurs et de transformateurs<\/p>\n<p>&nbsp;<\/p>\n<table width=\"643\">\n<tbody>\n<tr>\n<td rowspan=\"2\" width=\"132\"><strong>Num\u00e9ro principal<\/strong><\/td>\n<td rowspan=\"2\" width=\"198\">Mat\u00e9riel de base<\/td>\n<td rowspan=\"2\" width=\"66\">Couleur<\/td>\n<td colspan=\"2\" width=\"180\">Poids surfacique [g\/m2]<\/td>\n<td rowspan=\"2\" width=\"66\">Adh\u00e9sif<\/td>\n<\/tr>\n<tr>\n<td width=\"85\">Mat\u00e9riel de base<\/td>\n<td width=\"94\">total<\/td>\n<\/tr>\n<tr>\n<td width=\"132\"><a href=\"https:\/\/nx5412.your-storageshare.de\/s\/tbRD5PJJw3kGLxK\" target=\"_blank\" rel=\"noopener\">EK19708<\/a><\/td>\n<td width=\"198\">Lamin\u00e9 \/Nomex\u00ae- Tissu de verre<\/td>\n<td width=\"66\">blanc<\/td>\n<td width=\"85\">0,170 \u00b1 10 %<\/td>\n<td width=\"94\">0,310 \u00b1 10 %<\/td>\n<td width=\"66\">Acrylate<\/td>\n<\/tr>\n<\/tbody>\n<\/table>\n<p>&nbsp;<\/p>\n<p>Les fiches techniques sont disponibles sur demande ou en cliquant sur le num\u00e9ro de fiche.<\/p>\n<p>&nbsp;<\/p>\n<p><strong>Note de commande \/ num\u00e9ro d&rsquo;article : <\/strong><\/p>\n<p>Exemple : EK18100\/006.0<br \/>\nEK18100 = num\u00e9ro de base<br \/>\n006.0 = largeur en mm<\/p>\n<p>&nbsp;<\/p>\n","protected":false},"excerpt":{"rendered":"<p>&nbsp;<\/p>\n<h5>Lamin\u00e9 extr\u00eamement robuste en Nomex\u00ae impr\u00e9gnable avec renfort en tissu de verre, r\u00e9serve de puissance extr\u00eamement \u00e9lev\u00e9e m\u00eame en cas de panne<\/h5>\n<p>&nbsp;<\/p>\n<p>&nbsp;<\/p>\n<p>&nbsp;<\/p>\n","protected":false},"featured_media":4845,"template":"","meta":{"_acf_changed":false},"product_brand":[],"product_cat":[165,264],"product_tag":[],"class_list":{"0":"post-5785","1":"product","2":"type-product","3":"status-publish","4":"has-post-thumbnail","6":"product_cat-bandes-techniques","7":"product_cat-rubans-adhesifs-electriques-pour-classe-de-chaleur-f-155-c","9":"first","10":"instock","11":"shipping-taxable","12":"purchasable","13":"product-type-simple"},"acf":[],"_links":{"self":[{"href":"https:\/\/schupp.ch\/fr\/wp-json\/wp\/v2\/product\/5785","targetHints":{"allow":["GET"]}}],"collection":[{"href":"https:\/\/schupp.ch\/fr\/wp-json\/wp\/v2\/product"}],"about":[{"href":"https:\/\/schupp.ch\/fr\/wp-json\/wp\/v2\/types\/product"}],"wp:featuredmedia":[{"embeddable":true,"href":"https:\/\/schupp.ch\/fr\/wp-json\/wp\/v2\/media\/4845"}],"wp:attachment":[{"href":"https:\/\/schupp.ch\/fr\/wp-json\/wp\/v2\/media?parent=5785"}],"wp:term":[{"taxonomy":"product_brand","embeddable":true,"href":"https:\/\/schupp.ch\/fr\/wp-json\/wp\/v2\/product_brand?post=5785"},{"taxonomy":"product_cat","embeddable":true,"href":"https:\/\/schupp.ch\/fr\/wp-json\/wp\/v2\/product_cat?post=5785"},{"taxonomy":"product_tag","embeddable":true,"href":"https:\/\/schupp.ch\/fr\/wp-json\/wp\/v2\/product_tag?post=5785"}],"curies":[{"name":"wp","href":"https:\/\/api.w.org\/{rel}","templated":true}]}}