{"id":5787,"date":"2024-01-25T11:02:25","date_gmt":"2024-01-25T10:02:25","guid":{"rendered":"https:\/\/schupp.ch\/p\/colle-silicone-monocomposante-a-base-dalcoxy-bectron-sa\/"},"modified":"2025-11-22T17:55:47","modified_gmt":"2025-11-22T16:55:47","slug":"colle-silicone-monocomposante-a-base-dalcoxy-bectron-sa","status":"publish","type":"product","link":"https:\/\/schupp.ch\/fr\/p\/colle-silicone-monocomposante-a-base-dalcoxy-bectron-sa\/","title":{"rendered":"Colles en alkoxy silicone \u00e0 un composant Bectron\u00ae SA"},"content":{"rendered":"<p>&nbsp;<\/p>\n<table width=\"652\">\n<tbody>\n<tr>\n<td rowspan=\"2\" width=\"106\"><strong>Num\u00e9ro principal<\/strong><\/td>\n<td rowspan=\"2\" width=\"112\">Couleur<\/td>\n<td width=\"85\">Viscosit\u00e9<\/td>\n<td width=\"104\">Temps non -adh\u00e9rent<\/td>\n<td width=\"94\">R\u00e9sistance \u00e0 la traction<\/td>\n<td width=\"66\">Duret\u00e9<\/td>\n<td width=\"85\">\u00c9longation<\/td>\n<\/tr>\n<tr>\n<td width=\"85\">[mPas]<\/td>\n<td width=\"104\">[min]<\/td>\n<td width=\"94\">[Mpa]<\/td>\n<td width=\"66\">[Shore]<\/td>\n<td width=\"85\">[%]<\/td>\n<\/tr>\n<tr>\n<td width=\"106\"><strong>MKSA70P1-15<\/strong><\/td>\n<td width=\"112\">translucide<\/td>\n<td width=\"85\">P\u00e2te<\/td>\n<td width=\"104\">15<\/td>\n<td width=\"94\">2,70<\/td>\n<td width=\"66\">A 15<\/td>\n<td width=\"85\">540<\/td>\n<\/tr>\n<tr>\n<td width=\"106\"><strong>MKSA70L1-30<\/strong><\/td>\n<td width=\"112\">translucide<\/td>\n<td width=\"85\">44000<\/td>\n<td width=\"104\">11<\/td>\n<td width=\"94\">1,05<\/td>\n<td width=\"66\">A30<\/td>\n<td width=\"85\">240<\/td>\n<\/tr>\n<tr>\n<td width=\"106\"><strong>MKSA70P1-30<\/strong><\/td>\n<td width=\"112\">translucide<\/td>\n<td width=\"85\">P\u00e2te<\/td>\n<td width=\"104\">10<\/td>\n<td width=\"94\">2,43<\/td>\n<td width=\"66\">A 30<\/td>\n<td width=\"85\">545<\/td>\n<\/tr>\n<tr>\n<td width=\"106\"><strong>MKSA70P1-34<\/strong><\/td>\n<td width=\"112\">weiss<\/td>\n<td width=\"85\">P\u00e2te<\/td>\n<td width=\"104\">15<\/td>\n<td width=\"94\">2,00<\/td>\n<td width=\"66\">A 34<\/td>\n<td width=\"85\">580<\/td>\n<\/tr>\n<tr>\n<td width=\"106\"><strong>MKSA70V1-36<\/strong><\/td>\n<td width=\"112\">translucide<\/td>\n<td width=\"85\">3200<\/td>\n<td width=\"104\">10<\/td>\n<td width=\"94\">1,52<\/td>\n<td width=\"66\">A 36<\/td>\n<td width=\"85\">141<\/td>\n<\/tr>\n<tr>\n<td width=\"106\"><strong>MKSA79P9-37<\/strong><\/td>\n<td width=\"112\">noir<\/td>\n<td width=\"85\">P\u00e2te<\/td>\n<td width=\"104\">15<\/td>\n<td width=\"94\">2,40<\/td>\n<td width=\"66\">A 37<\/td>\n<td width=\"85\">450<\/td>\n<\/tr>\n<tr>\n<td width=\"106\"><strong>MKSA70P9-60<\/strong><\/td>\n<td width=\"112\">noir<\/td>\n<td width=\"85\">P\u00e2te<\/td>\n<td width=\"104\">3<\/td>\n<td width=\"94\">2,35<\/td>\n<td width=\"66\">A 60<\/td>\n<td width=\"85\">200<\/td>\n<\/tr>\n<\/tbody>\n<\/table>\n<p>&nbsp;<\/p>\n<p><strong>Unit\u00e9s de vente<\/strong><\/p>\n<table>\n<tbody>\n<tr>\n<td width=\"140\"><strong>Num\u00e9ro d&rsquo;article<\/strong><\/td>\n<td width=\"120\">Unit\u00e9 de vente [kg]<\/td>\n<\/tr>\n<tr>\n<td width=\"140\"><strong>MKSA70P1-15\/00315<\/strong><\/td>\n<td width=\"120\">0,315<\/td>\n<\/tr>\n<tr>\n<td width=\"140\"><strong>MKSA70L1-30\/00325<\/strong><\/td>\n<td width=\"120\">0,325<\/td>\n<\/tr>\n<tr>\n<td width=\"140\"><strong>MKSA70P1-30\/00340<\/strong><\/td>\n<td width=\"120\">0,340<\/td>\n<\/tr>\n<tr>\n<td width=\"140\"><strong>MKSA70P1-34\/00465<\/strong><\/td>\n<td width=\"120\">0,465<\/td>\n<\/tr>\n<tr>\n<td width=\"140\"><strong>MKSA70V1-36\/00320<\/strong><\/td>\n<td width=\"120\">0,320<\/td>\n<\/tr>\n<tr>\n<td width=\"140\"><strong>MKSA70P9-37\/00465<\/strong><\/td>\n<td width=\"120\">0,465<\/td>\n<\/tr>\n<tr>\n<td width=\"140\"><strong>MKSA70P9-60\/00395<\/strong><\/td>\n<td width=\"120\">0,395<\/td>\n<\/tr>\n<\/tbody>\n<\/table>\n<p>&nbsp;<\/p>\n<p><strong>Note<\/strong><\/p>\n<p>Les fiches techniques sont disponibles sur demande ou en cliquant sur le num\u00e9ro de fiche. Les informations techniques sont donn\u00e9es en toute bonne foi. Elles ne dispensent pas l&rsquo;utilisateur de v\u00e9rifier l&rsquo;ad\u00e9quation du produit par ses propres essais.<\/p>\n<p>&nbsp;<\/p>\n","protected":false},"excerpt":{"rendered":"<p>&nbsp;<\/p>\n<h5>Les colles Bectron\u00ae SA en alkoxy silicone \u00e0 un composant sont appropri\u00e9es particuli\u00e8rement \u00e0 l\u2018 application dans d\u2018 appareils, qui sont sensibles \u00e0 la corrosion. Les colles se caract\u00e9risent par une bonne adh\u00e9rence sur de diff\u00e9rents supports, de bons propri\u00e9t\u00e9s di\u00e9lectriques et une r\u00e9sistance \u00e0 la temp\u00e9rature de -55 \u00b0C jusqu\u2018 \u00e0 + 200 \u00b0C. Elles produisent de connections flexibles dans de modules \u00e9lectroniques et de bo\u00eetiers.<\/h5>\n<p>&nbsp;<\/p>\n","protected":false},"featured_media":1483,"template":"","meta":{"_acf_changed":false},"product_brand":[],"product_cat":[241,263],"product_tag":[],"class_list":{"0":"post-5787","1":"product","2":"type-product","3":"status-publish","4":"has-post-thumbnail","6":"product_cat-isolants-et-adhesifs-liquides-pour-la-protection-de-lelectronique","7":"product_cat-colle-de-montage","9":"first","10":"instock","11":"shipping-taxable","12":"purchasable","13":"product-type-simple"},"acf":[],"_links":{"self":[{"href":"https:\/\/schupp.ch\/fr\/wp-json\/wp\/v2\/product\/5787","targetHints":{"allow":["GET"]}}],"collection":[{"href":"https:\/\/schupp.ch\/fr\/wp-json\/wp\/v2\/product"}],"about":[{"href":"https:\/\/schupp.ch\/fr\/wp-json\/wp\/v2\/types\/product"}],"wp:featuredmedia":[{"embeddable":true,"href":"https:\/\/schupp.ch\/fr\/wp-json\/wp\/v2\/media\/1483"}],"wp:attachment":[{"href":"https:\/\/schupp.ch\/fr\/wp-json\/wp\/v2\/media?parent=5787"}],"wp:term":[{"taxonomy":"product_brand","embeddable":true,"href":"https:\/\/schupp.ch\/fr\/wp-json\/wp\/v2\/product_brand?post=5787"},{"taxonomy":"product_cat","embeddable":true,"href":"https:\/\/schupp.ch\/fr\/wp-json\/wp\/v2\/product_cat?post=5787"},{"taxonomy":"product_tag","embeddable":true,"href":"https:\/\/schupp.ch\/fr\/wp-json\/wp\/v2\/product_tag?post=5787"}],"curies":[{"name":"wp","href":"https:\/\/api.w.org\/{rel}","templated":true}]}}