{"id":5790,"date":"2024-01-25T11:07:22","date_gmt":"2024-01-25T10:07:22","guid":{"rendered":"https:\/\/schupp.ch\/p\/bande-adhesive-en-tissu-de-verre\/"},"modified":"2025-11-09T14:09:57","modified_gmt":"2025-11-09T13:09:57","slug":"bande-adhesive-en-tissu-de-verre","status":"publish","type":"product","link":"https:\/\/schupp.ch\/fr\/p\/bande-adhesive-en-tissu-de-verre\/","title":{"rendered":"Ruban adh\u00e9sive en tissu de verre avec ah\u00e9sif acrylique"},"content":{"rendered":"<p>&nbsp;<\/p>\n<p><strong>Caract\u00e9ristiques :<br \/>\n<\/strong>Gr\u00e2ce \u00e0 l&rsquo;adh\u00e9sif caoutchouc, force d&rsquo;adh\u00e9sion initiale \u00e9lev\u00e9e.<\/p>\n<p><strong>Tension de claquage :<br \/>\n<\/strong>2500 Veff<\/p>\n<p><strong>Applications :<br \/>\n<\/strong>Utilisation dans la construction de transformateurs et de moteurs<\/p>\n<p>&nbsp;<\/p>\n<table width=\"643\">\n<tbody>\n<tr>\n<td width=\"132\"><strong>Num\u00e9ro principal<\/strong><\/td>\n<td width=\"113\">Mat\u00e9riel de base<\/td>\n<td width=\"151\">Couleur<\/td>\n<td width=\"123\">\u00c9paisseur [mm]<\/td>\n<td width=\"123\">Adh\u00e9sif<\/td>\n<\/tr>\n<tr>\n<td width=\"132\"><a href=\"https:\/\/nx5412.your-storageshare.de\/s\/jSixqmZkFde8Wqr\" target=\"_blank\" rel=\"noopener\">EK84160<\/a><\/td>\n<td width=\"113\">Tissu de verre<\/td>\n<td width=\"151\">blanc<\/td>\n<td width=\"123\">160 \u00b1 10 %<\/td>\n<td width=\"123\">Caoutchouc<\/td>\n<\/tr>\n<\/tbody>\n<\/table>\n<p>Les fiches techniques sont disponibles sur demande ou en cliquant sur le num\u00e9ro de fiche.<\/p>\n<p>&nbsp;<\/p>\n<p><strong>Note de commande \/ num\u00e9ro d&rsquo;article : <\/strong><\/p>\n<p>Exemple : EK84160\/006.0<br \/>\nEK84160 = num\u00e9ro de base<br \/>\n006.0 = largeur en mm<\/p>\n<p>&nbsp;<\/p>\n","protected":false},"excerpt":{"rendered":"<p>&nbsp;<\/p>\n<h5>Ruban adh\u00e9sif robuste en tissu de verre pour la construction de moteurs et de transformateurs, pour le regroupement et l&rsquo;isolation, avec une bonne adh\u00e9rence initiale et une bonne adh\u00e9rence \u00e0 lui-m\u00eame.<\/h5>\n<p>&nbsp;<\/p>\n<p>&nbsp;<\/p>\n","protected":false},"featured_media":4845,"template":"","meta":{"_acf_changed":false},"product_brand":[],"product_cat":[165,248],"product_tag":[],"class_list":{"0":"post-5790","1":"product","2":"type-product","3":"status-publish","4":"has-post-thumbnail","6":"product_cat-bandes-techniques","7":"product_cat-rubans-adhesifs-electriques-pour-classe-thermique-b-130-c","9":"first","10":"instock","11":"shipping-taxable","12":"purchasable","13":"product-type-simple"},"acf":[],"_links":{"self":[{"href":"https:\/\/schupp.ch\/fr\/wp-json\/wp\/v2\/product\/5790","targetHints":{"allow":["GET"]}}],"collection":[{"href":"https:\/\/schupp.ch\/fr\/wp-json\/wp\/v2\/product"}],"about":[{"href":"https:\/\/schupp.ch\/fr\/wp-json\/wp\/v2\/types\/product"}],"wp:featuredmedia":[{"embeddable":true,"href":"https:\/\/schupp.ch\/fr\/wp-json\/wp\/v2\/media\/4845"}],"wp:attachment":[{"href":"https:\/\/schupp.ch\/fr\/wp-json\/wp\/v2\/media?parent=5790"}],"wp:term":[{"taxonomy":"product_brand","embeddable":true,"href":"https:\/\/schupp.ch\/fr\/wp-json\/wp\/v2\/product_brand?post=5790"},{"taxonomy":"product_cat","embeddable":true,"href":"https:\/\/schupp.ch\/fr\/wp-json\/wp\/v2\/product_cat?post=5790"},{"taxonomy":"product_tag","embeddable":true,"href":"https:\/\/schupp.ch\/fr\/wp-json\/wp\/v2\/product_tag?post=5790"}],"curies":[{"name":"wp","href":"https:\/\/api.w.org\/{rel}","templated":true}]}}