{"id":5791,"date":"2024-01-25T11:03:13","date_gmt":"2024-01-25T10:03:13","guid":{"rendered":"https:\/\/schupp.ch\/p\/ruban-adhesif-en-papier-crepe-polyester\/"},"modified":"2025-11-09T16:44:17","modified_gmt":"2025-11-09T15:44:17","slug":"ruban-adhesif-en-papier-crepe-polyester","status":"publish","type":"product","link":"https:\/\/schupp.ch\/fr\/p\/ruban-adhesif-en-papier-crepe-polyester\/","title":{"rendered":"Ruban adh\u00e9sif en papier cr\u00eap\u00e9 polyester"},"content":{"rendered":"<p>&nbsp;<\/p>\n<p><strong>Donn\u00e9es techniques<\/strong><\/p>\n<p><strong>Caract\u00e9ristiques :<br \/>\n<\/strong>Haute rigidit\u00e9 di\u00e9lectrique gr\u00e2ce au film polyester, r\u00e9sistance exceptionnelle \u00e0 la d\u00e9chirure et aux chocs, bonne absorption de l&rsquo;impr\u00e9gnation, pouvoir adh\u00e9sif \u00e9lev\u00e9.<\/p>\n<p><strong>Tension de claquage :<br \/>\n<\/strong>6000 Veff<\/p>\n<p><strong>Applications :<br \/>\n<\/strong>Construction de moteurs et de transformateurs, masquage des points de soudure et de brasage, bandage d&rsquo;extr\u00e9mit\u00e9 de bobine.<\/p>\n<p>&nbsp;<\/p>\n<table width=\"639\">\n<tbody>\n<tr>\n<td width=\"132\"><strong>Num\u00e9ro principal<\/strong><\/td>\n<td width=\"246\">Mat\u00e9riel de base<\/td>\n<td width=\"91\">Couleur<\/td>\n<td width=\"76\">\u00c9paisseur [mm]<\/td>\n<td width=\"94\">Adh\u00e9sif<\/td>\n<\/tr>\n<tr>\n<td width=\"132\"><a href=\"https:\/\/nx5412.your-storageshare.de\/s\/3cQmTmKjQBkwAmm\" target=\"_blank\" rel=\"noopener\">EK18100<\/a><\/td>\n<td rowspan=\"2\" width=\"246\">Lamin\u00e9 polyester\/papier cr\u00eap\u00e9 impr\u00e9gn\u00e9<\/td>\n<td rowspan=\"2\" width=\"91\">chamois<\/td>\n<td rowspan=\"2\" width=\"76\">0,260\u00b110%<\/td>\n<td width=\"94\">Caoutchouc<\/td>\n<\/tr>\n<tr>\n<td width=\"132\"><a href=\"https:\/\/nx5412.your-storageshare.de\/s\/L2RPTLcY2qYRgT2\" target=\"_blank\" rel=\"noopener\">EK18102<\/a><\/td>\n<td width=\"94\">Acrylate<\/td>\n<\/tr>\n<\/tbody>\n<\/table>\n<p>&nbsp;<\/p>\n","protected":false},"excerpt":{"rendered":"<p>&nbsp;<\/p>\n<h5>Ruban adh\u00e9sif cr\u00eape rigide, isolant et \u00e9galisateur, renforc\u00e9 par un film polyester suppl\u00e9mentaire, par exemple pour la fixation des extr\u00e9mit\u00e9s de ruban.<\/h5>\n<p>&nbsp;<\/p>\n<p>&nbsp;<\/p>\n","protected":false},"featured_media":4826,"template":"","meta":{"_acf_changed":false},"product_brand":[],"product_cat":[165,248],"product_tag":[],"class_list":{"0":"post-5791","1":"product","2":"type-product","3":"status-publish","4":"has-post-thumbnail","6":"product_cat-bandes-techniques","7":"product_cat-rubans-adhesifs-electriques-pour-classe-thermique-b-130-c","9":"first","10":"instock","11":"shipping-taxable","12":"purchasable","13":"product-type-simple"},"acf":[],"_links":{"self":[{"href":"https:\/\/schupp.ch\/fr\/wp-json\/wp\/v2\/product\/5791","targetHints":{"allow":["GET"]}}],"collection":[{"href":"https:\/\/schupp.ch\/fr\/wp-json\/wp\/v2\/product"}],"about":[{"href":"https:\/\/schupp.ch\/fr\/wp-json\/wp\/v2\/types\/product"}],"wp:featuredmedia":[{"embeddable":true,"href":"https:\/\/schupp.ch\/fr\/wp-json\/wp\/v2\/media\/4826"}],"wp:attachment":[{"href":"https:\/\/schupp.ch\/fr\/wp-json\/wp\/v2\/media?parent=5791"}],"wp:term":[{"taxonomy":"product_brand","embeddable":true,"href":"https:\/\/schupp.ch\/fr\/wp-json\/wp\/v2\/product_brand?post=5791"},{"taxonomy":"product_cat","embeddable":true,"href":"https:\/\/schupp.ch\/fr\/wp-json\/wp\/v2\/product_cat?post=5791"},{"taxonomy":"product_tag","embeddable":true,"href":"https:\/\/schupp.ch\/fr\/wp-json\/wp\/v2\/product_tag?post=5791"}],"curies":[{"name":"wp","href":"https:\/\/api.w.org\/{rel}","templated":true}]}}