{"id":5794,"date":"2024-01-25T11:08:58","date_gmt":"2024-01-25T10:08:58","guid":{"rendered":"https:\/\/schupp.ch\/p\/rubans-adhesifs-pen\/"},"modified":"2025-11-13T19:05:35","modified_gmt":"2025-11-13T18:05:35","slug":"rubans-adhesifs-pen","status":"publish","type":"product","link":"https:\/\/schupp.ch\/fr\/p\/rubans-adhesifs-pen\/","title":{"rendered":"Rubans adh\u00e9sifs PEN"},"content":{"rendered":"<p>&nbsp;<\/p>\n<p><strong>Propri\u00e9t\u00e9s :<br \/>\n<\/strong>Traitement similaire aux rubans adh\u00e9sifs en polyester, mais r\u00e9sistance \u00e0 la temp\u00e9rature plus \u00e9lev\u00e9e, bonne r\u00e9sistance aux impr\u00e9gnations, adh\u00e9sif souple. <strong>EK61200 <\/strong>comme <strong>EK61100<\/strong>, mais beaucoup plus r\u00e9sistant \u00e0 la d\u00e9chirure gr\u00e2ce au tissu de verre<\/p>\n<p><strong>Tension de claquage :<br \/>\n<\/strong>5500<sub>Vef f<\/sub><\/p>\n<p><strong>Applications :<br \/>\n<\/strong>Bandages r\u00e9sistants \u00e0 la d\u00e9chirure et aux chocs dans la construction de moteurs et de transformateurs, protection m\u00e9canique sur les bavures et les asp\u00e9rit\u00e9s<\/p>\n<p><strong>Approbation :<\/strong> list\u00e9e UL 510<\/p>\n<p>&nbsp;<\/p>\n<table>\n<tbody>\n<tr>\n<td width=\"121\"><strong>Num\u00e9ro principal<\/strong><\/td>\n<td width=\"121\">Mat\u00e9riel de base<\/td>\n<td width=\"121\">Couleur<\/td>\n<td width=\"121\">\u00c9paisseur [mm]<\/td>\n<td width=\"121\">Adh\u00e9sif<\/td>\n<\/tr>\n<tr>\n<td width=\"121\"><a href=\"https:\/\/nx5412.your-storageshare.de\/s\/mpG8ncQZfGDEb9b\" target=\"_blank\" rel=\"noopener\">EK61100<\/a><\/td>\n<td width=\"121\">PEN (polyethylene naphthalate)<\/td>\n<td width=\"121\">transparent<\/td>\n<td width=\"121\">0,070\u00b110%<\/td>\n<td width=\"121\">Acrylate<\/td>\n<\/tr>\n<tr>\n<td width=\"121\"><a href=\"https:\/\/nx5412.your-storageshare.de\/s\/C2fyzSNsFKEH5re\" target=\"_blank\" rel=\"noopener\">EK61200<\/a><\/td>\n<td width=\"121\">Stratifi\u00e9 PEN\u2044 Tissu de verre<\/td>\n<td width=\"121\">blanc<\/td>\n<td width=\"121\">0,140\u00b110%<\/td>\n<td width=\"121\">Acrylate<\/td>\n<\/tr>\n<\/tbody>\n<\/table>\n<p>&nbsp;<\/p>\n","protected":false},"excerpt":{"rendered":"<p>&nbsp;<\/p>\n<h5>Ruban isolant autocollant pr\u00e9sentant d&rsquo;excellentes propri\u00e9t\u00e9s \u00e9lectriques, les meilleures performances thermiques parmi les films polyester et un adh\u00e9sif acrylique puissant. \u00c9galement disponible dans une version \u00e0 \u00e9paisseur d&rsquo;adh\u00e9sif r\u00e9duite.<\/h5>\n<p>&nbsp;<\/p>\n<p>&nbsp;<\/p>\n","protected":false},"featured_media":1489,"template":"","meta":{"_acf_changed":false},"product_brand":[],"product_cat":[165,264],"product_tag":[],"class_list":{"0":"post-5794","1":"product","2":"type-product","3":"status-publish","4":"has-post-thumbnail","6":"product_cat-bandes-techniques","7":"product_cat-rubans-adhesifs-electriques-pour-classe-de-chaleur-f-155-c","9":"first","10":"instock","11":"shipping-taxable","12":"purchasable","13":"product-type-simple"},"acf":[],"_links":{"self":[{"href":"https:\/\/schupp.ch\/fr\/wp-json\/wp\/v2\/product\/5794","targetHints":{"allow":["GET"]}}],"collection":[{"href":"https:\/\/schupp.ch\/fr\/wp-json\/wp\/v2\/product"}],"about":[{"href":"https:\/\/schupp.ch\/fr\/wp-json\/wp\/v2\/types\/product"}],"wp:featuredmedia":[{"embeddable":true,"href":"https:\/\/schupp.ch\/fr\/wp-json\/wp\/v2\/media\/1489"}],"wp:attachment":[{"href":"https:\/\/schupp.ch\/fr\/wp-json\/wp\/v2\/media?parent=5794"}],"wp:term":[{"taxonomy":"product_brand","embeddable":true,"href":"https:\/\/schupp.ch\/fr\/wp-json\/wp\/v2\/product_brand?post=5794"},{"taxonomy":"product_cat","embeddable":true,"href":"https:\/\/schupp.ch\/fr\/wp-json\/wp\/v2\/product_cat?post=5794"},{"taxonomy":"product_tag","embeddable":true,"href":"https:\/\/schupp.ch\/fr\/wp-json\/wp\/v2\/product_tag?post=5794"}],"curies":[{"name":"wp","href":"https:\/\/api.w.org\/{rel}","templated":true}]}}