{"id":5795,"date":"2024-01-25T11:13:10","date_gmt":"2024-01-25T10:13:10","guid":{"rendered":"https:\/\/schupp.ch\/p\/ruban-adhesif-etfe\/"},"modified":"2025-11-13T17:15:27","modified_gmt":"2025-11-13T16:15:27","slug":"ruban-adhesif-etfe","status":"publish","type":"product","link":"https:\/\/schupp.ch\/fr\/p\/ruban-adhesif-etfe\/","title":{"rendered":"Ruban adh\u00e9sif ETFE"},"content":{"rendered":"<p>&nbsp;<\/p>\n<p><strong>Propri\u00e9t\u00e9s<br \/>\n<\/strong>Film tr\u00e8s \u00e9lastique offrant de bonnes propri\u00e9t\u00e9s pour l&rsquo;isolation des couches interm\u00e9diaires, en remplacement du film \u00e0 plis, pour la r\u00e9paration de toitures en film plastique, tr\u00e8s bonne r\u00e9sistance \u00e0 l&rsquo;effet corona.<\/p>\n<p><strong>Applications<br \/>\n<\/strong>Bandages enroul\u00e9s, s\u00e9paration de phases, extr\u00e9mit\u00e9s de bobines et\u00a0 r\u00e9parations de toitures en film plastique.<\/p>\n<p>&nbsp;<\/p>\n<table width=\"643\">\n<tbody>\n<tr>\n<td rowspan=\"2\" width=\"132\"><strong>Num\u00e9ro principal<\/strong><\/td>\n<td rowspan=\"2\" width=\"76\">Mat\u00e9riel de base<\/td>\n<td rowspan=\"2\" width=\"94\">Couleur<\/td>\n<td colspan=\"2\" width=\"151\">\u00c9paisseur [mm]<\/td>\n<td rowspan=\"2\" width=\"67\">Adh\u00e9sif<\/td>\n<td rowspan=\"2\" width=\"38\">V<sub>eff<\/sub><\/td>\n<td rowspan=\"2\" width=\"85\"><\/td>\n<\/tr>\n<tr>\n<td width=\"76\">sans adh\u00e9sif<\/td>\n<td width=\"76\">avec adh\u00e9sif<\/td>\n<\/tr>\n<tr>\n<td width=\"132\"><a href=\"https:\/\/nx5412.your-storageshare.de\/s\/sg5L3dJcQANjqqn\" target=\"_blank\" rel=\"noopener\">EK77700<\/a><\/td>\n<td width=\"76\">Film ETFE<\/td>\n<td width=\"94\">transparent<\/td>\n<td width=\"76\">0,100\u00b110%<\/td>\n<td width=\"76\">0,160,1\u00b110%<\/td>\n<td width=\"67\">Polysiloxane<\/td>\n<td width=\"38\">3&rsquo;000<\/td>\n<td width=\"85\">-40 &#8211; +155\u00b0C<\/td>\n<\/tr>\n<tr>\n<td width=\"132\"><a href=\"https:\/\/nx5412.your-storageshare.de\/s\/5a9mHyTr2o4FzsX\" target=\"_blank\" rel=\"noopener\">EK77701<\/a><\/td>\n<td width=\"76\">Film ETFE<\/td>\n<td width=\"94\">transparent<\/td>\n<td width=\"76\">0,100\u00b110%<\/td>\n<td width=\"76\">0,160,1\u00b110%<\/td>\n<td width=\"67\">Polysiloxane<\/td>\n<td width=\"38\">4&rsquo;000<\/td>\n<td width=\"85\">-55 &#8211; +155\u00b0C<\/td>\n<\/tr>\n<tr>\n<td width=\"132\"><a href=\"https:\/\/nx5412.your-storageshare.de\/s\/t5j8b9P45smJLsg\" target=\"_blank\" rel=\"noopener\">EK77703<\/a><\/td>\n<td width=\"76\">Film ETFE<\/td>\n<td width=\"94\">transparent<\/td>\n<td width=\"76\">0,110\u00b110%<\/td>\n<td width=\"76\">0,220,1\u00b110%<\/td>\n<td width=\"67\">Polysiloxane<\/td>\n<td width=\"38\">8&rsquo;000<\/td>\n<td width=\"85\">-40 &#8211; +155\u00b0C<\/td>\n<\/tr>\n<\/tbody>\n<\/table>\n<p>&nbsp;<\/p>\n","protected":false},"excerpt":{"rendered":"<p>&nbsp;<\/p>\n<h5>Ruban adh\u00e9sif extr\u00eamement r\u00e9sistant aux intemp\u00e9ries avec rembourrage membraneux en ETFE pour la r\u00e9paration de toitures en film plastique. Le ruban est r\u00e9sistant au jaunissement et au vieillissement.<\/h5>\n<p>&nbsp;<\/p>\n<p>&nbsp;<\/p>\n","protected":false},"featured_media":1496,"template":"","meta":{"_acf_changed":false},"product_brand":[],"product_cat":[165,264,229],"product_tag":[],"class_list":{"0":"post-5795","1":"product","2":"type-product","3":"status-publish","4":"has-post-thumbnail","6":"product_cat-bandes-techniques","7":"product_cat-rubans-adhesifs-electriques-pour-classe-de-chaleur-f-155-c","8":"product_cat-bandes-et-applications-speciales","10":"first","11":"instock","12":"shipping-taxable","13":"purchasable","14":"product-type-simple"},"acf":[],"_links":{"self":[{"href":"https:\/\/schupp.ch\/fr\/wp-json\/wp\/v2\/product\/5795","targetHints":{"allow":["GET"]}}],"collection":[{"href":"https:\/\/schupp.ch\/fr\/wp-json\/wp\/v2\/product"}],"about":[{"href":"https:\/\/schupp.ch\/fr\/wp-json\/wp\/v2\/types\/product"}],"wp:featuredmedia":[{"embeddable":true,"href":"https:\/\/schupp.ch\/fr\/wp-json\/wp\/v2\/media\/1496"}],"wp:attachment":[{"href":"https:\/\/schupp.ch\/fr\/wp-json\/wp\/v2\/media?parent=5795"}],"wp:term":[{"taxonomy":"product_brand","embeddable":true,"href":"https:\/\/schupp.ch\/fr\/wp-json\/wp\/v2\/product_brand?post=5795"},{"taxonomy":"product_cat","embeddable":true,"href":"https:\/\/schupp.ch\/fr\/wp-json\/wp\/v2\/product_cat?post=5795"},{"taxonomy":"product_tag","embeddable":true,"href":"https:\/\/schupp.ch\/fr\/wp-json\/wp\/v2\/product_tag?post=5795"}],"curies":[{"name":"wp","href":"https:\/\/api.w.org\/{rel}","templated":true}]}}