{"id":5797,"date":"2024-01-25T11:10:13","date_gmt":"2024-01-25T10:10:13","guid":{"rendered":"https:\/\/schupp.ch\/p\/adhesif-lamine-en-polyester-nomex\/"},"modified":"2025-11-13T18:47:14","modified_gmt":"2025-11-13T17:47:14","slug":"adhesif-lamine-en-polyester-nomex","status":"publish","type":"product","link":"https:\/\/schupp.ch\/fr\/p\/adhesif-lamine-en-polyester-nomex\/","title":{"rendered":"Ruban adh\u00e9sif lamin\u00e9 en Polyester\/Nomex\u00ae."},"content":{"rendered":"<p>&nbsp;<\/p>\n<p><strong>Caract\u00e9ristiques :<br \/>\n<\/strong>Lamin\u00e9 fin en Nomex\u00ae et film polyester, ce qui le rend ind\u00e9chirable et lui conf\u00e8re une bonne r\u00e9sistance \u00e0 la tension. Utilisable \u00e0 l&rsquo;\u00e9tat impr\u00e9gn\u00e9 pour la classe F.<\/p>\n<p><strong>Tension de claquage :<br \/>\n<\/strong>5&rsquo;500<sub>Veff<\/sub><\/p>\n<p><strong>Applications :<br \/>\n<\/strong>Bandages de t\u00eate de bobine, s\u00e9paration de phase et terminaison de bobine<\/p>\n<p>&nbsp;<\/p>\n<table width=\"643\">\n<tbody>\n<tr>\n<td rowspan=\"2\" width=\"132\"><strong>Num\u00e9ro principal<\/strong><\/td>\n<td rowspan=\"2\" width=\"85\">Mat\u00e9riel de base<\/td>\n<td rowspan=\"2\" width=\"85\">Couleur<\/td>\n<td colspan=\"2\" width=\"199\">\u00c9paisseur [mm]<\/td>\n<td rowspan=\"2\" width=\"141\">Ah\u00e9sif<\/td>\n<\/tr>\n<tr>\n<td width=\"95\">Mat\u00e9riel de base<\/td>\n<td width=\"104\">total<\/td>\n<\/tr>\n<tr>\n<td width=\"132\"><a href=\"https:\/\/nx5412.your-storageshare.de\/s\/BjZ5qWnRRL3na8X\" target=\"_blank\" rel=\"noopener\">EK65838<\/a><\/td>\n<td width=\"85\">Nomex<sup>\u00ae<\/sup>\u00a0 410<\/td>\n<td width=\"85\">chamois<\/td>\n<td width=\"95\">environ 0,090<\/td>\n<td width=\"104\">0,135\u00b110%<\/td>\n<td width=\"141\">Caoutchouc<\/td>\n<\/tr>\n<tr>\n<td width=\"132\"><a href=\"https:\/\/nx5412.your-storageshare.de\/s\/eBdCjyK2smTK8x4\" target=\"_blank\" rel=\"noopener\">EK65839<\/a><\/td>\n<td width=\"85\">Nomex<sup>\u00ae<\/sup>\u00a0 410<\/td>\n<td width=\"85\">chamois<\/td>\n<td width=\"95\">0,090 \u00b1 10 %<\/td>\n<td width=\"104\">0,140 \u00b1 10 %<\/td>\n<td width=\"141\">Caoutchouc<\/td>\n<\/tr>\n<\/tbody>\n<\/table>\n<p>&nbsp;<\/p>\n","protected":false},"excerpt":{"rendered":"<p>&nbsp;<\/p>\n<h5>Lamin\u00e9 flexible compos\u00e9 de papier Nomex\u00ae et d&rsquo;un film PET, haute rigidit\u00e9 di\u00e9lectrique, pouvant \u00eatre trait\u00e9 avec des vernis d&rsquo;impr\u00e9gnation, utilis\u00e9 comme isolant dans la construction de moteurs \u00e9lectriques et de g\u00e9n\u00e9rateurs.<\/h5>\n<p>&nbsp;<\/p>\n<p>&nbsp;<\/p>\n","protected":false},"featured_media":4842,"template":"","meta":{"_acf_changed":false},"product_brand":[],"product_cat":[165,264],"product_tag":[],"class_list":{"0":"post-5797","1":"product","2":"type-product","3":"status-publish","4":"has-post-thumbnail","6":"product_cat-bandes-techniques","7":"product_cat-rubans-adhesifs-electriques-pour-classe-de-chaleur-f-155-c","9":"first","10":"instock","11":"shipping-taxable","12":"purchasable","13":"product-type-simple"},"acf":[],"_links":{"self":[{"href":"https:\/\/schupp.ch\/fr\/wp-json\/wp\/v2\/product\/5797","targetHints":{"allow":["GET"]}}],"collection":[{"href":"https:\/\/schupp.ch\/fr\/wp-json\/wp\/v2\/product"}],"about":[{"href":"https:\/\/schupp.ch\/fr\/wp-json\/wp\/v2\/types\/product"}],"wp:featuredmedia":[{"embeddable":true,"href":"https:\/\/schupp.ch\/fr\/wp-json\/wp\/v2\/media\/4842"}],"wp:attachment":[{"href":"https:\/\/schupp.ch\/fr\/wp-json\/wp\/v2\/media?parent=5797"}],"wp:term":[{"taxonomy":"product_brand","embeddable":true,"href":"https:\/\/schupp.ch\/fr\/wp-json\/wp\/v2\/product_brand?post=5797"},{"taxonomy":"product_cat","embeddable":true,"href":"https:\/\/schupp.ch\/fr\/wp-json\/wp\/v2\/product_cat?post=5797"},{"taxonomy":"product_tag","embeddable":true,"href":"https:\/\/schupp.ch\/fr\/wp-json\/wp\/v2\/product_tag?post=5797"}],"curies":[{"name":"wp","href":"https:\/\/api.w.org\/{rel}","templated":true}]}}