{"id":5803,"date":"2024-01-25T11:16:37","date_gmt":"2024-01-25T10:16:37","guid":{"rendered":"https:\/\/schupp.ch\/p\/bande-adhesive-en-tissu-de-verre-2\/"},"modified":"2025-11-13T18:03:39","modified_gmt":"2025-11-13T17:03:39","slug":"bande-adhesive-en-tissu-de-verre-2","status":"publish","type":"product","link":"https:\/\/schupp.ch\/fr\/p\/bande-adhesive-en-tissu-de-verre-2\/","title":{"rendered":"Ruban adh\u00e9sive en tissu de verre"},"content":{"rendered":"<p>&nbsp;<\/p>\n<p><strong>Caract\u00e9ristiques :<br \/>\n<\/strong>Meilleure r\u00e9sistance aux impr\u00e9gnations gr\u00e2ce \u00e0 l&rsquo;adh\u00e9sif acrylique.<\/p>\n<p><strong>Tension de claquage :<br \/>\n<\/strong>2&rsquo;500 Veff<\/p>\n<p><strong>Applications :<br \/>\n<\/strong>Construction de moteurs et de transformateurs<\/p>\n<p><strong>Approbation :<\/strong><br \/>\nList\u00e9 UL 510<\/p>\n<p>&nbsp;<\/p>\n<table width=\"643\">\n<tbody>\n<tr>\n<td rowspan=\"2\" width=\"152\"><strong>Num\u00e9ro principal<\/strong><\/td>\n<td rowspan=\"2\" width=\"92\">Mat\u00e9riel de base<\/td>\n<td rowspan=\"2\" width=\"172\">Couleur<\/td>\n<td colspan=\"2\" width=\"161\">\u00c9paisseur [mm]<\/td>\n<td rowspan=\"2\" width=\"66\">Adh\u00e9sif<\/td>\n<\/tr>\n<tr>\n<td width=\"85\">sans adh\u00e9sif<\/td>\n<td width=\"76\">avec adh\u00e9sif<\/td>\n<\/tr>\n<tr>\n<td width=\"152\"><a href=\"https:\/\/nx5412.your-storageshare.de\/s\/Kcb7fc7raDDF6JY\" target=\"_blank\" rel=\"noopener\">EK84170<\/a><\/td>\n<td width=\"92\">Tissu de verre<\/td>\n<td width=\"172\">blanc<\/td>\n<td width=\"85\">0,120\u00b110%<\/td>\n<td width=\"76\">0,170\u00b110%<\/td>\n<td width=\"66\">Acrylate<\/td>\n<\/tr>\n<\/tbody>\n<\/table>\n<p>&nbsp;<\/p>\n<p>Largeurs disponibles de stock : Rouleaux de 15, 19, 25 et 30 mm de largeur<\/p>\n<p>Les fiches techniques sont disponibles sur demande ou en cliquant sur le num\u00e9ro de fiche.<\/p>\n<p>&nbsp;<\/p>\n<p><strong>Num\u00e9ro d&rsquo;article : <\/strong><\/p>\n<p>Exemple : EK84170\/006.0<br \/>\nEK841700 = num\u00e9ro matricule<br \/>\n006.0 = largeur en mm<\/p>\n<p>&nbsp;<\/p>\n","protected":false},"excerpt":{"rendered":"<p>&nbsp;<\/p>\n<h5><strong>Ruban adh\u00e9sif robuste en tissu de verre pour la construction de moteurs et de transformateurs, pour le regroupement et l&rsquo;isolation, avec une bonne adh\u00e9rence initiale et une bonne adh\u00e9rence \u00e0 lui-m\u00eame.<\/strong><\/h5>\n<p>&nbsp;<\/p>\n","protected":false},"featured_media":4845,"template":"","meta":{"_acf_changed":false},"product_brand":[],"product_cat":[165,264],"product_tag":[],"class_list":{"0":"post-5803","1":"product","2":"type-product","3":"status-publish","4":"has-post-thumbnail","6":"product_cat-bandes-techniques","7":"product_cat-rubans-adhesifs-electriques-pour-classe-de-chaleur-f-155-c","9":"first","10":"instock","11":"shipping-taxable","12":"purchasable","13":"product-type-simple"},"acf":[],"_links":{"self":[{"href":"https:\/\/schupp.ch\/fr\/wp-json\/wp\/v2\/product\/5803","targetHints":{"allow":["GET"]}}],"collection":[{"href":"https:\/\/schupp.ch\/fr\/wp-json\/wp\/v2\/product"}],"about":[{"href":"https:\/\/schupp.ch\/fr\/wp-json\/wp\/v2\/types\/product"}],"wp:featuredmedia":[{"embeddable":true,"href":"https:\/\/schupp.ch\/fr\/wp-json\/wp\/v2\/media\/4845"}],"wp:attachment":[{"href":"https:\/\/schupp.ch\/fr\/wp-json\/wp\/v2\/media?parent=5803"}],"wp:term":[{"taxonomy":"product_brand","embeddable":true,"href":"https:\/\/schupp.ch\/fr\/wp-json\/wp\/v2\/product_brand?post=5803"},{"taxonomy":"product_cat","embeddable":true,"href":"https:\/\/schupp.ch\/fr\/wp-json\/wp\/v2\/product_cat?post=5803"},{"taxonomy":"product_tag","embeddable":true,"href":"https:\/\/schupp.ch\/fr\/wp-json\/wp\/v2\/product_tag?post=5803"}],"curies":[{"name":"wp","href":"https:\/\/api.w.org\/{rel}","templated":true}]}}